{"id":17340,"date":"2026-02-27T00:34:38","date_gmt":"2026-02-27T00:34:38","guid":{"rendered":"https:\/\/nordicmart.andreevmaster.com\/product\/minidekorativa-trummor-present-for-en-musiker-bmd-012\/"},"modified":"2026-02-27T08:24:19","modified_gmt":"2026-02-27T08:24:19","slug":"minidekorativa-trummor-present-for-en-musiker-bmd-012","status":"publish","type":"product","link":"https:\/\/nordicmart.andreevmaster.com\/sv\/produkt\/minidekorativa-trummor-present-for-en-musiker-bmd-012\/","title":{"rendered":"Minidekorativa Trummor \u2013 Present f\u00f6r en Musiker \u2013 BMD-012"},"content":{"rendered":"<p>Minidekorativa Trummor \u2013 Present f\u00f6r en Musiker \u2013 BMD-012&nbsp;&nbsp;BMD-012 minitrummor \u00e4r den perfekta presenten f\u00f6r alla musikfantaster eller trumslagare. Perfekt att placera p\u00e5 ett skrivbord, en hylla eller n\u00e5gon annan plats d\u00e4r den kan p\u00e5minna om passionen f\u00f6r rytm och musik. En fantastisk presentid\u00e9 som kommer att gl\u00e4dja alla trumfantaster!&nbsp;&nbsp;Produktinformation:&nbsp;M\u00e5tt: h\u00f6jd 10 cmF\u00e4rg: r\u00f6d, vit, svartSkala 1:10Samlarobjekt&nbsp;Observera att slagverket &ldquo;spelar inte&rdquo; \u2013 det \u00e4r bara ett dekorativt f\u00f6rem\u00e5lMaterial: plast, metallPresent f\u00f6r en musikfantast.Present f\u00f6r en trumslagare&nbsp;Perfekt som present:&nbsp;f\u00f6r en trumslagar ef\u00f6r ett rock-, jazz- eller metalfanf\u00f6r f\u00f6delsedagar, h\u00f6gtider eller som en liten presentf\u00f6r kontoret, studion, musikrummet&nbsp;<\/p>\n","protected":false},"excerpt":{"rendered":"<p>Minidekorativa Trummor \u2013 Present f\u00f6r en Musiker \u2013 BMD-012&nbsp;&nbsp;BMD-012 minitrummor \u00e4r den perfekta presenten f\u00f6r alla musikfantaster eller trumslagare. Perfekt att placera p\u00e5 ett skrivbord, en hylla eller n\u00e5gon annan plats d\u00e4r den kan p\u00e5minna om passionen f\u00f6r rytm och musik. En fantastisk presentid\u00e9 som kommer att gl\u00e4dja alla trumfantaster!&nbsp;&nbsp;Produktinformation:&nbsp;M\u00e5tt: h\u00f6jd 10 cmF\u00e4rg: r\u00f6d, vit, [&hellip;]<\/p>\n","protected":false},"featured_media":44759,"comment_status":"open","ping_status":"closed","template":"","meta":[],"product_brand":[],"product_cat":[33],"product_tag":[],"class_list":{"0":"post-17340","1":"product","2":"type-product","3":"status-publish","4":"has-post-thumbnail","6":"product_cat-okategoriserad","8":"first","9":"instock","10":"shipping-taxable","11":"purchasable","12":"product-type-simple"},"_links":{"self":[{"href":"https:\/\/nordicmart.andreevmaster.com\/sv\/wp-json\/wp\/v2\/product\/17340","targetHints":{"allow":["GET"]}}],"collection":[{"href":"https:\/\/nordicmart.andreevmaster.com\/sv\/wp-json\/wp\/v2\/product"}],"about":[{"href":"https:\/\/nordicmart.andreevmaster.com\/sv\/wp-json\/wp\/v2\/types\/product"}],"replies":[{"embeddable":true,"href":"https:\/\/nordicmart.andreevmaster.com\/sv\/wp-json\/wp\/v2\/comments?post=17340"}],"wp:featuredmedia":[{"embeddable":true,"href":"https:\/\/nordicmart.andreevmaster.com\/sv\/wp-json\/wp\/v2\/media\/44759"}],"wp:attachment":[{"href":"https:\/\/nordicmart.andreevmaster.com\/sv\/wp-json\/wp\/v2\/media?parent=17340"}],"wp:term":[{"taxonomy":"product_brand","embeddable":true,"href":"https:\/\/nordicmart.andreevmaster.com\/sv\/wp-json\/wp\/v2\/product_brand?post=17340"},{"taxonomy":"product_cat","embeddable":true,"href":"https:\/\/nordicmart.andreevmaster.com\/sv\/wp-json\/wp\/v2\/product_cat?post=17340"},{"taxonomy":"product_tag","embeddable":true,"href":"https:\/\/nordicmart.andreevmaster.com\/sv\/wp-json\/wp\/v2\/product_tag?post=17340"}],"curies":[{"name":"wp","href":"https:\/\/api.w.org\/{rel}","templated":true}]}}