{"id":17339,"date":"2026-02-27T00:34:37","date_gmt":"2026-02-27T00:34:37","guid":{"rendered":"https:\/\/nordicmart.andreevmaster.com\/product\/mini-dekorativa-trummor-present-till-en-musiker-bmd-003\/"},"modified":"2026-02-27T08:24:18","modified_gmt":"2026-02-27T08:24:18","slug":"mini-dekorativa-trummor-present-till-en-musiker-bmd-003","status":"publish","type":"product","link":"https:\/\/nordicmart.andreevmaster.com\/sv\/produkt\/mini-dekorativa-trummor-present-till-en-musiker-bmd-003\/","title":{"rendered":"Mini dekorativa trummor \u2013 present till en musiker \u2013 BMD-003"},"content":{"rendered":"<p>Mini dekorativa trummor \u2013 present till en musiker \u2013 BMD-003&nbsp;&nbsp;BMD-003 mini-trummor \u00e4r den perfekta presenten till alla musik\u00e4lskare eller trummisar. Perfekt att placera p\u00e5 ett skrivbord, en hylla eller n\u00e5gon annan plats d\u00e4r den kan p\u00e5minna dig om din passion f\u00f6r rytm och musik. Det \u00e4r en fantastisk presentid\u00e9 som kommer att gl\u00e4dja alla trumentusiaster!&nbsp;&nbsp;Produktinformation:&nbsp;&nbsp;M\u00e5tt: H\u00f6jd 10 cmF\u00e4rg: silver, svartSkala 1:10SamlarobjektObservera att trumman &ldquo;inte kan spelas&rdquo; \u2013 den \u00e4r endast en dekorativ f\u00f6rem\u00e5lMaterial: plast, metallPresent till musik\u00e4lskare.Present till en trummis&nbsp;<\/p>\n","protected":false},"excerpt":{"rendered":"<p>Mini dekorativa trummor \u2013 present till en musiker \u2013 BMD-003&nbsp;&nbsp;BMD-003 mini-trummor \u00e4r den perfekta presenten till alla musik\u00e4lskare eller trummisar. Perfekt att placera p\u00e5 ett skrivbord, en hylla eller n\u00e5gon annan plats d\u00e4r den kan p\u00e5minna dig om din passion f\u00f6r rytm och musik. Det \u00e4r en fantastisk presentid\u00e9 som kommer att gl\u00e4dja alla trumentusiaster!&nbsp;&nbsp;Produktinformation:&nbsp;&nbsp;M\u00e5tt: [&hellip;]<\/p>\n","protected":false},"featured_media":44758,"comment_status":"open","ping_status":"closed","template":"","meta":[],"product_brand":[],"product_cat":[33],"product_tag":[],"class_list":{"0":"post-17339","1":"product","2":"type-product","3":"status-publish","4":"has-post-thumbnail","6":"product_cat-okategoriserad","8":"first","9":"instock","10":"shipping-taxable","11":"purchasable","12":"product-type-simple"},"_links":{"self":[{"href":"https:\/\/nordicmart.andreevmaster.com\/sv\/wp-json\/wp\/v2\/product\/17339","targetHints":{"allow":["GET"]}}],"collection":[{"href":"https:\/\/nordicmart.andreevmaster.com\/sv\/wp-json\/wp\/v2\/product"}],"about":[{"href":"https:\/\/nordicmart.andreevmaster.com\/sv\/wp-json\/wp\/v2\/types\/product"}],"replies":[{"embeddable":true,"href":"https:\/\/nordicmart.andreevmaster.com\/sv\/wp-json\/wp\/v2\/comments?post=17339"}],"wp:featuredmedia":[{"embeddable":true,"href":"https:\/\/nordicmart.andreevmaster.com\/sv\/wp-json\/wp\/v2\/media\/44758"}],"wp:attachment":[{"href":"https:\/\/nordicmart.andreevmaster.com\/sv\/wp-json\/wp\/v2\/media?parent=17339"}],"wp:term":[{"taxonomy":"product_brand","embeddable":true,"href":"https:\/\/nordicmart.andreevmaster.com\/sv\/wp-json\/wp\/v2\/product_brand?post=17339"},{"taxonomy":"product_cat","embeddable":true,"href":"https:\/\/nordicmart.andreevmaster.com\/sv\/wp-json\/wp\/v2\/product_cat?post=17339"},{"taxonomy":"product_tag","embeddable":true,"href":"https:\/\/nordicmart.andreevmaster.com\/sv\/wp-json\/wp\/v2\/product_tag?post=17339"}],"curies":[{"name":"wp","href":"https:\/\/api.w.org\/{rel}","templated":true}]}}