{"id":17338,"date":"2026-02-27T00:34:37","date_gmt":"2026-02-27T00:34:37","guid":{"rendered":"https:\/\/nordicmart.andreevmaster.com\/product\/rolly-toys-rollyunimog-forst-mercedes-benz-winch-pedal-truck-2\/"},"modified":"2026-02-27T08:24:18","modified_gmt":"2026-02-27T08:24:18","slug":"rolly-toys-rollyunimog-forst-mercedes-benz-winch-pedal-truck-2","status":"publish","type":"product","link":"https:\/\/nordicmart.andreevmaster.com\/sv\/produkt\/rolly-toys-rollyunimog-forst-mercedes-benz-winch-pedal-truck-2\/","title":{"rendered":"Rolly Toys RollyUnimog Forst Mercedes-Benz Winch \u2013 Pedal Truck"},"content":{"rendered":"<p>RollyUnimog Forst terr\u00e4ngbil med draglina, licensierad av Mercedes-Benz, \u00e4r en h\u00f6gkvalitativ, original tysk produkt som kommer att tj\u00e4na dina barn i m\u00e5nga \u00e5r. Denna stora gr\u00f6na bil med draglina och krok \u00e4r en fantastisk present f\u00f6r barn fr\u00e5n 3 \u00e5r. Bilen \u00e4r perfekt f\u00f6r unga \u00e4ventyrare och ger dem s\u00e4ker lek i o\u00e4ndligt m\u00e5nga scenarier! Den gr\u00f6na Mercedes terr\u00e4ngbilen har ett bekv\u00e4mt, justerbart s\u00e4te s\u00e5 att bilen v\u00e4xer med ditt barn. Dessutom \u00e4r hela det mekaniska systemet noggrant inneslutet, vilket s\u00e4kerst\u00e4ller att barn inte kan komma \u00e5t det och garanterar fullst\u00e4ndig s\u00e4kerhet under lek. En av de utm\u00e4rkande egenskaperna hos RollyUnimog Forest \u00e4r dess funktionella vinsch med vev. Detta g\u00f6r att sm\u00e5 uppt\u00e4cktsresande kan leka skogsarbete eller komma till unds\u00e4ttning f\u00f6r dem som beh\u00f6ver hj\u00e4lp. Vevarna g\u00f6r att barnen kan dra i repet och lyfta f\u00f6rem\u00e5l \u2013 ett utm\u00e4rkt s\u00e4tt att utveckla finmotoriken. Tysta d\u00e4ck s\u00e4kerst\u00e4ller att leksaken inte genererar on\u00f6digt buller under anv\u00e4ndning.- Leksak f\u00f6r barn fr\u00e5n 3 \u00e5r &#8211; Justerbart s\u00e4te som g\u00f6r att fordonet kan anpassas efter barnets \u00e5lder &#8211; Levereras med en funktionell vinsch &#8211; Hjul med ett speciellt h\u00f6lje som g\u00f6r k\u00f6rningen tystare &#8211; Optimerad sv\u00e4ngradie tack vare det roterande styrsystemet &#8211; Justerbar kedjesp\u00e4nning &#8211; Inbyggd, helt s\u00e4ker kedjedrift &#8211; Slitstarka handtag &#8211; Extra tillbeh\u00f6r kan monteras<\/p>\n","protected":false},"excerpt":{"rendered":"<p>RollyUnimog Forst terr\u00e4ngbil med draglina, licensierad av Mercedes-Benz, \u00e4r en h\u00f6gkvalitativ, original tysk produkt som kommer att tj\u00e4na dina barn i m\u00e5nga \u00e5r. Denna stora gr\u00f6na bil med draglina och krok \u00e4r en fantastisk present f\u00f6r barn fr\u00e5n 3 \u00e5r. Bilen \u00e4r perfekt f\u00f6r unga \u00e4ventyrare och ger dem s\u00e4ker lek i o\u00e4ndligt m\u00e5nga scenarier! [&hellip;]<\/p>\n","protected":false},"featured_media":0,"comment_status":"open","ping_status":"closed","template":"","meta":[],"product_brand":[],"product_cat":[33],"product_tag":[],"class_list":{"0":"post-17338","1":"product","2":"type-product","3":"status-publish","5":"product_cat-okategoriserad","7":"first","8":"instock","9":"shipping-taxable","10":"purchasable","11":"product-type-simple"},"_links":{"self":[{"href":"https:\/\/nordicmart.andreevmaster.com\/sv\/wp-json\/wp\/v2\/product\/17338","targetHints":{"allow":["GET"]}}],"collection":[{"href":"https:\/\/nordicmart.andreevmaster.com\/sv\/wp-json\/wp\/v2\/product"}],"about":[{"href":"https:\/\/nordicmart.andreevmaster.com\/sv\/wp-json\/wp\/v2\/types\/product"}],"replies":[{"embeddable":true,"href":"https:\/\/nordicmart.andreevmaster.com\/sv\/wp-json\/wp\/v2\/comments?post=17338"}],"wp:attachment":[{"href":"https:\/\/nordicmart.andreevmaster.com\/sv\/wp-json\/wp\/v2\/media?parent=17338"}],"wp:term":[{"taxonomy":"product_brand","embeddable":true,"href":"https:\/\/nordicmart.andreevmaster.com\/sv\/wp-json\/wp\/v2\/product_brand?post=17338"},{"taxonomy":"product_cat","embeddable":true,"href":"https:\/\/nordicmart.andreevmaster.com\/sv\/wp-json\/wp\/v2\/product_cat?post=17338"},{"taxonomy":"product_tag","embeddable":true,"href":"https:\/\/nordicmart.andreevmaster.com\/sv\/wp-json\/wp\/v2\/product_tag?post=17338"}],"curies":[{"name":"wp","href":"https:\/\/api.w.org\/{rel}","templated":true}]}}