{"id":17337,"date":"2026-02-27T00:34:37","date_gmt":"2026-02-27T00:34:37","guid":{"rendered":"https:\/\/nordicmart.andreevmaster.com\/product\/minigitarr-inspirerad-av-david-bowie-mgt-8976\/"},"modified":"2026-02-27T08:24:18","modified_gmt":"2026-02-27T08:24:18","slug":"minigitarr-inspirerad-av-david-bowie-mgt-8976","status":"publish","type":"product","link":"https:\/\/nordicmart.andreevmaster.com\/sv\/produkt\/minigitarr-inspirerad-av-david-bowie-mgt-8976\/","title":{"rendered":"Minigitarr inspirerad av David Bowie \u2013 MGT-8976"},"content":{"rendered":"<p>Minigitarr inspirerad av David Bowie \u2013 MGT-8976&nbsp;&nbsp;Samlarobjekt i form av en minigitarr inspirerad av David Bowie \u2013 en ikon inom musik, mode och popul\u00e4rkultur. Tillverkad i mahogny i skala 1:4, komplett med ett stativ i plast och metall f\u00f6r att st\u00e4lla gitarren p\u00e5. En perfekt presentid\u00e9 f\u00f6r David Bowie-fans och \u00e4lskare av klassisk rock.&nbsp;David Bowie \u00e4r en av 1900-talets mest inflytelserika personer \u2013 en totalartist, k\u00e4nd f\u00f6r sitt st\u00e4ndiga experimenterande med ljud, bild och konventioner. Hans verk sp\u00e4nner \u00f6ver glamrock, electronica, soul och artrock. Inspirerad av hans unika estetik hyllar gitarren MGT-8976 denna extraordin\u00e4ra musikaliska personlighet.&nbsp;&nbsp;Produktinformation:&nbsp;M\u00e5tt: h\u00f6jd 27,5 cm x bredd 9 cm x djup 0,8 cm Skala: 1:4 Material: mahognytr\u00e4 Stativ ing\u00e5r Gitarren kan inte spelas \u2013 den \u00e4r en dekorationsartikel Samlarobjekt&nbsp;Perfekt present till:&nbsp;David Bowie-fans Samlare av miniatyminstrument Musiker och rockentusiaster&nbsp;<\/p>\n","protected":false},"excerpt":{"rendered":"<p>Minigitarr inspirerad av David Bowie \u2013 MGT-8976&nbsp;&nbsp;Samlarobjekt i form av en minigitarr inspirerad av David Bowie \u2013 en ikon inom musik, mode och popul\u00e4rkultur. Tillverkad i mahogny i skala 1:4, komplett med ett stativ i plast och metall f\u00f6r att st\u00e4lla gitarren p\u00e5. En perfekt presentid\u00e9 f\u00f6r David Bowie-fans och \u00e4lskare av klassisk rock.&nbsp;David Bowie [&hellip;]<\/p>\n","protected":false},"featured_media":44757,"comment_status":"open","ping_status":"closed","template":"","meta":[],"product_brand":[],"product_cat":[33],"product_tag":[],"class_list":{"0":"post-17337","1":"product","2":"type-product","3":"status-publish","4":"has-post-thumbnail","6":"product_cat-okategoriserad","8":"first","9":"instock","10":"shipping-taxable","11":"purchasable","12":"product-type-simple"},"_links":{"self":[{"href":"https:\/\/nordicmart.andreevmaster.com\/sv\/wp-json\/wp\/v2\/product\/17337","targetHints":{"allow":["GET"]}}],"collection":[{"href":"https:\/\/nordicmart.andreevmaster.com\/sv\/wp-json\/wp\/v2\/product"}],"about":[{"href":"https:\/\/nordicmart.andreevmaster.com\/sv\/wp-json\/wp\/v2\/types\/product"}],"replies":[{"embeddable":true,"href":"https:\/\/nordicmart.andreevmaster.com\/sv\/wp-json\/wp\/v2\/comments?post=17337"}],"wp:featuredmedia":[{"embeddable":true,"href":"https:\/\/nordicmart.andreevmaster.com\/sv\/wp-json\/wp\/v2\/media\/44757"}],"wp:attachment":[{"href":"https:\/\/nordicmart.andreevmaster.com\/sv\/wp-json\/wp\/v2\/media?parent=17337"}],"wp:term":[{"taxonomy":"product_brand","embeddable":true,"href":"https:\/\/nordicmart.andreevmaster.com\/sv\/wp-json\/wp\/v2\/product_brand?post=17337"},{"taxonomy":"product_cat","embeddable":true,"href":"https:\/\/nordicmart.andreevmaster.com\/sv\/wp-json\/wp\/v2\/product_cat?post=17337"},{"taxonomy":"product_tag","embeddable":true,"href":"https:\/\/nordicmart.andreevmaster.com\/sv\/wp-json\/wp\/v2\/product_tag?post=17337"}],"curies":[{"name":"wp","href":"https:\/\/api.w.org\/{rel}","templated":true}]}}