{"id":17336,"date":"2026-02-27T00:34:37","date_gmt":"2026-02-27T00:34:37","guid":{"rendered":"https:\/\/nordicmart.andreevmaster.com\/product\/minigitarr-taylor-swift-mgt-8938\/"},"modified":"2026-02-27T08:24:17","modified_gmt":"2026-02-27T08:24:17","slug":"minigitarr-taylor-swift-mgt-8938","status":"publish","type":"product","link":"https:\/\/nordicmart.andreevmaster.com\/sv\/produkt\/minigitarr-taylor-swift-mgt-8938\/","title":{"rendered":"Minigitarr \u2013 Taylor Swift \u2013 MGT-8938"},"content":{"rendered":"<p>Minigitarr \u2013 Taylor Swift \u2013 MGT-8938&nbsp;&nbsp;Minigitarr inspirerad av den distinkta stilen hos Taylor Swift \u2013 en av de mest popul\u00e4ra artisterna p\u00e5 dagens musikscen. Tillverkad av mahognytr\u00e4 i skala 1:4. Den ljusa tr\u00e4f\u00e4rgen och de grafiska elementen som anspelar p\u00e5 s\u00e5ngerskans estetik g\u00f6r den till en perfekt present f\u00f6r Taylor Swift-fans. Den passar utm\u00e4rkt som dekoration i ett ton\u00e5rsrum eller en hemmastudio.&nbsp;&nbsp;Produktinformation:&nbsp;M\u00e5tt: h\u00f6jd 27,5 cm x bredd 9 cm x djup 0,8 cm Skala: 1:4 Material: mahogny Tr\u00e4st\u00e4ll ing\u00e5r Gitarren kan inte spelas p\u00e5 \u2013 den \u00e4r en dekorationsartikel Samlarobjekt&nbsp;Perfekt present till:&nbsp;Taylor Swift-fans Samlare av miniatyrinstrument&nbsp;<\/p>\n","protected":false},"excerpt":{"rendered":"<p>Minigitarr \u2013 Taylor Swift \u2013 MGT-8938&nbsp;&nbsp;Minigitarr inspirerad av den distinkta stilen hos Taylor Swift \u2013 en av de mest popul\u00e4ra artisterna p\u00e5 dagens musikscen. Tillverkad av mahognytr\u00e4 i skala 1:4. Den ljusa tr\u00e4f\u00e4rgen och de grafiska elementen som anspelar p\u00e5 s\u00e5ngerskans estetik g\u00f6r den till en perfekt present f\u00f6r Taylor Swift-fans. Den passar utm\u00e4rkt som [&hellip;]<\/p>\n","protected":false},"featured_media":44756,"comment_status":"open","ping_status":"closed","template":"","meta":[],"product_brand":[],"product_cat":[33],"product_tag":[],"class_list":{"0":"post-17336","1":"product","2":"type-product","3":"status-publish","4":"has-post-thumbnail","6":"product_cat-okategoriserad","8":"first","9":"instock","10":"shipping-taxable","11":"purchasable","12":"product-type-simple"},"_links":{"self":[{"href":"https:\/\/nordicmart.andreevmaster.com\/sv\/wp-json\/wp\/v2\/product\/17336","targetHints":{"allow":["GET"]}}],"collection":[{"href":"https:\/\/nordicmart.andreevmaster.com\/sv\/wp-json\/wp\/v2\/product"}],"about":[{"href":"https:\/\/nordicmart.andreevmaster.com\/sv\/wp-json\/wp\/v2\/types\/product"}],"replies":[{"embeddable":true,"href":"https:\/\/nordicmart.andreevmaster.com\/sv\/wp-json\/wp\/v2\/comments?post=17336"}],"wp:featuredmedia":[{"embeddable":true,"href":"https:\/\/nordicmart.andreevmaster.com\/sv\/wp-json\/wp\/v2\/media\/44756"}],"wp:attachment":[{"href":"https:\/\/nordicmart.andreevmaster.com\/sv\/wp-json\/wp\/v2\/media?parent=17336"}],"wp:term":[{"taxonomy":"product_brand","embeddable":true,"href":"https:\/\/nordicmart.andreevmaster.com\/sv\/wp-json\/wp\/v2\/product_brand?post=17336"},{"taxonomy":"product_cat","embeddable":true,"href":"https:\/\/nordicmart.andreevmaster.com\/sv\/wp-json\/wp\/v2\/product_cat?post=17336"},{"taxonomy":"product_tag","embeddable":true,"href":"https:\/\/nordicmart.andreevmaster.com\/sv\/wp-json\/wp\/v2\/product_tag?post=17336"}],"curies":[{"name":"wp","href":"https:\/\/api.w.org\/{rel}","templated":true}]}}