{"id":17335,"date":"2026-02-27T00:34:36","date_gmt":"2026-02-27T00:34:36","guid":{"rendered":"https:\/\/nordicmart.andreevmaster.com\/product\/minigitarr-inspirerad-av-metallica-james-hetfieldeld-mgt-8860\/"},"modified":"2026-02-27T08:24:17","modified_gmt":"2026-02-27T08:24:17","slug":"minigitarr-inspirerad-av-metallica-james-hetfieldeld-mgt-8860","status":"publish","type":"product","link":"https:\/\/nordicmart.andreevmaster.com\/sv\/produkt\/minigitarr-inspirerad-av-metallica-james-hetfieldeld-mgt-8860\/","title":{"rendered":"Minigitarr inspirerad av Metallica \u2013 James Hetfieldeld \u2013 MGT-8860"},"content":{"rendered":"<p>Minigitarr inspirerad av Metallica \u2013 James Hetfieldeld \u2013 MGT-8860&nbsp;&nbsp;Minigitarr inspirerad av stilen hos James Hetfield, frontman i bandet Metallica. Tillverkad av mahognytr\u00e4 i skala 1:4, med h\u00f6gkvalitativt hantverk. Den passar perfekt som dekoration eller som en del av en samling med rock- och metal-tema. &nbsp;En utm\u00e4rkt id\u00e9 f\u00f6r en originell present till fans av Metallica, h\u00e5rdrock och heavy metal. Den \u00e4r ocks\u00e5 en passande presentid\u00e9 f\u00f6r gitarrister och personer med anknytning till musikbranschen.&nbsp;&nbsp;&nbsp;Produktinformation:&nbsp;M\u00e5tt: h\u00f6jd 27,5 cm x bredd 9 cm x djup 0,8 cm Skala: 1:4 Material: mahognytr\u00e4 Stativ ing\u00e5r Gitarren kan inte spelas \u2013 den \u00e4r en dekorationsartikel Samlarobjekt<\/p>\n","protected":false},"excerpt":{"rendered":"<p>Minigitarr inspirerad av Metallica \u2013 James Hetfieldeld \u2013 MGT-8860&nbsp;&nbsp;Minigitarr inspirerad av stilen hos James Hetfield, frontman i bandet Metallica. Tillverkad av mahognytr\u00e4 i skala 1:4, med h\u00f6gkvalitativt hantverk. Den passar perfekt som dekoration eller som en del av en samling med rock- och metal-tema. &nbsp;En utm\u00e4rkt id\u00e9 f\u00f6r en originell present till fans av Metallica, [&hellip;]<\/p>\n","protected":false},"featured_media":44755,"comment_status":"open","ping_status":"closed","template":"","meta":[],"product_brand":[],"product_cat":[33],"product_tag":[],"class_list":{"0":"post-17335","1":"product","2":"type-product","3":"status-publish","4":"has-post-thumbnail","6":"product_cat-okategoriserad","8":"first","9":"instock","10":"shipping-taxable","11":"purchasable","12":"product-type-simple"},"_links":{"self":[{"href":"https:\/\/nordicmart.andreevmaster.com\/sv\/wp-json\/wp\/v2\/product\/17335","targetHints":{"allow":["GET"]}}],"collection":[{"href":"https:\/\/nordicmart.andreevmaster.com\/sv\/wp-json\/wp\/v2\/product"}],"about":[{"href":"https:\/\/nordicmart.andreevmaster.com\/sv\/wp-json\/wp\/v2\/types\/product"}],"replies":[{"embeddable":true,"href":"https:\/\/nordicmart.andreevmaster.com\/sv\/wp-json\/wp\/v2\/comments?post=17335"}],"wp:featuredmedia":[{"embeddable":true,"href":"https:\/\/nordicmart.andreevmaster.com\/sv\/wp-json\/wp\/v2\/media\/44755"}],"wp:attachment":[{"href":"https:\/\/nordicmart.andreevmaster.com\/sv\/wp-json\/wp\/v2\/media?parent=17335"}],"wp:term":[{"taxonomy":"product_brand","embeddable":true,"href":"https:\/\/nordicmart.andreevmaster.com\/sv\/wp-json\/wp\/v2\/product_brand?post=17335"},{"taxonomy":"product_cat","embeddable":true,"href":"https:\/\/nordicmart.andreevmaster.com\/sv\/wp-json\/wp\/v2\/product_cat?post=17335"},{"taxonomy":"product_tag","embeddable":true,"href":"https:\/\/nordicmart.andreevmaster.com\/sv\/wp-json\/wp\/v2\/product_tag?post=17335"}],"curies":[{"name":"wp","href":"https:\/\/api.w.org\/{rel}","templated":true}]}}