{"id":17334,"date":"2026-02-27T00:34:36","date_gmt":"2026-02-27T00:34:36","guid":{"rendered":"https:\/\/nordicmart.andreevmaster.com\/product\/mini-gitarr-inspirerad-av-led-zeppelin-jimi-page-mgt-8624\/"},"modified":"2026-02-27T08:24:17","modified_gmt":"2026-02-27T08:24:17","slug":"mini-gitarr-inspirerad-av-led-zeppelin-jimi-page-mgt-8624","status":"publish","type":"product","link":"https:\/\/nordicmart.andreevmaster.com\/sv\/produkt\/mini-gitarr-inspirerad-av-led-zeppelin-jimi-page-mgt-8624\/","title":{"rendered":"Mini-gitarr inspirerad av Led Zeppelin Jimi Page &#8211; MGT-8624"},"content":{"rendered":"<p>Mini-gitarr inspirerad av Led Zeppelin Jimi Page &#8211; MGT-8624&nbsp;&nbsp;Samlarobjekt i form av en mini-gitarr inspirerad av Jimmy Page fr\u00e5n det legendariska bandet Led Zeppelin. Tillverkad i mahogny i skala 1:4, \u00e4r den ett estetiskt tilltalande dekorationsf\u00f6rem\u00e5l och ett unikt tillskott till en samling av musikaliska minnessaker.&nbsp;Elegant present till fans av Led Zeppelin, klassisk rock och vintageestetik. En inspirerande detalj f\u00f6r musikl\u00e4rare, konststudenter eller som dekoration i ett arbetsrum eller en inspelningsstudio.&nbsp;&nbsp;Produktinformation:&nbsp;M\u00e5tt: h\u00f6jd 27,5 cm x bredd 9 cm x djup 0,8 cmSkala: 1:4Material: mahognytr\u00e4Stativ ing\u00e5rGitarren kan inte spelas p\u00e5 \u2013 den \u00e4r en dekorationsartikelSamlarobjekt&nbsp;Perfekt present till: Led Zeppelin-fans Samlare av miniatyminstrument Musiker och rockentusiaster<\/p>\n","protected":false},"excerpt":{"rendered":"<p>Mini-gitarr inspirerad av Led Zeppelin Jimi Page &#8211; MGT-8624&nbsp;&nbsp;Samlarobjekt i form av en mini-gitarr inspirerad av Jimmy Page fr\u00e5n det legendariska bandet Led Zeppelin. Tillverkad i mahogny i skala 1:4, \u00e4r den ett estetiskt tilltalande dekorationsf\u00f6rem\u00e5l och ett unikt tillskott till en samling av musikaliska minnessaker.&nbsp;Elegant present till fans av Led Zeppelin, klassisk rock och [&hellip;]<\/p>\n","protected":false},"featured_media":44754,"comment_status":"open","ping_status":"closed","template":"","meta":[],"product_brand":[],"product_cat":[33],"product_tag":[],"class_list":{"0":"post-17334","1":"product","2":"type-product","3":"status-publish","4":"has-post-thumbnail","6":"product_cat-okategoriserad","8":"first","9":"instock","10":"shipping-taxable","11":"purchasable","12":"product-type-simple"},"_links":{"self":[{"href":"https:\/\/nordicmart.andreevmaster.com\/sv\/wp-json\/wp\/v2\/product\/17334","targetHints":{"allow":["GET"]}}],"collection":[{"href":"https:\/\/nordicmart.andreevmaster.com\/sv\/wp-json\/wp\/v2\/product"}],"about":[{"href":"https:\/\/nordicmart.andreevmaster.com\/sv\/wp-json\/wp\/v2\/types\/product"}],"replies":[{"embeddable":true,"href":"https:\/\/nordicmart.andreevmaster.com\/sv\/wp-json\/wp\/v2\/comments?post=17334"}],"wp:featuredmedia":[{"embeddable":true,"href":"https:\/\/nordicmart.andreevmaster.com\/sv\/wp-json\/wp\/v2\/media\/44754"}],"wp:attachment":[{"href":"https:\/\/nordicmart.andreevmaster.com\/sv\/wp-json\/wp\/v2\/media?parent=17334"}],"wp:term":[{"taxonomy":"product_brand","embeddable":true,"href":"https:\/\/nordicmart.andreevmaster.com\/sv\/wp-json\/wp\/v2\/product_brand?post=17334"},{"taxonomy":"product_cat","embeddable":true,"href":"https:\/\/nordicmart.andreevmaster.com\/sv\/wp-json\/wp\/v2\/product_cat?post=17334"},{"taxonomy":"product_tag","embeddable":true,"href":"https:\/\/nordicmart.andreevmaster.com\/sv\/wp-json\/wp\/v2\/product_tag?post=17334"}],"curies":[{"name":"wp","href":"https:\/\/api.w.org\/{rel}","templated":true}]}}