{"id":17333,"date":"2026-02-27T00:34:36","date_gmt":"2026-02-27T00:34:36","guid":{"rendered":"https:\/\/nordicmart.andreevmaster.com\/product\/minigitarr-fran-guitar-heroes-serien-mgt-8617\/"},"modified":"2026-02-27T08:24:17","modified_gmt":"2026-02-27T08:24:17","slug":"minigitarr-fran-guitar-heroes-serien-mgt-8617","status":"publish","type":"product","link":"https:\/\/nordicmart.andreevmaster.com\/sv\/produkt\/minigitarr-fran-guitar-heroes-serien-mgt-8617\/","title":{"rendered":"Minigitarr \u2013 fr\u00e5n Guitar Heroes-serien \u2013 MGT-8617"},"content":{"rendered":"<p>Minigitarr \u2013 fr\u00e5n serien Guitar Heroes \u2013 MGT-8617 &nbsp;&nbsp;Minigitarr tillverkad av mahognytr\u00e4, handm\u00e5lad&nbsp;Blisterf\u00f6rpackning&nbsp;M\u00e5tt: h\u00f6jd ca 24,5 cm&nbsp;Plaststativ ing\u00e5r&nbsp;Tillverkad i skala 1:4&nbsp;Samlarobjekt&nbsp;&nbsp;Observera att produkten inte \u00e4r en leksak. Den \u00e4r inte en officiell kopia av instrumentet.&nbsp;S\u00e4ljaren har ingen anknytning till tillverkare av riktiga instrument eller enskilda artister. Namnen p\u00e5 modeller eller artister \u00e4r exempel. Inget av instrumenten \u00e4r en trogen kopia vad g\u00e4ller proportioner, storlek och design.<\/p>\n","protected":false},"excerpt":{"rendered":"<p>Minigitarr \u2013 fr\u00e5n serien Guitar Heroes \u2013 MGT-8617 &nbsp;&nbsp;Minigitarr tillverkad av mahognytr\u00e4, handm\u00e5lad&nbsp;Blisterf\u00f6rpackning&nbsp;M\u00e5tt: h\u00f6jd ca 24,5 cm&nbsp;Plaststativ ing\u00e5r&nbsp;Tillverkad i skala 1:4&nbsp;Samlarobjekt&nbsp;&nbsp;Observera att produkten inte \u00e4r en leksak. Den \u00e4r inte en officiell kopia av instrumentet.&nbsp;S\u00e4ljaren har ingen anknytning till tillverkare av riktiga instrument eller enskilda artister. Namnen p\u00e5 modeller eller artister \u00e4r exempel. Inget av [&hellip;]<\/p>\n","protected":false},"featured_media":44753,"comment_status":"open","ping_status":"closed","template":"","meta":[],"product_brand":[],"product_cat":[33],"product_tag":[],"class_list":{"0":"post-17333","1":"product","2":"type-product","3":"status-publish","4":"has-post-thumbnail","6":"product_cat-okategoriserad","8":"first","9":"instock","10":"shipping-taxable","11":"purchasable","12":"product-type-simple"},"_links":{"self":[{"href":"https:\/\/nordicmart.andreevmaster.com\/sv\/wp-json\/wp\/v2\/product\/17333","targetHints":{"allow":["GET"]}}],"collection":[{"href":"https:\/\/nordicmart.andreevmaster.com\/sv\/wp-json\/wp\/v2\/product"}],"about":[{"href":"https:\/\/nordicmart.andreevmaster.com\/sv\/wp-json\/wp\/v2\/types\/product"}],"replies":[{"embeddable":true,"href":"https:\/\/nordicmart.andreevmaster.com\/sv\/wp-json\/wp\/v2\/comments?post=17333"}],"wp:featuredmedia":[{"embeddable":true,"href":"https:\/\/nordicmart.andreevmaster.com\/sv\/wp-json\/wp\/v2\/media\/44753"}],"wp:attachment":[{"href":"https:\/\/nordicmart.andreevmaster.com\/sv\/wp-json\/wp\/v2\/media?parent=17333"}],"wp:term":[{"taxonomy":"product_brand","embeddable":true,"href":"https:\/\/nordicmart.andreevmaster.com\/sv\/wp-json\/wp\/v2\/product_brand?post=17333"},{"taxonomy":"product_cat","embeddable":true,"href":"https:\/\/nordicmart.andreevmaster.com\/sv\/wp-json\/wp\/v2\/product_cat?post=17333"},{"taxonomy":"product_tag","embeddable":true,"href":"https:\/\/nordicmart.andreevmaster.com\/sv\/wp-json\/wp\/v2\/product_tag?post=17333"}],"curies":[{"name":"wp","href":"https:\/\/api.w.org\/{rel}","templated":true}]}}