{"id":17332,"date":"2026-02-27T00:34:36","date_gmt":"2026-02-27T00:34:36","guid":{"rendered":"https:\/\/nordicmart.andreevmaster.com\/product\/minigitarr-245-cm-angus-young-stil-mgt-8518\/"},"modified":"2026-02-27T08:24:17","modified_gmt":"2026-02-27T08:24:17","slug":"minigitarr-245-cm-angus-young-stil-mgt-8518","status":"publish","type":"product","link":"https:\/\/nordicmart.andreevmaster.com\/sv\/produkt\/minigitarr-245-cm-angus-young-stil-mgt-8518\/","title":{"rendered":"Minigitarr \u2013 24,5 cm \u2013 Angus Young-stil \u2013 MGT-8518"},"content":{"rendered":"<p>Minigitarr \u2013 24,5 cm \u2013 Angus Young-stil \u2013 MGT-8518&nbsp;&nbsp;Minigitarren, inspirerad av Angus Youngs verk, \u00e4r en musikalisk pryl som kommer att stj\u00e4la hj\u00e4rtat hos AC\/DC-fans. Den passar utm\u00e4rkt som present till en h\u00e5rdrocksfan, gitarrist eller musik\u00e4lskare. Den \u00e4r ocks\u00e5 en stilfull dekoration i alla typer av inredningar. Den passar utm\u00e4rkt i ett ungdomsrum, vardagsrum eller kontor. Minigitarren \u00e4r handgjord av mahognytr\u00e4. Samlarobjekt. Gitarren \u00e4r inte en leksak. Den kan inte spelas.&nbsp;&nbsp;Produktinformation:&nbsp;H\u00f6jd: 24,5 cmSkala: 1:4Material: mahognytr\u00e4Levereras med ett stativ i plast och metall f\u00f6r att st\u00e4lla gitarren p\u00e5Blisterf\u00f6rpackning&nbsp;&nbsp;&nbsp;Observera att s\u00e4ljaren inte har n\u00e5gon anknytning till tillverkare av riktiga instrument eller enskilda artister. Modellernas eller artisternas namn \u00e4r exempel. De v\u00e4lk\u00e4nda namnen anv\u00e4nds endast f\u00f6r att visa en viss musikstil. Inget av instrumenten \u00e4r en trogen kopia vad g\u00e4ller proportioner, storlek och design.<\/p>\n","protected":false},"excerpt":{"rendered":"<p>Minigitarr \u2013 24,5 cm \u2013 Angus Young-stil \u2013 MGT-8518&nbsp;&nbsp;Minigitarren, inspirerad av Angus Youngs verk, \u00e4r en musikalisk pryl som kommer att stj\u00e4la hj\u00e4rtat hos AC\/DC-fans. Den passar utm\u00e4rkt som present till en h\u00e5rdrocksfan, gitarrist eller musik\u00e4lskare. Den \u00e4r ocks\u00e5 en stilfull dekoration i alla typer av inredningar. Den passar utm\u00e4rkt i ett ungdomsrum, vardagsrum eller [&hellip;]<\/p>\n","protected":false},"featured_media":44752,"comment_status":"open","ping_status":"closed","template":"","meta":[],"product_brand":[],"product_cat":[33],"product_tag":[],"class_list":{"0":"post-17332","1":"product","2":"type-product","3":"status-publish","4":"has-post-thumbnail","6":"product_cat-okategoriserad","8":"first","9":"instock","10":"shipping-taxable","11":"purchasable","12":"product-type-simple"},"_links":{"self":[{"href":"https:\/\/nordicmart.andreevmaster.com\/sv\/wp-json\/wp\/v2\/product\/17332","targetHints":{"allow":["GET"]}}],"collection":[{"href":"https:\/\/nordicmart.andreevmaster.com\/sv\/wp-json\/wp\/v2\/product"}],"about":[{"href":"https:\/\/nordicmart.andreevmaster.com\/sv\/wp-json\/wp\/v2\/types\/product"}],"replies":[{"embeddable":true,"href":"https:\/\/nordicmart.andreevmaster.com\/sv\/wp-json\/wp\/v2\/comments?post=17332"}],"wp:featuredmedia":[{"embeddable":true,"href":"https:\/\/nordicmart.andreevmaster.com\/sv\/wp-json\/wp\/v2\/media\/44752"}],"wp:attachment":[{"href":"https:\/\/nordicmart.andreevmaster.com\/sv\/wp-json\/wp\/v2\/media?parent=17332"}],"wp:term":[{"taxonomy":"product_brand","embeddable":true,"href":"https:\/\/nordicmart.andreevmaster.com\/sv\/wp-json\/wp\/v2\/product_brand?post=17332"},{"taxonomy":"product_cat","embeddable":true,"href":"https:\/\/nordicmart.andreevmaster.com\/sv\/wp-json\/wp\/v2\/product_cat?post=17332"},{"taxonomy":"product_tag","embeddable":true,"href":"https:\/\/nordicmart.andreevmaster.com\/sv\/wp-json\/wp\/v2\/product_tag?post=17332"}],"curies":[{"name":"wp","href":"https:\/\/api.w.org\/{rel}","templated":true}]}}