{"id":17331,"date":"2026-02-27T00:34:35","date_gmt":"2026-02-27T00:34:35","guid":{"rendered":"https:\/\/nordicmart.andreevmaster.com\/product\/mini-guitar-queen-brian-may-tribute-mgt-7979-2\/"},"modified":"2026-02-27T08:24:16","modified_gmt":"2026-02-27T08:24:16","slug":"mini-guitar-queen-brian-may-tribute-mgt-7979-2","status":"publish","type":"product","link":"https:\/\/nordicmart.andreevmaster.com\/sv\/produkt\/mini-guitar-queen-brian-may-tribute-mgt-7979-2\/","title":{"rendered":"Mini Guitar Queen &#8211; Brian May Tribute MGT-7979"},"content":{"rendered":"<p>Mini Guitar Queen &#8211; Brian May Tribute MGT-7979&nbsp;&nbsp;Brian May Tribute minigitarr \u00e4r en riktig h\u00f6jdare f\u00f6r fans av den legendariska musikgruppen Queen, som kommer att stj\u00e4la fansens hj\u00e4rtan med sitt artisteri fr\u00e5n det brittiska bandets gitarrist. Gitarren \u00e4r en fantastisk present till en Queen-fan, en \u00e4lskare av klassisk rock och en gitarrist.&nbsp;Minigitarren \u00e4r handgjord av mahognytr\u00e4. Samlarobjekt. Gitarren \u00e4r inte en leksak.&nbsp;&nbsp;Produktinformation:&nbsp;M\u00e5tt: H\u00f6jd 27,5 cm x Bredd 9 cm x Djup 0,8 cmSkala: 1:4Material: mahognytr\u00e4F\u00e4rg: svart, beige, brunStativ ing\u00e5r&nbsp;&nbsp;Observera! S\u00e4ljaren har ingen anknytning till tillverkare av riktiga instrument eller enskilda artister. Namnen p\u00e5 modellerna eller artisterna \u00e4r exempel. K\u00e4nda namn anv\u00e4nds endast f\u00f6r att visa en viss musikstil. Inget av instrumenten \u00e4r en exakt kopia vad g\u00e4ller proportioner, storlek och design.<\/p>\n","protected":false},"excerpt":{"rendered":"<p>Mini Guitar Queen &#8211; Brian May Tribute MGT-7979&nbsp;&nbsp;Brian May Tribute minigitarr \u00e4r en riktig h\u00f6jdare f\u00f6r fans av den legendariska musikgruppen Queen, som kommer att stj\u00e4la fansens hj\u00e4rtan med sitt artisteri fr\u00e5n det brittiska bandets gitarrist. Gitarren \u00e4r en fantastisk present till en Queen-fan, en \u00e4lskare av klassisk rock och en gitarrist.&nbsp;Minigitarren \u00e4r handgjord av [&hellip;]<\/p>\n","protected":false},"featured_media":44751,"comment_status":"open","ping_status":"closed","template":"","meta":[],"product_brand":[],"product_cat":[33],"product_tag":[],"class_list":{"0":"post-17331","1":"product","2":"type-product","3":"status-publish","4":"has-post-thumbnail","6":"product_cat-okategoriserad","8":"first","9":"instock","10":"shipping-taxable","11":"purchasable","12":"product-type-simple"},"_links":{"self":[{"href":"https:\/\/nordicmart.andreevmaster.com\/sv\/wp-json\/wp\/v2\/product\/17331","targetHints":{"allow":["GET"]}}],"collection":[{"href":"https:\/\/nordicmart.andreevmaster.com\/sv\/wp-json\/wp\/v2\/product"}],"about":[{"href":"https:\/\/nordicmart.andreevmaster.com\/sv\/wp-json\/wp\/v2\/types\/product"}],"replies":[{"embeddable":true,"href":"https:\/\/nordicmart.andreevmaster.com\/sv\/wp-json\/wp\/v2\/comments?post=17331"}],"wp:featuredmedia":[{"embeddable":true,"href":"https:\/\/nordicmart.andreevmaster.com\/sv\/wp-json\/wp\/v2\/media\/44751"}],"wp:attachment":[{"href":"https:\/\/nordicmart.andreevmaster.com\/sv\/wp-json\/wp\/v2\/media?parent=17331"}],"wp:term":[{"taxonomy":"product_brand","embeddable":true,"href":"https:\/\/nordicmart.andreevmaster.com\/sv\/wp-json\/wp\/v2\/product_brand?post=17331"},{"taxonomy":"product_cat","embeddable":true,"href":"https:\/\/nordicmart.andreevmaster.com\/sv\/wp-json\/wp\/v2\/product_cat?post=17331"},{"taxonomy":"product_tag","embeddable":true,"href":"https:\/\/nordicmart.andreevmaster.com\/sv\/wp-json\/wp\/v2\/product_tag?post=17331"}],"curies":[{"name":"wp","href":"https:\/\/api.w.org\/{rel}","templated":true}]}}