{"id":17330,"date":"2026-02-27T00:34:35","date_gmt":"2026-02-27T00:34:35","guid":{"rendered":"https:\/\/nordicmart.andreevmaster.com\/product\/minigitarr-ed-sheeran-275-cm-mgt-7894\/"},"modified":"2026-02-27T08:24:16","modified_gmt":"2026-02-27T08:24:16","slug":"minigitarr-ed-sheeran-275-cm-mgt-7894","status":"publish","type":"product","link":"https:\/\/nordicmart.andreevmaster.com\/sv\/produkt\/minigitarr-ed-sheeran-275-cm-mgt-7894\/","title":{"rendered":"Minigitarr \u2013 Ed Sheeran 27,5 cm \u2013 MGT-7894"},"content":{"rendered":"<p>Minigitarr \u2013 Ed Sheeran 27,5 cm \u2013 MGT-7894&nbsp;&nbsp;Minigitarr inspirerad av Ed Sheerans stil. Handgjord av mahognytr\u00e4. Perfekt som hylldekoration, present till en musikfan eller inredningsdetalj med musikalisk touch.&nbsp;&nbsp;Produktinformation:&nbsp;HandgjordMaterial: mahognytr\u00e4M\u00e5tt: h\u00f6jd 27,5 cm x bredd 9 cm x djup 0,8 cm Skala 1:4Samlarobjekt&nbsp;Produkten \u00e4r inte en leksak. Det \u00e4r inte en formell kopia av instrumentet. S\u00e4ljaren har ingen anknytning till tillverkarna av de riktiga instrumenten eller de enskilda artisterna. Modellnamn eller artistnamn \u00e4r exempel. Inget av instrumenten \u00e4r trogna repliker vad g\u00e4ller proportioner, storlek och design.<\/p>\n","protected":false},"excerpt":{"rendered":"<p>Minigitarr \u2013 Ed Sheeran 27,5 cm \u2013 MGT-7894&nbsp;&nbsp;Minigitarr inspirerad av Ed Sheerans stil. Handgjord av mahognytr\u00e4. Perfekt som hylldekoration, present till en musikfan eller inredningsdetalj med musikalisk touch.&nbsp;&nbsp;Produktinformation:&nbsp;HandgjordMaterial: mahognytr\u00e4M\u00e5tt: h\u00f6jd 27,5 cm x bredd 9 cm x djup 0,8 cm Skala 1:4Samlarobjekt&nbsp;Produkten \u00e4r inte en leksak. Det \u00e4r inte en formell kopia av instrumentet. S\u00e4ljaren [&hellip;]<\/p>\n","protected":false},"featured_media":44750,"comment_status":"open","ping_status":"closed","template":"","meta":[],"product_brand":[],"product_cat":[33],"product_tag":[],"class_list":{"0":"post-17330","1":"product","2":"type-product","3":"status-publish","4":"has-post-thumbnail","6":"product_cat-okategoriserad","8":"first","9":"instock","10":"shipping-taxable","11":"purchasable","12":"product-type-simple"},"_links":{"self":[{"href":"https:\/\/nordicmart.andreevmaster.com\/sv\/wp-json\/wp\/v2\/product\/17330","targetHints":{"allow":["GET"]}}],"collection":[{"href":"https:\/\/nordicmart.andreevmaster.com\/sv\/wp-json\/wp\/v2\/product"}],"about":[{"href":"https:\/\/nordicmart.andreevmaster.com\/sv\/wp-json\/wp\/v2\/types\/product"}],"replies":[{"embeddable":true,"href":"https:\/\/nordicmart.andreevmaster.com\/sv\/wp-json\/wp\/v2\/comments?post=17330"}],"wp:featuredmedia":[{"embeddable":true,"href":"https:\/\/nordicmart.andreevmaster.com\/sv\/wp-json\/wp\/v2\/media\/44750"}],"wp:attachment":[{"href":"https:\/\/nordicmart.andreevmaster.com\/sv\/wp-json\/wp\/v2\/media?parent=17330"}],"wp:term":[{"taxonomy":"product_brand","embeddable":true,"href":"https:\/\/nordicmart.andreevmaster.com\/sv\/wp-json\/wp\/v2\/product_brand?post=17330"},{"taxonomy":"product_cat","embeddable":true,"href":"https:\/\/nordicmart.andreevmaster.com\/sv\/wp-json\/wp\/v2\/product_cat?post=17330"},{"taxonomy":"product_tag","embeddable":true,"href":"https:\/\/nordicmart.andreevmaster.com\/sv\/wp-json\/wp\/v2\/product_tag?post=17330"}],"curies":[{"name":"wp","href":"https:\/\/api.w.org\/{rel}","templated":true}]}}