{"id":17329,"date":"2026-02-27T00:34:35","date_gmt":"2026-02-27T00:34:35","guid":{"rendered":"https:\/\/nordicmart.andreevmaster.com\/product\/minigitarr-guns-n-roses-slash-skala-14-mgt-7863\/"},"modified":"2026-02-27T08:24:16","modified_gmt":"2026-02-27T08:24:16","slug":"minigitarr-guns-n-roses-slash-skala-14-mgt-7863","status":"publish","type":"product","link":"https:\/\/nordicmart.andreevmaster.com\/sv\/produkt\/minigitarr-guns-n-roses-slash-skala-14-mgt-7863\/","title":{"rendered":"Minigitarr \u2013 Guns N&#8217; Roses \u2013 Slash \u2013 Skala 1:4 \u2013 MGT-7863"},"content":{"rendered":"<p>Minigitarr \u2013 Guns N&#8217; Roses &#8211; Slash &#8211; Skala 1:4 &#8211; MGT-7863&nbsp;&nbsp;Miniatyr, handgjord gitarr som replikerar Slashs ikoniska instrument fr\u00e5n bandet Guns N&#8217; Roses. Detta \u00e4r den perfekta presenten f\u00f6r alla rockfans och samlare av musikrelaterade minnessaker.&nbsp;&nbsp;Produktinformation:&nbsp;Handgjord Material: mahognytr\u00e4 M\u00e5tt: h\u00f6jd: 27,5 cm x bredd: 9 cm x djup: 0,8 cm Skala: 1:4 Samlarobjekt F\u00f6rpackning: blisterf\u00f6rpackning Levereras med ett stativ i plast och metall f\u00f6r att st\u00e4lla gitarren p\u00e5 Perfekt f\u00f6r att st\u00e4lla p\u00e5 en hylla eller ett skrivbord&nbsp;&nbsp;Guns N&#8217; Roses minigitarr \u00e4r perfekt som:&nbsp;Present till en Guns N&#8217; Roses-fanPresent till en \u00e4lskare av musikaliska klassiker&nbsp;&nbsp;S\u00e4ljaren \u00e4r p\u00e5 inget s\u00e4tt knuten till tillverkarna av de faktiska instrumenten eller de enskilda artisterna. &nbsp;Namnen p\u00e5 modeller eller artister \u00e4r exempel. De v\u00e4lk\u00e4nda namnen anv\u00e4nds endast f\u00f6r att visa en viss musikstil. Inget av instrumenten \u00e4r en trogen kopia vad g\u00e4ller proportioner, storlek och design. &nbsp;&nbsp;<\/p>\n","protected":false},"excerpt":{"rendered":"<p>Minigitarr \u2013 Guns N&#8217; Roses &#8211; Slash &#8211; Skala 1:4 &#8211; MGT-7863&nbsp;&nbsp;Miniatyr, handgjord gitarr som replikerar Slashs ikoniska instrument fr\u00e5n bandet Guns N&#8217; Roses. Detta \u00e4r den perfekta presenten f\u00f6r alla rockfans och samlare av musikrelaterade minnessaker.&nbsp;&nbsp;Produktinformation:&nbsp;Handgjord Material: mahognytr\u00e4 M\u00e5tt: h\u00f6jd: 27,5 cm x bredd: 9 cm x djup: 0,8 cm Skala: 1:4 Samlarobjekt F\u00f6rpackning: [&hellip;]<\/p>\n","protected":false},"featured_media":44749,"comment_status":"open","ping_status":"closed","template":"","meta":[],"product_brand":[],"product_cat":[33],"product_tag":[],"class_list":{"0":"post-17329","1":"product","2":"type-product","3":"status-publish","4":"has-post-thumbnail","6":"product_cat-okategoriserad","8":"first","9":"instock","10":"shipping-taxable","11":"purchasable","12":"product-type-simple"},"_links":{"self":[{"href":"https:\/\/nordicmart.andreevmaster.com\/sv\/wp-json\/wp\/v2\/product\/17329","targetHints":{"allow":["GET"]}}],"collection":[{"href":"https:\/\/nordicmart.andreevmaster.com\/sv\/wp-json\/wp\/v2\/product"}],"about":[{"href":"https:\/\/nordicmart.andreevmaster.com\/sv\/wp-json\/wp\/v2\/types\/product"}],"replies":[{"embeddable":true,"href":"https:\/\/nordicmart.andreevmaster.com\/sv\/wp-json\/wp\/v2\/comments?post=17329"}],"wp:featuredmedia":[{"embeddable":true,"href":"https:\/\/nordicmart.andreevmaster.com\/sv\/wp-json\/wp\/v2\/media\/44749"}],"wp:attachment":[{"href":"https:\/\/nordicmart.andreevmaster.com\/sv\/wp-json\/wp\/v2\/media?parent=17329"}],"wp:term":[{"taxonomy":"product_brand","embeddable":true,"href":"https:\/\/nordicmart.andreevmaster.com\/sv\/wp-json\/wp\/v2\/product_brand?post=17329"},{"taxonomy":"product_cat","embeddable":true,"href":"https:\/\/nordicmart.andreevmaster.com\/sv\/wp-json\/wp\/v2\/product_cat?post=17329"},{"taxonomy":"product_tag","embeddable":true,"href":"https:\/\/nordicmart.andreevmaster.com\/sv\/wp-json\/wp\/v2\/product_tag?post=17329"}],"curies":[{"name":"wp","href":"https:\/\/api.w.org\/{rel}","templated":true}]}}