{"id":17328,"date":"2026-02-27T00:34:35","date_gmt":"2026-02-27T00:34:35","guid":{"rendered":"https:\/\/nordicmart.andreevmaster.com\/product\/minigitarr-guns-nroses-slash-mgt-7856\/"},"modified":"2026-02-27T08:24:16","modified_gmt":"2026-02-27T08:24:16","slug":"minigitarr-guns-nroses-slash-mgt-7856","status":"publish","type":"product","link":"https:\/\/nordicmart.andreevmaster.com\/sv\/produkt\/minigitarr-guns-nroses-slash-mgt-7856\/","title":{"rendered":"Minigitarr \u2013 Guns N&#8217;Roses \u2013 Slash \u2013 MGT-7856"},"content":{"rendered":"<p>Minigitarr \u2013 Guns N&#8217;Roses \u2013 Slash \u2013 MGT-7856&nbsp;&nbsp;&nbsp;&nbsp;Produktinformation:&nbsp;Handgjord Mahognytr\u00e4 M\u00e5tt: 27,5 x 9 cm x 0,8 cm Skala 1:4 Samlarobjekt Levereras med ett stativ i plast och metall f\u00f6r att st\u00e4lla gitarren p\u00e5&nbsp;&nbsp;&nbsp;&nbsp;S\u00e4ljaren har ingen anknytning till tillverkarna av de riktiga instrumenten eller de enskilda artisterna. &nbsp;Namnen p\u00e5 modeller eller artister \u00e4r exempel. De v\u00e4lk\u00e4nda namnen anv\u00e4nds endast f\u00f6r att visa en viss musikstil. Inget av instrumenten \u00e4r trogna repliker vad g\u00e4ller proportioner, storlek och design. Alla produkter \u00e4r handgjorda.&nbsp;<\/p>\n","protected":false},"excerpt":{"rendered":"<p>Minigitarr \u2013 Guns N&#8217;Roses \u2013 Slash \u2013 MGT-7856&nbsp;&nbsp;&nbsp;&nbsp;Produktinformation:&nbsp;Handgjord Mahognytr\u00e4 M\u00e5tt: 27,5 x 9 cm x 0,8 cm Skala 1:4 Samlarobjekt Levereras med ett stativ i plast och metall f\u00f6r att st\u00e4lla gitarren p\u00e5&nbsp;&nbsp;&nbsp;&nbsp;S\u00e4ljaren har ingen anknytning till tillverkarna av de riktiga instrumenten eller de enskilda artisterna. &nbsp;Namnen p\u00e5 modeller eller artister \u00e4r exempel. De v\u00e4lk\u00e4nda [&hellip;]<\/p>\n","protected":false},"featured_media":44748,"comment_status":"open","ping_status":"closed","template":"","meta":[],"product_brand":[],"product_cat":[33],"product_tag":[],"class_list":{"0":"post-17328","1":"product","2":"type-product","3":"status-publish","4":"has-post-thumbnail","6":"product_cat-okategoriserad","8":"first","9":"instock","10":"shipping-taxable","11":"purchasable","12":"product-type-simple"},"_links":{"self":[{"href":"https:\/\/nordicmart.andreevmaster.com\/sv\/wp-json\/wp\/v2\/product\/17328","targetHints":{"allow":["GET"]}}],"collection":[{"href":"https:\/\/nordicmart.andreevmaster.com\/sv\/wp-json\/wp\/v2\/product"}],"about":[{"href":"https:\/\/nordicmart.andreevmaster.com\/sv\/wp-json\/wp\/v2\/types\/product"}],"replies":[{"embeddable":true,"href":"https:\/\/nordicmart.andreevmaster.com\/sv\/wp-json\/wp\/v2\/comments?post=17328"}],"wp:featuredmedia":[{"embeddable":true,"href":"https:\/\/nordicmart.andreevmaster.com\/sv\/wp-json\/wp\/v2\/media\/44748"}],"wp:attachment":[{"href":"https:\/\/nordicmart.andreevmaster.com\/sv\/wp-json\/wp\/v2\/media?parent=17328"}],"wp:term":[{"taxonomy":"product_brand","embeddable":true,"href":"https:\/\/nordicmart.andreevmaster.com\/sv\/wp-json\/wp\/v2\/product_brand?post=17328"},{"taxonomy":"product_cat","embeddable":true,"href":"https:\/\/nordicmart.andreevmaster.com\/sv\/wp-json\/wp\/v2\/product_cat?post=17328"},{"taxonomy":"product_tag","embeddable":true,"href":"https:\/\/nordicmart.andreevmaster.com\/sv\/wp-json\/wp\/v2\/product_tag?post=17328"}],"curies":[{"name":"wp","href":"https:\/\/api.w.org\/{rel}","templated":true}]}}