{"id":17327,"date":"2026-02-27T00:34:34","date_gmt":"2026-02-27T00:34:34","guid":{"rendered":"https:\/\/nordicmart.andreevmaster.com\/product\/minigitarr-greta-van-flet-jacob-kiszka-mgt-7849\/"},"modified":"2026-02-27T08:24:16","modified_gmt":"2026-02-27T08:24:16","slug":"minigitarr-greta-van-flet-jacob-kiszka-mgt-7849","status":"publish","type":"product","link":"https:\/\/nordicmart.andreevmaster.com\/sv\/produkt\/minigitarr-greta-van-flet-jacob-kiszka-mgt-7849\/","title":{"rendered":"Minigitarr Greta Van Flet Jacob Kiszka MGT-7849"},"content":{"rendered":"<p>Minigitarr Greta Van Flet Jacob Kiszka MGT-7849&nbsp;Minigitarren, inspirerad av Jacob &#8221;Jake&#8221; Kiszka fr\u00e5n det amerikanska bandet Greta Van Flet, \u00e4r en musikalisk pryl som kommer att uppskattas av fans till h\u00e5rdrocksgitarristen. Den passar utm\u00e4rkt som present till en rockmusik\u00e4lskare, Greta Van Flet-fan eller gitarrist. Den f\u00e4rgglada gitarren kommer att piffa upp ett skrivbord eller en bokhylla i ett musik\u00e4lskares rum.Minigitarren \u00e4r handgjord av mahognytr\u00e4. Samlarobjekt. Gitarren \u00e4r inte en leksak. Kan inte spelas.&nbsp;Minigitarr Greta Van Flet \u2013 Jacob Kiszka MGT-7849 specifikation:&nbsp;&bull; M\u00e5tt: H. 27,5 cm x B. 9 cm x D. 0,8 cm&bull; Skala: 1:4&bull; Material: mahogny&bull; F\u00e4rg: flerf\u00e4rgad&bull; Setet inneh\u00e5ller ett stativ i plast och metall f\u00f6r att st\u00e4lla gitarren p\u00e5&nbsp;Minigitarr Greta Van Flet &#8211; Jacob Kiszka MGT-7849 \u00e4r perfekt som:&nbsp;&bull; En pryl f\u00f6r en Greta Van Flet-fan &bull; Musikpryl f\u00f6r h\u00e5rdrocksgitarristen&bull; En present till en h\u00e5rdrocksfan&bull; Musikpryl&nbsp;Observera! S\u00e4ljaren har ingen anknytning till tillverkare av riktiga instrument eller enskilda artister. Namnen p\u00e5 modellerna eller artisterna \u00e4r exempel. K\u00e4nda namn anv\u00e4nds endast f\u00f6r att visa en viss musikstil. Inget av instrumenten \u00e4r en exakt kopia vad g\u00e4ller proportioner, storlek och design.&nbsp;<\/p>\n","protected":false},"excerpt":{"rendered":"<p>Minigitarr Greta Van Flet Jacob Kiszka MGT-7849&nbsp;Minigitarren, inspirerad av Jacob &#8221;Jake&#8221; Kiszka fr\u00e5n det amerikanska bandet Greta Van Flet, \u00e4r en musikalisk pryl som kommer att uppskattas av fans till h\u00e5rdrocksgitarristen. Den passar utm\u00e4rkt som present till en rockmusik\u00e4lskare, Greta Van Flet-fan eller gitarrist. Den f\u00e4rgglada gitarren kommer att piffa upp ett skrivbord eller en [&hellip;]<\/p>\n","protected":false},"featured_media":44747,"comment_status":"open","ping_status":"closed","template":"","meta":[],"product_brand":[],"product_cat":[33],"product_tag":[],"class_list":{"0":"post-17327","1":"product","2":"type-product","3":"status-publish","4":"has-post-thumbnail","6":"product_cat-okategoriserad","8":"first","9":"instock","10":"shipping-taxable","11":"purchasable","12":"product-type-simple"},"_links":{"self":[{"href":"https:\/\/nordicmart.andreevmaster.com\/sv\/wp-json\/wp\/v2\/product\/17327","targetHints":{"allow":["GET"]}}],"collection":[{"href":"https:\/\/nordicmart.andreevmaster.com\/sv\/wp-json\/wp\/v2\/product"}],"about":[{"href":"https:\/\/nordicmart.andreevmaster.com\/sv\/wp-json\/wp\/v2\/types\/product"}],"replies":[{"embeddable":true,"href":"https:\/\/nordicmart.andreevmaster.com\/sv\/wp-json\/wp\/v2\/comments?post=17327"}],"wp:featuredmedia":[{"embeddable":true,"href":"https:\/\/nordicmart.andreevmaster.com\/sv\/wp-json\/wp\/v2\/media\/44747"}],"wp:attachment":[{"href":"https:\/\/nordicmart.andreevmaster.com\/sv\/wp-json\/wp\/v2\/media?parent=17327"}],"wp:term":[{"taxonomy":"product_brand","embeddable":true,"href":"https:\/\/nordicmart.andreevmaster.com\/sv\/wp-json\/wp\/v2\/product_brand?post=17327"},{"taxonomy":"product_cat","embeddable":true,"href":"https:\/\/nordicmart.andreevmaster.com\/sv\/wp-json\/wp\/v2\/product_cat?post=17327"},{"taxonomy":"product_tag","embeddable":true,"href":"https:\/\/nordicmart.andreevmaster.com\/sv\/wp-json\/wp\/v2\/product_tag?post=17327"}],"curies":[{"name":"wp","href":"https:\/\/api.w.org\/{rel}","templated":true}]}}