{"id":17326,"date":"2026-02-27T00:34:34","date_gmt":"2026-02-27T00:34:34","guid":{"rendered":"https:\/\/nordicmart.andreevmaster.com\/product\/mini-guitar-scorpions-matthias-jabs-mgt-7818-2\/"},"modified":"2026-02-27T08:24:15","modified_gmt":"2026-02-27T08:24:15","slug":"mini-guitar-scorpions-matthias-jabs-mgt-7818-2","status":"publish","type":"product","link":"https:\/\/nordicmart.andreevmaster.com\/sv\/produkt\/mini-guitar-scorpions-matthias-jabs-mgt-7818-2\/","title":{"rendered":"Mini Guitar Scorpions Matthias Jabs MGT-7818"},"content":{"rendered":"<p>Mini Guitar Scorpions Matthias Jabs MGT-7818&nbsp;Minigitarren, inspirerad av det legendariska bandet Scorpions och dess gitarrist Matthias Jabs, \u00e4r en fantastisk musikgadget som kommer att stj\u00e4la hj\u00e4rtat hos fansen till detta tyska h\u00e5rdrocksband. Gitarren \u00e4r en fantastisk present f\u00f6r fans av Scorpions och Jabs talang. Den \u00e4r en fin present till en gitarrist och musiker.&nbsp;Miniatyren \u00e4r handgjord av mahognytr\u00e4 i skala 1:4. Detta \u00e4r ett samlarobjekt. Gitarren \u00e4r inte en leksak. Den kan inte spelas p\u00e5. Mini Guitar Scorpions Matthias Jabs MGT-7818 specifikation: \u2022 M\u00e5tt: H. 27,5 cm x B. 9 cm x D. 0,8 cm \u2022 Skala: 1:4 \u2022 Material: mahognytr\u00e4 \u2022 F\u00e4rg: flerf\u00e4rgad, dominerande svart&bull; Setet inneh\u00e5ller ett stativ i plast och metall f\u00f6r att st\u00e4lla gitarren p\u00e5&nbsp;Mini Guitar Scorpions Matthias Jabs MGT-7818 passar utm\u00e4rkt som:&nbsp;&bull; En present till en Scorpions-fan&bull; En pryl f\u00f6r en fan av Matthias Jabs&bull; En present till en musiker&bull; En present till en rockfan&nbsp;Observera! S\u00e4ljaren har ingen anknytning till tillverkare av riktiga instrument eller enskilda artister. Namnen p\u00e5 modellerna eller artisterna \u00e4r exempel. K\u00e4nda namn anv\u00e4nds endast f\u00f6r att visa en viss musikstil. Inget av instrumenten \u00e4r en exakt kopia vad g\u00e4ller proportioner, storlek och design.&nbsp;<\/p>\n","protected":false},"excerpt":{"rendered":"<p>Mini Guitar Scorpions Matthias Jabs MGT-7818&nbsp;Minigitarren, inspirerad av det legendariska bandet Scorpions och dess gitarrist Matthias Jabs, \u00e4r en fantastisk musikgadget som kommer att stj\u00e4la hj\u00e4rtat hos fansen till detta tyska h\u00e5rdrocksband. Gitarren \u00e4r en fantastisk present f\u00f6r fans av Scorpions och Jabs talang. Den \u00e4r en fin present till en gitarrist och musiker.&nbsp;Miniatyren \u00e4r [&hellip;]<\/p>\n","protected":false},"featured_media":44746,"comment_status":"open","ping_status":"closed","template":"","meta":[],"product_brand":[],"product_cat":[33],"product_tag":[],"class_list":{"0":"post-17326","1":"product","2":"type-product","3":"status-publish","4":"has-post-thumbnail","6":"product_cat-okategoriserad","8":"first","9":"instock","10":"shipping-taxable","11":"purchasable","12":"product-type-simple"},"_links":{"self":[{"href":"https:\/\/nordicmart.andreevmaster.com\/sv\/wp-json\/wp\/v2\/product\/17326","targetHints":{"allow":["GET"]}}],"collection":[{"href":"https:\/\/nordicmart.andreevmaster.com\/sv\/wp-json\/wp\/v2\/product"}],"about":[{"href":"https:\/\/nordicmart.andreevmaster.com\/sv\/wp-json\/wp\/v2\/types\/product"}],"replies":[{"embeddable":true,"href":"https:\/\/nordicmart.andreevmaster.com\/sv\/wp-json\/wp\/v2\/comments?post=17326"}],"wp:featuredmedia":[{"embeddable":true,"href":"https:\/\/nordicmart.andreevmaster.com\/sv\/wp-json\/wp\/v2\/media\/44746"}],"wp:attachment":[{"href":"https:\/\/nordicmart.andreevmaster.com\/sv\/wp-json\/wp\/v2\/media?parent=17326"}],"wp:term":[{"taxonomy":"product_brand","embeddable":true,"href":"https:\/\/nordicmart.andreevmaster.com\/sv\/wp-json\/wp\/v2\/product_brand?post=17326"},{"taxonomy":"product_cat","embeddable":true,"href":"https:\/\/nordicmart.andreevmaster.com\/sv\/wp-json\/wp\/v2\/product_cat?post=17326"},{"taxonomy":"product_tag","embeddable":true,"href":"https:\/\/nordicmart.andreevmaster.com\/sv\/wp-json\/wp\/v2\/product_tag?post=17326"}],"curies":[{"name":"wp","href":"https:\/\/api.w.org\/{rel}","templated":true}]}}