{"id":17325,"date":"2026-02-27T00:34:34","date_gmt":"2026-02-27T00:34:34","guid":{"rendered":"https:\/\/nordicmart.andreevmaster.com\/product\/minigitarr-inspirerad-av-jim-morrison-the-doors-mahognytra-mgt-6569\/"},"modified":"2026-02-27T08:24:15","modified_gmt":"2026-02-27T08:24:15","slug":"minigitarr-inspirerad-av-jim-morrison-the-doors-mahognytra-mgt-6569","status":"publish","type":"product","link":"https:\/\/nordicmart.andreevmaster.com\/sv\/produkt\/minigitarr-inspirerad-av-jim-morrison-the-doors-mahognytra-mgt-6569\/","title":{"rendered":"Minigitarr inspirerad av Jim Morrison The Doors \u2013 mahognytr\u00e4 \u2013 MGT-6569"},"content":{"rendered":"<p>Mini-gitarr inspirerad av Jim Morrison The Doors &#8211; Mahognytr\u00e4 &#8211; MGT-6569.&nbsp;&nbsp;Dekorativ mini-gitarr inspirerad av rockikonen Jim Morrison fr\u00e5n bandet The Doors. Noggrant tillverkad i skala 1:4, \u00e4r den ett unikt samlarobjekt med i\u00f6gonfallande detaljer. Den passar utm\u00e4rkt som dekoration p\u00e5 skrivbordet, hyllan eller i vitrinen. En utm\u00e4rkt presentid\u00e9 f\u00f6r musik\u00e4lskare.&nbsp;&nbsp;Produktinformation:&nbsp;M\u00e5tt: h\u00f6jd 27,5 cm x bredd 9 cm x djup 0,8 cmSkala: 1:4Material: mahognytr\u00e4Stativ ing\u00e5rGitarren kan inte spelas p\u00e5 \u2013 den \u00e4r en dekorationsartikelSamlarobjekt&nbsp;Perfekt present till:&nbsp;Fans av The Doors och Jim Morrison Samlare av miniatyminstrument Musiker och rockentusiaster<\/p>\n","protected":false},"excerpt":{"rendered":"<p>Mini-gitarr inspirerad av Jim Morrison The Doors &#8211; Mahognytr\u00e4 &#8211; MGT-6569.&nbsp;&nbsp;Dekorativ mini-gitarr inspirerad av rockikonen Jim Morrison fr\u00e5n bandet The Doors. Noggrant tillverkad i skala 1:4, \u00e4r den ett unikt samlarobjekt med i\u00f6gonfallande detaljer. Den passar utm\u00e4rkt som dekoration p\u00e5 skrivbordet, hyllan eller i vitrinen. En utm\u00e4rkt presentid\u00e9 f\u00f6r musik\u00e4lskare.&nbsp;&nbsp;Produktinformation:&nbsp;M\u00e5tt: h\u00f6jd 27,5 cm x bredd [&hellip;]<\/p>\n","protected":false},"featured_media":44745,"comment_status":"open","ping_status":"closed","template":"","meta":[],"product_brand":[],"product_cat":[33],"product_tag":[],"class_list":{"0":"post-17325","1":"product","2":"type-product","3":"status-publish","4":"has-post-thumbnail","6":"product_cat-okategoriserad","8":"first","9":"instock","10":"shipping-taxable","11":"purchasable","12":"product-type-simple"},"_links":{"self":[{"href":"https:\/\/nordicmart.andreevmaster.com\/sv\/wp-json\/wp\/v2\/product\/17325","targetHints":{"allow":["GET"]}}],"collection":[{"href":"https:\/\/nordicmart.andreevmaster.com\/sv\/wp-json\/wp\/v2\/product"}],"about":[{"href":"https:\/\/nordicmart.andreevmaster.com\/sv\/wp-json\/wp\/v2\/types\/product"}],"replies":[{"embeddable":true,"href":"https:\/\/nordicmart.andreevmaster.com\/sv\/wp-json\/wp\/v2\/comments?post=17325"}],"wp:featuredmedia":[{"embeddable":true,"href":"https:\/\/nordicmart.andreevmaster.com\/sv\/wp-json\/wp\/v2\/media\/44745"}],"wp:attachment":[{"href":"https:\/\/nordicmart.andreevmaster.com\/sv\/wp-json\/wp\/v2\/media?parent=17325"}],"wp:term":[{"taxonomy":"product_brand","embeddable":true,"href":"https:\/\/nordicmart.andreevmaster.com\/sv\/wp-json\/wp\/v2\/product_brand?post=17325"},{"taxonomy":"product_cat","embeddable":true,"href":"https:\/\/nordicmart.andreevmaster.com\/sv\/wp-json\/wp\/v2\/product_cat?post=17325"},{"taxonomy":"product_tag","embeddable":true,"href":"https:\/\/nordicmart.andreevmaster.com\/sv\/wp-json\/wp\/v2\/product_tag?post=17325"}],"curies":[{"name":"wp","href":"https:\/\/api.w.org\/{rel}","templated":true}]}}