{"id":17324,"date":"2026-02-27T00:34:34","date_gmt":"2026-02-27T00:34:34","guid":{"rendered":"https:\/\/nordicmart.andreevmaster.com\/product\/mini-guitar-inspired-by-bob-dylan-mgt-5845-2\/"},"modified":"2026-02-27T08:24:15","modified_gmt":"2026-02-27T08:24:15","slug":"mini-guitar-inspired-by-bob-dylan-mgt-5845-2","status":"publish","type":"product","link":"https:\/\/nordicmart.andreevmaster.com\/sv\/produkt\/mini-guitar-inspired-by-bob-dylan-mgt-5845-2\/","title":{"rendered":"Mini Guitar Inspired by Bob Dylan &#8211; MGT-5845"},"content":{"rendered":"<p>Mini Guitar Inspired by Bob Dylan &#8211; MGT-5845&nbsp;&nbsp;Den omsorgsfullt tillverkade miniatyrgitarren \u00e4r en hyllning till en av musikens st\u00f6rsta ikoner \u2013 Bob Dylan. Den \u00e4r tillverkad av h\u00f6gkvalitativt mahognytr\u00e4 och ser exceptionellt elegant och estetiskt tilltalande ut. Den kan anv\u00e4ndas som pris i en musikt\u00e4vling, som present till en musikl\u00e4rare eller som present till en gitarrist. Produktinformation:M\u00e5tt: h\u00f6jd 27,5 cm x bredd 9 cm x djup 0,8 cm Skala: 1:4 Material: mahogny Tr\u00e4st\u00e4ll ing\u00e5r Gitarren kan inte spelas p\u00e5 \u2013 den \u00e4r en dekorationsartikel SamlarobjektPerfekt present till:&nbsp;Bob Dylan-fans Samlare av miniatyminstrument Musiker och rockentusiaster Personer som letar efter en originell inredningsdetalj&nbsp;<\/p>\n","protected":false},"excerpt":{"rendered":"<p>Mini Guitar Inspired by Bob Dylan &#8211; MGT-5845&nbsp;&nbsp;Den omsorgsfullt tillverkade miniatyrgitarren \u00e4r en hyllning till en av musikens st\u00f6rsta ikoner \u2013 Bob Dylan. Den \u00e4r tillverkad av h\u00f6gkvalitativt mahognytr\u00e4 och ser exceptionellt elegant och estetiskt tilltalande ut. Den kan anv\u00e4ndas som pris i en musikt\u00e4vling, som present till en musikl\u00e4rare eller som present till en [&hellip;]<\/p>\n","protected":false},"featured_media":44744,"comment_status":"open","ping_status":"closed","template":"","meta":[],"product_brand":[],"product_cat":[33],"product_tag":[],"class_list":{"0":"post-17324","1":"product","2":"type-product","3":"status-publish","4":"has-post-thumbnail","6":"product_cat-okategoriserad","8":"first","9":"instock","10":"shipping-taxable","11":"purchasable","12":"product-type-simple"},"_links":{"self":[{"href":"https:\/\/nordicmart.andreevmaster.com\/sv\/wp-json\/wp\/v2\/product\/17324","targetHints":{"allow":["GET"]}}],"collection":[{"href":"https:\/\/nordicmart.andreevmaster.com\/sv\/wp-json\/wp\/v2\/product"}],"about":[{"href":"https:\/\/nordicmart.andreevmaster.com\/sv\/wp-json\/wp\/v2\/types\/product"}],"replies":[{"embeddable":true,"href":"https:\/\/nordicmart.andreevmaster.com\/sv\/wp-json\/wp\/v2\/comments?post=17324"}],"wp:featuredmedia":[{"embeddable":true,"href":"https:\/\/nordicmart.andreevmaster.com\/sv\/wp-json\/wp\/v2\/media\/44744"}],"wp:attachment":[{"href":"https:\/\/nordicmart.andreevmaster.com\/sv\/wp-json\/wp\/v2\/media?parent=17324"}],"wp:term":[{"taxonomy":"product_brand","embeddable":true,"href":"https:\/\/nordicmart.andreevmaster.com\/sv\/wp-json\/wp\/v2\/product_brand?post=17324"},{"taxonomy":"product_cat","embeddable":true,"href":"https:\/\/nordicmart.andreevmaster.com\/sv\/wp-json\/wp\/v2\/product_cat?post=17324"},{"taxonomy":"product_tag","embeddable":true,"href":"https:\/\/nordicmart.andreevmaster.com\/sv\/wp-json\/wp\/v2\/product_tag?post=17324"}],"curies":[{"name":"wp","href":"https:\/\/api.w.org\/{rel}","templated":true}]}}