{"id":17323,"date":"2026-02-27T00:34:33","date_gmt":"2026-02-27T00:34:33","guid":{"rendered":"https:\/\/nordicmart.andreevmaster.com\/product\/minigitarr-the-beatles-abbey-road-mgt-5159\/"},"modified":"2026-02-27T08:24:15","modified_gmt":"2026-02-27T08:24:15","slug":"minigitarr-the-beatles-abbey-road-mgt-5159","status":"publish","type":"product","link":"https:\/\/nordicmart.andreevmaster.com\/sv\/produkt\/minigitarr-the-beatles-abbey-road-mgt-5159\/","title":{"rendered":"Minigitarr \u2013 The Beatles \u2013 Abbey Road , MGT-5159"},"content":{"rendered":"<p>Minigitarr \u2013 The Beatles \u2013 Abbey Road, MGT-5159 &nbsp;Handgjord i mahognytr\u00e4 m\u00e5tt: H. 27,5 cm x B. 9 cm x D. 0,8 cm skala 1:4 samlarobjekt En fantastisk present till en Beatles-fan &nbsp;S\u00e4ljaren har ingen anknytning till tillverkare av riktiga instrument eller enskilda artister. Modellernas namn eller artisternas namn \u00e4r exempel. K\u00e4nda namn anv\u00e4nds endast f\u00f6r att visa en viss musikstil. Inget av instrumenten \u00e4r en exakt kopia vad g\u00e4ller proportioner, storlek och design. Alla produkter \u00e4r handgjorda.&nbsp;<\/p>\n","protected":false},"excerpt":{"rendered":"<p>Minigitarr \u2013 The Beatles \u2013 Abbey Road, MGT-5159 &nbsp;Handgjord i mahognytr\u00e4 m\u00e5tt: H. 27,5 cm x B. 9 cm x D. 0,8 cm skala 1:4 samlarobjekt En fantastisk present till en Beatles-fan &nbsp;S\u00e4ljaren har ingen anknytning till tillverkare av riktiga instrument eller enskilda artister. Modellernas namn eller artisternas namn \u00e4r exempel. K\u00e4nda namn anv\u00e4nds endast [&hellip;]<\/p>\n","protected":false},"featured_media":44743,"comment_status":"open","ping_status":"closed","template":"","meta":[],"product_brand":[],"product_cat":[33],"product_tag":[],"class_list":{"0":"post-17323","1":"product","2":"type-product","3":"status-publish","4":"has-post-thumbnail","6":"product_cat-okategoriserad","8":"first","9":"instock","10":"shipping-taxable","11":"purchasable","12":"product-type-simple"},"_links":{"self":[{"href":"https:\/\/nordicmart.andreevmaster.com\/sv\/wp-json\/wp\/v2\/product\/17323","targetHints":{"allow":["GET"]}}],"collection":[{"href":"https:\/\/nordicmart.andreevmaster.com\/sv\/wp-json\/wp\/v2\/product"}],"about":[{"href":"https:\/\/nordicmart.andreevmaster.com\/sv\/wp-json\/wp\/v2\/types\/product"}],"replies":[{"embeddable":true,"href":"https:\/\/nordicmart.andreevmaster.com\/sv\/wp-json\/wp\/v2\/comments?post=17323"}],"wp:featuredmedia":[{"embeddable":true,"href":"https:\/\/nordicmart.andreevmaster.com\/sv\/wp-json\/wp\/v2\/media\/44743"}],"wp:attachment":[{"href":"https:\/\/nordicmart.andreevmaster.com\/sv\/wp-json\/wp\/v2\/media?parent=17323"}],"wp:term":[{"taxonomy":"product_brand","embeddable":true,"href":"https:\/\/nordicmart.andreevmaster.com\/sv\/wp-json\/wp\/v2\/product_brand?post=17323"},{"taxonomy":"product_cat","embeddable":true,"href":"https:\/\/nordicmart.andreevmaster.com\/sv\/wp-json\/wp\/v2\/product_cat?post=17323"},{"taxonomy":"product_tag","embeddable":true,"href":"https:\/\/nordicmart.andreevmaster.com\/sv\/wp-json\/wp\/v2\/product_tag?post=17323"}],"curies":[{"name":"wp","href":"https:\/\/api.w.org\/{rel}","templated":true}]}}