{"id":17321,"date":"2026-02-27T00:34:32","date_gmt":"2026-02-27T00:34:32","guid":{"rendered":"https:\/\/nordicmart.andreevmaster.com\/product\/minigitarr-inspirerad-av-kurt-cobain-mgt-3247\/"},"modified":"2026-02-27T08:24:14","modified_gmt":"2026-02-27T08:24:14","slug":"minigitarr-inspirerad-av-kurt-cobain-mgt-3247","status":"publish","type":"product","link":"https:\/\/nordicmart.andreevmaster.com\/sv\/produkt\/minigitarr-inspirerad-av-kurt-cobain-mgt-3247\/","title":{"rendered":"Minigitarr inspirerad av Kurt Cobain &#8211; MGT-3247"},"content":{"rendered":"<p>Minigitarr inspirerad av Kurt Cobain &#8211; MGT-3247&nbsp;&nbsp;Denna handgjorda minigitarr i mahognytr\u00e4 \u00e4r ett m\u00e5ste f\u00f6r alla fans av Nirvana och Kurt Cobain. Perfekt f\u00f6r samlare och rockmusik\u00e4lskare.&nbsp;Minigitarren \u00e4r handgjord av mahognytr\u00e4. Samlarobjekt. Gitarren \u00e4r inte en leksak. Den kan inte spelas p\u00e5.&nbsp;&nbsp;Produktinformation:&nbsp;M\u00e5tt: h\u00f6jd 27,5 cm x bredd 9 cm x djup 0,8 cm Skala: 1:4 Material: mahognytr\u00e4 F\u00e4rg: svart, vit Stativ: levereras med ett stativ i plast och metall att st\u00e4lla gitarren p\u00e5. Observera att s\u00e4ljaren inte p\u00e5 n\u00e5got s\u00e4tt \u00e4r knuten till tillverkarna av de faktiska instrumenten eller de enskilda artisterna. Namnen p\u00e5 modellerna eller namnen p\u00e5 artisterna \u00e4r exempel. K\u00e4nda namn anv\u00e4nds endast f\u00f6r att visa en viss musikstil. Inget av instrumenten \u00e4r en trogen kopia vad g\u00e4ller proportioner, storlek och design.&nbsp;&nbsp;<\/p>\n","protected":false},"excerpt":{"rendered":"<p>Minigitarr inspirerad av Kurt Cobain &#8211; MGT-3247&nbsp;&nbsp;Denna handgjorda minigitarr i mahognytr\u00e4 \u00e4r ett m\u00e5ste f\u00f6r alla fans av Nirvana och Kurt Cobain. Perfekt f\u00f6r samlare och rockmusik\u00e4lskare.&nbsp;Minigitarren \u00e4r handgjord av mahognytr\u00e4. Samlarobjekt. Gitarren \u00e4r inte en leksak. Den kan inte spelas p\u00e5.&nbsp;&nbsp;Produktinformation:&nbsp;M\u00e5tt: h\u00f6jd 27,5 cm x bredd 9 cm x djup 0,8 cm Skala: 1:4 [&hellip;]<\/p>\n","protected":false},"featured_media":44742,"comment_status":"open","ping_status":"closed","template":"","meta":[],"product_brand":[],"product_cat":[33],"product_tag":[],"class_list":{"0":"post-17321","1":"product","2":"type-product","3":"status-publish","4":"has-post-thumbnail","6":"product_cat-okategoriserad","8":"first","9":"instock","10":"shipping-taxable","11":"purchasable","12":"product-type-simple"},"_links":{"self":[{"href":"https:\/\/nordicmart.andreevmaster.com\/sv\/wp-json\/wp\/v2\/product\/17321","targetHints":{"allow":["GET"]}}],"collection":[{"href":"https:\/\/nordicmart.andreevmaster.com\/sv\/wp-json\/wp\/v2\/product"}],"about":[{"href":"https:\/\/nordicmart.andreevmaster.com\/sv\/wp-json\/wp\/v2\/types\/product"}],"replies":[{"embeddable":true,"href":"https:\/\/nordicmart.andreevmaster.com\/sv\/wp-json\/wp\/v2\/comments?post=17321"}],"wp:featuredmedia":[{"embeddable":true,"href":"https:\/\/nordicmart.andreevmaster.com\/sv\/wp-json\/wp\/v2\/media\/44742"}],"wp:attachment":[{"href":"https:\/\/nordicmart.andreevmaster.com\/sv\/wp-json\/wp\/v2\/media?parent=17321"}],"wp:term":[{"taxonomy":"product_brand","embeddable":true,"href":"https:\/\/nordicmart.andreevmaster.com\/sv\/wp-json\/wp\/v2\/product_brand?post=17321"},{"taxonomy":"product_cat","embeddable":true,"href":"https:\/\/nordicmart.andreevmaster.com\/sv\/wp-json\/wp\/v2\/product_cat?post=17321"},{"taxonomy":"product_tag","embeddable":true,"href":"https:\/\/nordicmart.andreevmaster.com\/sv\/wp-json\/wp\/v2\/product_tag?post=17321"}],"curies":[{"name":"wp","href":"https:\/\/api.w.org\/{rel}","templated":true}]}}