{"id":17320,"date":"2026-02-27T00:34:32","date_gmt":"2026-02-27T00:34:32","guid":{"rendered":"https:\/\/nordicmart.andreevmaster.com\/product\/rollykid-deutz-fahr-rolly-toys-traktor-med-slapvagn\/"},"modified":"2026-02-27T08:24:14","modified_gmt":"2026-02-27T08:24:14","slug":"rollykid-deutz-fahr-rolly-toys-traktor-med-slapvagn","status":"publish","type":"product","link":"https:\/\/nordicmart.andreevmaster.com\/sv\/produkt\/rollykid-deutz-fahr-rolly-toys-traktor-med-slapvagn\/","title":{"rendered":"RollyKid Deutz-Fahr Rolly Toys traktor med sl\u00e4pvagn"},"content":{"rendered":"<p>En av de b\u00e4sta lektraktorerna f\u00f6r barn som finns p\u00e5 marknaden. Denna traktor \u00e4r en dr\u00f6m som g\u00e5r i uppfyllelse f\u00f6r m\u00e5nga sm\u00e5 traktorf\u00f6rare. Noggrant tillverkad, med uppm\u00e4rksamhet p\u00e5 minsta detalj. Ingen riktig bonde skulle rynka p\u00e5 n\u00e4san \u00e5t den. Den perfekta presenten f\u00f6r alla tillf\u00e4llen. <\/p>\n<p>RollyKid-traktorn, tillverkad under licens fr\u00e5n Deutz-Fahrz, med skopa och sl\u00e4pvagn fr\u00e5n Rolly Toys, \u00e4r en av de b\u00e4sta traktorerna f\u00f6r barn som finns p\u00e5 marknaden. Denna leksak \u00e4r en dr\u00f6m som g\u00e5r i uppfyllelse f\u00f6r m\u00e5nga sm\u00e5 traktorf\u00f6rare. Noggrant tillverkad, med uppm\u00e4rksamhet p\u00e5 minsta detalj. Ingen riktig bonde skulle rynka p\u00e5 n\u00e4san \u00e5t den. Den perfekta presenten f\u00f6r alla tillf\u00e4llen. Denna gr\u00f6na pedaltraktor \u00e4r den perfekta leksaken f\u00f6r barn fr\u00e5n 3 \u00e5r. Leksaken kommer att tj\u00e4na dina barn i m\u00e5nga \u00e5r och inte bara ge dem mycket gl\u00e4dje, utan ocks\u00e5 utveckla deras motorik och koordination. Traktorns design garanterar fullst\u00e4ndig s\u00e4kerhet under lek tack vare det inbyggda mekaniska systemet, som skyddar barnet fr\u00e5n oavsiktliga skador. Den h\u00f6gkvalitativa gl\u00e4nsande plasten som traktorn \u00e4r tillverkad av \u00e4r l\u00e4tt att h\u00e5lla ren, vilket inneb\u00e4r att fordonet alltid ser ut som nytt. Ytterligare funktioner, s\u00e5som en r\u00f6rlig skopa och avtagbar sl\u00e4pvagn, ger extra variation och g\u00f6r det m\u00f6jligt f\u00f6r barnet att transportera olika f\u00f6rem\u00e5l och simulera lantbruksarbete. Den \u00f6ppningsbara motorhuven ger realism och g\u00f6r det m\u00f6jligt f\u00f6r barnet att leka \u00e4nnu mer interaktivt. Navkapslarna och den robusta kedjetransmissionsmekanismen garanterar leksakens h\u00e5llbarhet och tillf\u00f6rlitlighet. PRODUKTEN \u00c4R HELT TILLVERKAD I TYSKLAND<\/p>\n<p>EGENSKAPER: &#8211; Tillverkad under licens fr\u00e5n Deutz-Fahr, en av Europas st\u00f6rsta tillverkare av jordbruksutrustning &#8211; R\u00f6rlig skopa \u2013 g\u00f6r att barn kan imitera arbete p\u00e5 en byggarbetsplats eller g\u00e5rd, vilket utvecklar deras fantasi och manuella f\u00e4rdigheter &#8211; Sl\u00e4pvagn ing\u00e5r &#8211; Produkten \u00e4r tillverkad av h\u00f6gkvalitativ plast som \u00e4r l\u00e4tt att h\u00e5lla ren. &#8211; Hela det mekaniska systemet \u00e4r s\u00e4kert inneslutet, vilket skyddar barn fr\u00e5n oavsiktliga skador &#8211; Bakre dragkrok \u2013 g\u00f6r det m\u00f6jligt att f\u00e4sta ytterligare tillbeh\u00f6r eller sl\u00e4pvagnar, vilket \u00f6kar traktorns funktionalitet.<\/p>\n","protected":false},"excerpt":{"rendered":"<p>En av de b\u00e4sta lektraktorerna f\u00f6r barn som finns p\u00e5 marknaden. Denna traktor \u00e4r en dr\u00f6m som g\u00e5r i uppfyllelse f\u00f6r m\u00e5nga sm\u00e5 traktorf\u00f6rare. Noggrant tillverkad, med uppm\u00e4rksamhet p\u00e5 minsta detalj. Ingen riktig bonde skulle rynka p\u00e5 n\u00e4san \u00e5t den. Den perfekta presenten f\u00f6r alla tillf\u00e4llen. RollyKid-traktorn, tillverkad under licens fr\u00e5n Deutz-Fahrz, med skopa och [&hellip;]<\/p>\n","protected":false},"featured_media":0,"comment_status":"open","ping_status":"closed","template":"","meta":[],"product_brand":[],"product_cat":[33],"product_tag":[],"class_list":{"0":"post-17320","1":"product","2":"type-product","3":"status-publish","5":"product_cat-okategoriserad","7":"first","8":"instock","9":"shipping-taxable","10":"purchasable","11":"product-type-simple"},"_links":{"self":[{"href":"https:\/\/nordicmart.andreevmaster.com\/sv\/wp-json\/wp\/v2\/product\/17320","targetHints":{"allow":["GET"]}}],"collection":[{"href":"https:\/\/nordicmart.andreevmaster.com\/sv\/wp-json\/wp\/v2\/product"}],"about":[{"href":"https:\/\/nordicmart.andreevmaster.com\/sv\/wp-json\/wp\/v2\/types\/product"}],"replies":[{"embeddable":true,"href":"https:\/\/nordicmart.andreevmaster.com\/sv\/wp-json\/wp\/v2\/comments?post=17320"}],"wp:attachment":[{"href":"https:\/\/nordicmart.andreevmaster.com\/sv\/wp-json\/wp\/v2\/media?parent=17320"}],"wp:term":[{"taxonomy":"product_brand","embeddable":true,"href":"https:\/\/nordicmart.andreevmaster.com\/sv\/wp-json\/wp\/v2\/product_brand?post=17320"},{"taxonomy":"product_cat","embeddable":true,"href":"https:\/\/nordicmart.andreevmaster.com\/sv\/wp-json\/wp\/v2\/product_cat?post=17320"},{"taxonomy":"product_tag","embeddable":true,"href":"https:\/\/nordicmart.andreevmaster.com\/sv\/wp-json\/wp\/v2\/product_tag?post=17320"}],"curies":[{"name":"wp","href":"https:\/\/api.w.org\/{rel}","templated":true}]}}