{"id":17319,"date":"2026-02-27T00:34:32","date_gmt":"2026-02-27T00:34:32","guid":{"rendered":"https:\/\/nordicmart.andreevmaster.com\/product\/rolly-toys-rollykid-x-pedaltraktor-med-spade-och-slap\/"},"modified":"2026-02-27T08:24:14","modified_gmt":"2026-02-27T08:24:14","slug":"rolly-toys-rollykid-x-pedaltraktor-med-spade-och-slap","status":"publish","type":"product","link":"https:\/\/nordicmart.andreevmaster.com\/sv\/produkt\/rolly-toys-rollykid-x-pedaltraktor-med-spade-och-slap\/","title":{"rendered":"Rolly Toys rollyKid-X pedaltraktor med spade och sl\u00e4p"},"content":{"rendered":"<p>RollyKid NH T 7040 traktor med spade och sl\u00e4p fr\u00e5n Rolly Toys \u00e4r en h\u00f6gkvalitativ \u00e5kleksak som \u00e4r utformad med de yngsta anv\u00e4ndarna i \u00e5tanke. Denna bl\u00e5 pedaltraktor \u00e4r den perfekta leksaken f\u00f6r barn fr\u00e5n 2,5 \u00e5r. Leksaken kommer att tj\u00e4na dina barn i m\u00e5nga \u00e5r och inte bara ge dem mycket gl\u00e4dje, utan ocks\u00e5 utveckla deras motorik och koordination. Traktorns design garanterar fullst\u00e4ndig s\u00e4kerhet under lek tack vare det inbyggda mekaniska systemet, som skyddar barnet fr\u00e5n oavsiktliga skador. Traktorns vackra gr\u00f6na f\u00e4rg med gul skopa v\u00e4cker barnets uppm\u00e4rksamhet och ser fantastisk ut. Ytterligare funktioner, s\u00e5som en r\u00f6rlig skopa och avtagbar sl\u00e4pvagn, g\u00f6r leken mer varierad och l\u00e5ter barnet transportera olika f\u00f6rem\u00e5l och leka att det arbetar p\u00e5 en bondg\u00e5rd. Den \u00f6ppningsbara motorhuven ger en realistisk k\u00e4nsla och l\u00e5ter barnet leka p\u00e5 ett \u00e4nnu mer interaktivt s\u00e4tt. Hjulkapseln och den robusta kedjetransmissionsmekanismen garanterar leksakens h\u00e5llbarhet och tillf\u00f6rlitlighet. <\/p>\n<p>FUNKTIONER: <\/p>\n<p>&#8211; Det mekaniska systemet \u00e4r inneslutet och otillg\u00e4ngligt f\u00f6r barn.<br \/>\n&#8211; Setet inneh\u00e5ller en traktor, sl\u00e4pvagn och r\u00f6rlig skopa, vilket g\u00f6r leken \u00e4nnu roligare och g\u00f6r det m\u00f6jligt att transportera och lasta olika f\u00f6rem\u00e5l.- Setet inneh\u00e5ller en traktor, sl\u00e4pvagn och r\u00f6rlig skopa, vilket g\u00f6r leken \u00e4nnu roligare och m\u00f6jligg\u00f6r transport och lastning av olika f\u00f6rem\u00e5l.<\/p>\n<p>&#8211; \u00d6ppningsbar motorhuv \u2013 barn kan \u00f6ppna traktorns motorhuv och f\u00f6rvara sm\u00e5 f\u00f6rem\u00e5l som beh\u00f6vs f\u00f6r leken d\u00e4r<\/p>\n<p>&#8211; Inbyggd, justerbar kedjedrivning \u2013 hela det mekaniska systemet \u00e4r s\u00e4kert inneslutet, vilket skyddar barn fr\u00e5n oavsiktliga skador.- R\u00f6rlig skopa \u2013 g\u00f6r det m\u00f6jligt f\u00f6r barn att imitera arbete p\u00e5 en byggarbetsplats eller g\u00e5rd, vilket utvecklar deras fantasi och manuella f\u00e4rdigheter. &#8211; Avtagbar sl\u00e4pvagn \u2013 den l\u00e4tt avtagbara och p\u00e5kopplingsbara sl\u00e4pvagnen g\u00f6r det m\u00f6jligt att transportera olika f\u00f6rem\u00e5l, vilket \u00f6kar traktorns funktionalitet. &#8211; Den har en bakre dragkrok \u2013 tack vare vilken du kan koppla p\u00e5 ytterligare tillbeh\u00f6r eller sl\u00e4pvagnar, vilket \u00f6kar traktorns funktionalitet.<\/p>\n","protected":false},"excerpt":{"rendered":"<p>RollyKid NH T 7040 traktor med spade och sl\u00e4p fr\u00e5n Rolly Toys \u00e4r en h\u00f6gkvalitativ \u00e5kleksak som \u00e4r utformad med de yngsta anv\u00e4ndarna i \u00e5tanke. Denna bl\u00e5 pedaltraktor \u00e4r den perfekta leksaken f\u00f6r barn fr\u00e5n 2,5 \u00e5r. Leksaken kommer att tj\u00e4na dina barn i m\u00e5nga \u00e5r och inte bara ge dem mycket gl\u00e4dje, utan ocks\u00e5 [&hellip;]<\/p>\n","protected":false},"featured_media":0,"comment_status":"open","ping_status":"closed","template":"","meta":[],"product_brand":[],"product_cat":[33],"product_tag":[],"class_list":{"0":"post-17319","1":"product","2":"type-product","3":"status-publish","5":"product_cat-okategoriserad","7":"first","8":"instock","9":"shipping-taxable","10":"purchasable","11":"product-type-simple"},"_links":{"self":[{"href":"https:\/\/nordicmart.andreevmaster.com\/sv\/wp-json\/wp\/v2\/product\/17319","targetHints":{"allow":["GET"]}}],"collection":[{"href":"https:\/\/nordicmart.andreevmaster.com\/sv\/wp-json\/wp\/v2\/product"}],"about":[{"href":"https:\/\/nordicmart.andreevmaster.com\/sv\/wp-json\/wp\/v2\/types\/product"}],"replies":[{"embeddable":true,"href":"https:\/\/nordicmart.andreevmaster.com\/sv\/wp-json\/wp\/v2\/comments?post=17319"}],"wp:attachment":[{"href":"https:\/\/nordicmart.andreevmaster.com\/sv\/wp-json\/wp\/v2\/media?parent=17319"}],"wp:term":[{"taxonomy":"product_brand","embeddable":true,"href":"https:\/\/nordicmart.andreevmaster.com\/sv\/wp-json\/wp\/v2\/product_brand?post=17319"},{"taxonomy":"product_cat","embeddable":true,"href":"https:\/\/nordicmart.andreevmaster.com\/sv\/wp-json\/wp\/v2\/product_cat?post=17319"},{"taxonomy":"product_tag","embeddable":true,"href":"https:\/\/nordicmart.andreevmaster.com\/sv\/wp-json\/wp\/v2\/product_tag?post=17319"}],"curies":[{"name":"wp","href":"https:\/\/api.w.org\/{rel}","templated":true}]}}