{"id":17318,"date":"2026-02-27T00:34:32","date_gmt":"2026-02-27T00:34:32","guid":{"rendered":"https:\/\/nordicmart.andreevmaster.com\/product\/minigitarr-i-slash-stil-mgt-2653\/"},"modified":"2026-02-27T08:24:14","modified_gmt":"2026-02-27T08:24:14","slug":"minigitarr-i-slash-stil-mgt-2653","status":"publish","type":"product","link":"https:\/\/nordicmart.andreevmaster.com\/sv\/produkt\/minigitarr-i-slash-stil-mgt-2653\/","title":{"rendered":"Minigitarr i Slash-stil \u2013 MGT-2653"},"content":{"rendered":"<p>Minigitarr i Slash-stil &#8211; MGT-2653&nbsp;&nbsp;&nbsp;Minigitarr i Slash-stil \u00e4r en perfekt pryl f\u00f6r rockmusikfans. Den \u00e4r en fantastisk skrivbordsdekoration f\u00f6r \u00e4lskare av denna legendariska gitarrist. Denna miniatyr \u00e4r handgjord av mahognytr\u00e4 i skala 1:4.&nbsp;&nbsp;Produktinformation:&nbsp;M\u00e5tt: h\u00f6jd 24,5 cmSkala: 1:4Material: mahognytr\u00e4Stativ ing\u00e5r&nbsp;&nbsp;Observera att s\u00e4ljaren inte p\u00e5 n\u00e5got s\u00e4tt \u00e4r knuten till tillverkarna av de riktiga instrumenten eller de enskilda artisterna. Modellnamn eller artistnamn \u00e4r exempel. De v\u00e4lk\u00e4nda namnen anv\u00e4nds endast f\u00f6r att visa en viss musikstil. Inget av instrumenten \u00e4r trogna repliker vad g\u00e4ller proportioner, storlek och design.&nbsp;<\/p>\n","protected":false},"excerpt":{"rendered":"<p>Minigitarr i Slash-stil &#8211; MGT-2653&nbsp;&nbsp;&nbsp;Minigitarr i Slash-stil \u00e4r en perfekt pryl f\u00f6r rockmusikfans. Den \u00e4r en fantastisk skrivbordsdekoration f\u00f6r \u00e4lskare av denna legendariska gitarrist. Denna miniatyr \u00e4r handgjord av mahognytr\u00e4 i skala 1:4.&nbsp;&nbsp;Produktinformation:&nbsp;M\u00e5tt: h\u00f6jd 24,5 cmSkala: 1:4Material: mahognytr\u00e4Stativ ing\u00e5r&nbsp;&nbsp;Observera att s\u00e4ljaren inte p\u00e5 n\u00e5got s\u00e4tt \u00e4r knuten till tillverkarna av de riktiga instrumenten eller de [&hellip;]<\/p>\n","protected":false},"featured_media":44741,"comment_status":"open","ping_status":"closed","template":"","meta":[],"product_brand":[],"product_cat":[33],"product_tag":[],"class_list":{"0":"post-17318","1":"product","2":"type-product","3":"status-publish","4":"has-post-thumbnail","6":"product_cat-okategoriserad","8":"first","9":"instock","10":"shipping-taxable","11":"purchasable","12":"product-type-simple"},"_links":{"self":[{"href":"https:\/\/nordicmart.andreevmaster.com\/sv\/wp-json\/wp\/v2\/product\/17318","targetHints":{"allow":["GET"]}}],"collection":[{"href":"https:\/\/nordicmart.andreevmaster.com\/sv\/wp-json\/wp\/v2\/product"}],"about":[{"href":"https:\/\/nordicmart.andreevmaster.com\/sv\/wp-json\/wp\/v2\/types\/product"}],"replies":[{"embeddable":true,"href":"https:\/\/nordicmart.andreevmaster.com\/sv\/wp-json\/wp\/v2\/comments?post=17318"}],"wp:featuredmedia":[{"embeddable":true,"href":"https:\/\/nordicmart.andreevmaster.com\/sv\/wp-json\/wp\/v2\/media\/44741"}],"wp:attachment":[{"href":"https:\/\/nordicmart.andreevmaster.com\/sv\/wp-json\/wp\/v2\/media?parent=17318"}],"wp:term":[{"taxonomy":"product_brand","embeddable":true,"href":"https:\/\/nordicmart.andreevmaster.com\/sv\/wp-json\/wp\/v2\/product_brand?post=17318"},{"taxonomy":"product_cat","embeddable":true,"href":"https:\/\/nordicmart.andreevmaster.com\/sv\/wp-json\/wp\/v2\/product_cat?post=17318"},{"taxonomy":"product_tag","embeddable":true,"href":"https:\/\/nordicmart.andreevmaster.com\/sv\/wp-json\/wp\/v2\/product_tag?post=17318"}],"curies":[{"name":"wp","href":"https:\/\/api.w.org\/{rel}","templated":true}]}}