{"id":17317,"date":"2026-02-27T00:34:31","date_gmt":"2026-02-27T00:34:31","guid":{"rendered":"https:\/\/nordicmart.andreevmaster.com\/product\/minigitarr-i-sting-stil-mgt-2554\/"},"modified":"2026-02-27T08:24:13","modified_gmt":"2026-02-27T08:24:13","slug":"minigitarr-i-sting-stil-mgt-2554","status":"publish","type":"product","link":"https:\/\/nordicmart.andreevmaster.com\/sv\/produkt\/minigitarr-i-sting-stil-mgt-2554\/","title":{"rendered":"Minigitarr i Sting-stil \u2013 MGT-2554"},"content":{"rendered":"<p>Minigitarr i Stings stil \u2013 MGT-2554&nbsp;&nbsp;&nbsp;Minigitarren inspirerad av Sting \u00e4r en fantastisk pryl f\u00f6r musik\u00e4lskare. Den \u00e4r den perfekta presenten f\u00f6r dem som uppskattar musik och vill ge sin omgivning en musikalisk touch.&nbsp;&nbsp;&nbsp;Produktinformation:&nbsp;M\u00e5tt: h\u00f6jd 24,5 cmSkala: 1:4Material: mahognytr\u00e4Levereras med ett stativ i plast och metall f\u00f6r att st\u00e4lla gitarren p\u00e5&nbsp;&nbsp;Observera att s\u00e4ljaren inte p\u00e5 n\u00e5got s\u00e4tt \u00e4r knuten till tillverkarna av de riktiga instrumenten eller de enskilda artisterna. Namnen p\u00e5 modeller eller artister \u00e4r exempel. De v\u00e4lk\u00e4nda namnen anv\u00e4nds endast f\u00f6r att visa en viss musikstil. Inget av instrumenten \u00e4r trogna repliker vad g\u00e4ller proportioner, storlek och design.&nbsp;<\/p>\n","protected":false},"excerpt":{"rendered":"<p>Minigitarr i Stings stil \u2013 MGT-2554&nbsp;&nbsp;&nbsp;Minigitarren inspirerad av Sting \u00e4r en fantastisk pryl f\u00f6r musik\u00e4lskare. Den \u00e4r den perfekta presenten f\u00f6r dem som uppskattar musik och vill ge sin omgivning en musikalisk touch.&nbsp;&nbsp;&nbsp;Produktinformation:&nbsp;M\u00e5tt: h\u00f6jd 24,5 cmSkala: 1:4Material: mahognytr\u00e4Levereras med ett stativ i plast och metall f\u00f6r att st\u00e4lla gitarren p\u00e5&nbsp;&nbsp;Observera att s\u00e4ljaren inte p\u00e5 n\u00e5got [&hellip;]<\/p>\n","protected":false},"featured_media":44740,"comment_status":"open","ping_status":"closed","template":"","meta":[],"product_brand":[],"product_cat":[33],"product_tag":[],"class_list":{"0":"post-17317","1":"product","2":"type-product","3":"status-publish","4":"has-post-thumbnail","6":"product_cat-okategoriserad","8":"first","9":"instock","10":"shipping-taxable","11":"purchasable","12":"product-type-simple"},"_links":{"self":[{"href":"https:\/\/nordicmart.andreevmaster.com\/sv\/wp-json\/wp\/v2\/product\/17317","targetHints":{"allow":["GET"]}}],"collection":[{"href":"https:\/\/nordicmart.andreevmaster.com\/sv\/wp-json\/wp\/v2\/product"}],"about":[{"href":"https:\/\/nordicmart.andreevmaster.com\/sv\/wp-json\/wp\/v2\/types\/product"}],"replies":[{"embeddable":true,"href":"https:\/\/nordicmart.andreevmaster.com\/sv\/wp-json\/wp\/v2\/comments?post=17317"}],"wp:featuredmedia":[{"embeddable":true,"href":"https:\/\/nordicmart.andreevmaster.com\/sv\/wp-json\/wp\/v2\/media\/44740"}],"wp:attachment":[{"href":"https:\/\/nordicmart.andreevmaster.com\/sv\/wp-json\/wp\/v2\/media?parent=17317"}],"wp:term":[{"taxonomy":"product_brand","embeddable":true,"href":"https:\/\/nordicmart.andreevmaster.com\/sv\/wp-json\/wp\/v2\/product_brand?post=17317"},{"taxonomy":"product_cat","embeddable":true,"href":"https:\/\/nordicmart.andreevmaster.com\/sv\/wp-json\/wp\/v2\/product_cat?post=17317"},{"taxonomy":"product_tag","embeddable":true,"href":"https:\/\/nordicmart.andreevmaster.com\/sv\/wp-json\/wp\/v2\/product_tag?post=17317"}],"curies":[{"name":"wp","href":"https:\/\/api.w.org\/{rel}","templated":true}]}}