{"id":17316,"date":"2026-02-27T00:34:31","date_gmt":"2026-02-27T00:34:31","guid":{"rendered":"https:\/\/nordicmart.andreevmaster.com\/product\/minigitarr-i-prince-stil-mgt-2349\/"},"modified":"2026-02-27T08:24:13","modified_gmt":"2026-02-27T08:24:13","slug":"minigitarr-i-prince-stil-mgt-2349","status":"publish","type":"product","link":"https:\/\/nordicmart.andreevmaster.com\/sv\/produkt\/minigitarr-i-prince-stil-mgt-2349\/","title":{"rendered":"Minigitarr i Prince-stil \u2013 MGT-2349"},"content":{"rendered":"<p>Minigitarr i Prince-stil \u2013 MGT-2349 &nbsp;&nbsp;&nbsp;Minigitarr tillverkad av mahognytr\u00e4, handm\u00e5lad&nbsp;Blisterf\u00f6rpackning&nbsp;M\u00e5tt: h\u00f6jd 24,5 cm&nbsp;Plaststativ ing\u00e5r&nbsp;Tillverkad i skala 1:4&nbsp;Samlarobjekt&nbsp;&nbsp;&nbsp;Observera att produkten inte \u00e4r en leksak. Det \u00e4r inte en officiell kopia av instrumentet.&nbsp;&nbsp;&nbsp;S\u00e4ljaren har ingen anknytning till tillverkare av riktiga instrument eller enskilda artister. Namnen p\u00e5 modeller eller artister \u00e4r exempel. &nbsp;Inget av instrumenten \u00e4r en trogen kopia vad g\u00e4ller proportioner, storlek och design.<\/p>\n","protected":false},"excerpt":{"rendered":"<p>Minigitarr i Prince-stil \u2013 MGT-2349 &nbsp;&nbsp;&nbsp;Minigitarr tillverkad av mahognytr\u00e4, handm\u00e5lad&nbsp;Blisterf\u00f6rpackning&nbsp;M\u00e5tt: h\u00f6jd 24,5 cm&nbsp;Plaststativ ing\u00e5r&nbsp;Tillverkad i skala 1:4&nbsp;Samlarobjekt&nbsp;&nbsp;&nbsp;Observera att produkten inte \u00e4r en leksak. Det \u00e4r inte en officiell kopia av instrumentet.&nbsp;&nbsp;&nbsp;S\u00e4ljaren har ingen anknytning till tillverkare av riktiga instrument eller enskilda artister. Namnen p\u00e5 modeller eller artister \u00e4r exempel. &nbsp;Inget av instrumenten \u00e4r en trogen [&hellip;]<\/p>\n","protected":false},"featured_media":44739,"comment_status":"open","ping_status":"closed","template":"","meta":[],"product_brand":[],"product_cat":[33],"product_tag":[],"class_list":{"0":"post-17316","1":"product","2":"type-product","3":"status-publish","4":"has-post-thumbnail","6":"product_cat-okategoriserad","8":"first","9":"instock","10":"shipping-taxable","11":"purchasable","12":"product-type-simple"},"_links":{"self":[{"href":"https:\/\/nordicmart.andreevmaster.com\/sv\/wp-json\/wp\/v2\/product\/17316","targetHints":{"allow":["GET"]}}],"collection":[{"href":"https:\/\/nordicmart.andreevmaster.com\/sv\/wp-json\/wp\/v2\/product"}],"about":[{"href":"https:\/\/nordicmart.andreevmaster.com\/sv\/wp-json\/wp\/v2\/types\/product"}],"replies":[{"embeddable":true,"href":"https:\/\/nordicmart.andreevmaster.com\/sv\/wp-json\/wp\/v2\/comments?post=17316"}],"wp:featuredmedia":[{"embeddable":true,"href":"https:\/\/nordicmart.andreevmaster.com\/sv\/wp-json\/wp\/v2\/media\/44739"}],"wp:attachment":[{"href":"https:\/\/nordicmart.andreevmaster.com\/sv\/wp-json\/wp\/v2\/media?parent=17316"}],"wp:term":[{"taxonomy":"product_brand","embeddable":true,"href":"https:\/\/nordicmart.andreevmaster.com\/sv\/wp-json\/wp\/v2\/product_brand?post=17316"},{"taxonomy":"product_cat","embeddable":true,"href":"https:\/\/nordicmart.andreevmaster.com\/sv\/wp-json\/wp\/v2\/product_cat?post=17316"},{"taxonomy":"product_tag","embeddable":true,"href":"https:\/\/nordicmart.andreevmaster.com\/sv\/wp-json\/wp\/v2\/product_tag?post=17316"}],"curies":[{"name":"wp","href":"https:\/\/api.w.org\/{rel}","templated":true}]}}