{"id":17315,"date":"2026-02-27T00:34:31","date_gmt":"2026-02-27T00:34:31","guid":{"rendered":"https:\/\/nordicmart.andreevmaster.com\/product\/led-zeppelin-minigitarr-jimmy-page-dubbelhalsad-mgt-2059\/"},"modified":"2026-02-27T08:24:13","modified_gmt":"2026-02-27T08:24:13","slug":"led-zeppelin-minigitarr-jimmy-page-dubbelhalsad-mgt-2059","status":"publish","type":"product","link":"https:\/\/nordicmart.andreevmaster.com\/sv\/produkt\/led-zeppelin-minigitarr-jimmy-page-dubbelhalsad-mgt-2059\/","title":{"rendered":"Led Zeppelin minigitarr \u2013 Jimmy Page \u2013 dubbelhalsad MGT-2059"},"content":{"rendered":"<p>Led Zeppelin minigitarr \u2013 Jimmy Page \u2013 dubbelhalsad MGT-2059&nbsp;Minigitarren \u00e4r inspirerad av den legendariska dubbelhalsade Gibson som Jimmy Page fr\u00e5n det ikoniska bandet Led Zeppelin anv\u00e4nde och \u00e4r en musikalisk pryl som kommer att tilltala fans av den superpopul\u00e4ra brittiska gruppen. Den \u00e4r en perfekt present till fans av h\u00e5rdrockspionj\u00e4rerna, Led Zeppelin-fans och gitarrvirtuoser.&nbsp;Minigitarren \u00e4r handgjord av mahognytr\u00e4. Samlarobjekt. Gitarren \u00e4r inte en leksak. Kan inte spelas.&nbsp;Led Zeppelin minigitarr \u2013 Jimmy Page \u2013 dubbelhalsad MGT-2059 specifikation:&nbsp;&bull; M\u00e5tt: H. 27,5 cm x B. 9 cm x D. 0,8 cm&bull; Skala: 1:4&bull; Material: mahogny&bull; F\u00e4rg: brun, svart&bull; Setet inneh\u00e5ller ett stativ i plast och metall f\u00f6r att st\u00e4lla gitarren p\u00e5&nbsp;Minigitarr Led Zeppelin \u2013 Jimmy Page \u2013 Double Neck MGT-2059 passar utm\u00e4rkt som:&nbsp;&bull; En present till en fan av Led Zeppelins musik&bull; Gadget f\u00f6r gitarristen&bull; En present till en gitarrvirtuos&bull; Musikalisk skrivbordsdekoration&nbsp;Observera! S\u00e4ljaren har ingen anknytning till tillverkare av riktiga instrument eller enskilda artister. Namnen p\u00e5 modellerna eller artisterna \u00e4r exempel. K\u00e4nda namn anv\u00e4nds endast f\u00f6r att visa en viss musikstil. Inget av instrumenten \u00e4r en exakt kopia vad g\u00e4ller proportioner, storlek och design.&nbsp;<\/p>\n","protected":false},"excerpt":{"rendered":"<p>Led Zeppelin minigitarr \u2013 Jimmy Page \u2013 dubbelhalsad MGT-2059&nbsp;Minigitarren \u00e4r inspirerad av den legendariska dubbelhalsade Gibson som Jimmy Page fr\u00e5n det ikoniska bandet Led Zeppelin anv\u00e4nde och \u00e4r en musikalisk pryl som kommer att tilltala fans av den superpopul\u00e4ra brittiska gruppen. Den \u00e4r en perfekt present till fans av h\u00e5rdrockspionj\u00e4rerna, Led Zeppelin-fans och gitarrvirtuoser.&nbsp;Minigitarren \u00e4r [&hellip;]<\/p>\n","protected":false},"featured_media":44738,"comment_status":"open","ping_status":"closed","template":"","meta":[],"product_brand":[],"product_cat":[33],"product_tag":[],"class_list":{"0":"post-17315","1":"product","2":"type-product","3":"status-publish","4":"has-post-thumbnail","6":"product_cat-okategoriserad","8":"first","9":"instock","10":"shipping-taxable","11":"purchasable","12":"product-type-simple"},"_links":{"self":[{"href":"https:\/\/nordicmart.andreevmaster.com\/sv\/wp-json\/wp\/v2\/product\/17315","targetHints":{"allow":["GET"]}}],"collection":[{"href":"https:\/\/nordicmart.andreevmaster.com\/sv\/wp-json\/wp\/v2\/product"}],"about":[{"href":"https:\/\/nordicmart.andreevmaster.com\/sv\/wp-json\/wp\/v2\/types\/product"}],"replies":[{"embeddable":true,"href":"https:\/\/nordicmart.andreevmaster.com\/sv\/wp-json\/wp\/v2\/comments?post=17315"}],"wp:featuredmedia":[{"embeddable":true,"href":"https:\/\/nordicmart.andreevmaster.com\/sv\/wp-json\/wp\/v2\/media\/44738"}],"wp:attachment":[{"href":"https:\/\/nordicmart.andreevmaster.com\/sv\/wp-json\/wp\/v2\/media?parent=17315"}],"wp:term":[{"taxonomy":"product_brand","embeddable":true,"href":"https:\/\/nordicmart.andreevmaster.com\/sv\/wp-json\/wp\/v2\/product_brand?post=17315"},{"taxonomy":"product_cat","embeddable":true,"href":"https:\/\/nordicmart.andreevmaster.com\/sv\/wp-json\/wp\/v2\/product_cat?post=17315"},{"taxonomy":"product_tag","embeddable":true,"href":"https:\/\/nordicmart.andreevmaster.com\/sv\/wp-json\/wp\/v2\/product_tag?post=17315"}],"curies":[{"name":"wp","href":"https:\/\/api.w.org\/{rel}","templated":true}]}}