{"id":17314,"date":"2026-02-27T00:34:31","date_gmt":"2026-02-27T00:34:31","guid":{"rendered":"https:\/\/nordicmart.andreevmaster.com\/product\/nyckelring-med-trumpinnar-eck-2003\/"},"modified":"2026-02-27T08:24:13","modified_gmt":"2026-02-27T08:24:13","slug":"nyckelring-med-trumpinnar-eck-2003","status":"publish","type":"product","link":"https:\/\/nordicmart.andreevmaster.com\/sv\/produkt\/nyckelring-med-trumpinnar-eck-2003\/","title":{"rendered":"Nyckelring med trumpinnar \u2013 ECK-2003"},"content":{"rendered":"<p>Trumstockar nyckelring &#8211; ECK-2003&nbsp;&nbsp;Trumstockar nyckelring \u00e4r en musikalisk pryl som passar som en liten present till en trummis. &nbsp;Nyckelringen \u00e4r tillverkad av mahogny. Metallkedja och ring f\u00f6r att f\u00e4sta i nycklar.&nbsp;&nbsp;&nbsp;ECK-2003 trumstockar nyckelring specifikation:&nbsp;M\u00e5tt: 6 x 11 x 0,5 cmMaterial: tr\u00e4 (mahogny), metallBrun f\u00e4rg&nbsp;&nbsp;ECK-2003 trumstockar nyckelring passar perfekt som:&nbsp;liten present till en trummispresent till en trummispresent till en musiker&nbsp;&nbsp;<\/p>\n","protected":false},"excerpt":{"rendered":"<p>Trumstockar nyckelring &#8211; ECK-2003&nbsp;&nbsp;Trumstockar nyckelring \u00e4r en musikalisk pryl som passar som en liten present till en trummis. &nbsp;Nyckelringen \u00e4r tillverkad av mahogny. Metallkedja och ring f\u00f6r att f\u00e4sta i nycklar.&nbsp;&nbsp;&nbsp;ECK-2003 trumstockar nyckelring specifikation:&nbsp;M\u00e5tt: 6 x 11 x 0,5 cmMaterial: tr\u00e4 (mahogny), metallBrun f\u00e4rg&nbsp;&nbsp;ECK-2003 trumstockar nyckelring passar perfekt som:&nbsp;liten present till en trummispresent till en [&hellip;]<\/p>\n","protected":false},"featured_media":44737,"comment_status":"open","ping_status":"closed","template":"","meta":[],"product_brand":[],"product_cat":[33],"product_tag":[],"class_list":{"0":"post-17314","1":"product","2":"type-product","3":"status-publish","4":"has-post-thumbnail","6":"product_cat-okategoriserad","8":"first","9":"instock","10":"shipping-taxable","11":"purchasable","12":"product-type-simple"},"_links":{"self":[{"href":"https:\/\/nordicmart.andreevmaster.com\/sv\/wp-json\/wp\/v2\/product\/17314","targetHints":{"allow":["GET"]}}],"collection":[{"href":"https:\/\/nordicmart.andreevmaster.com\/sv\/wp-json\/wp\/v2\/product"}],"about":[{"href":"https:\/\/nordicmart.andreevmaster.com\/sv\/wp-json\/wp\/v2\/types\/product"}],"replies":[{"embeddable":true,"href":"https:\/\/nordicmart.andreevmaster.com\/sv\/wp-json\/wp\/v2\/comments?post=17314"}],"wp:featuredmedia":[{"embeddable":true,"href":"https:\/\/nordicmart.andreevmaster.com\/sv\/wp-json\/wp\/v2\/media\/44737"}],"wp:attachment":[{"href":"https:\/\/nordicmart.andreevmaster.com\/sv\/wp-json\/wp\/v2\/media?parent=17314"}],"wp:term":[{"taxonomy":"product_brand","embeddable":true,"href":"https:\/\/nordicmart.andreevmaster.com\/sv\/wp-json\/wp\/v2\/product_brand?post=17314"},{"taxonomy":"product_cat","embeddable":true,"href":"https:\/\/nordicmart.andreevmaster.com\/sv\/wp-json\/wp\/v2\/product_cat?post=17314"},{"taxonomy":"product_tag","embeddable":true,"href":"https:\/\/nordicmart.andreevmaster.com\/sv\/wp-json\/wp\/v2\/product_tag?post=17314"}],"curies":[{"name":"wp","href":"https:\/\/api.w.org\/{rel}","templated":true}]}}