{"id":17313,"date":"2026-02-27T00:34:30","date_gmt":"2026-02-27T00:34:30","guid":{"rendered":"https:\/\/nordicmart.andreevmaster.com\/product\/mini-guitar-metallica-kirk-hammett-oujia-mgt-1427-2\/"},"modified":"2026-02-27T08:24:13","modified_gmt":"2026-02-27T08:24:13","slug":"mini-guitar-metallica-kirk-hammett-oujia-mgt-1427-2","status":"publish","type":"product","link":"https:\/\/nordicmart.andreevmaster.com\/sv\/produkt\/mini-guitar-metallica-kirk-hammett-oujia-mgt-1427-2\/","title":{"rendered":"Mini Guitar &#8211; Metallica &#8211; Kirk Hammett, Oujia; MGT-1427"},"content":{"rendered":"<p>Minigitarr \u2013 Metallica \u2013 Kirk Hammett, Oujia; MGT-1427&nbsp;&nbsp;Produktinformation:&nbsp;HandgjordMahognytr\u00e4M\u00e5tt: H. 27,5 cm x B. 9 cm x D. 0,8 cmSkala 1:4Samlarobjekt&nbsp;S\u00e4ljaren har ingen anknytning till tillverkarna av riktiga instrument eller enskilda artister. Namnen p\u00e5 modellerna eller artisterna \u00e4r exempel. K\u00e4nda namn anv\u00e4nds endast f\u00f6r att visa en viss musikstil. Inget av instrumenten \u00e4r en exakt kopia vad g\u00e4ller proportioner, storlek och design. Alla produkter \u00e4r handgjorda.&nbsp;<\/p>\n","protected":false},"excerpt":{"rendered":"<p>Minigitarr \u2013 Metallica \u2013 Kirk Hammett, Oujia; MGT-1427&nbsp;&nbsp;Produktinformation:&nbsp;HandgjordMahognytr\u00e4M\u00e5tt: H. 27,5 cm x B. 9 cm x D. 0,8 cmSkala 1:4Samlarobjekt&nbsp;S\u00e4ljaren har ingen anknytning till tillverkarna av riktiga instrument eller enskilda artister. Namnen p\u00e5 modellerna eller artisterna \u00e4r exempel. K\u00e4nda namn anv\u00e4nds endast f\u00f6r att visa en viss musikstil. Inget av instrumenten \u00e4r en exakt kopia [&hellip;]<\/p>\n","protected":false},"featured_media":44736,"comment_status":"open","ping_status":"closed","template":"","meta":[],"product_brand":[],"product_cat":[33],"product_tag":[],"class_list":{"0":"post-17313","1":"product","2":"type-product","3":"status-publish","4":"has-post-thumbnail","6":"product_cat-okategoriserad","8":"first","9":"instock","10":"shipping-taxable","11":"purchasable","12":"product-type-simple"},"_links":{"self":[{"href":"https:\/\/nordicmart.andreevmaster.com\/sv\/wp-json\/wp\/v2\/product\/17313","targetHints":{"allow":["GET"]}}],"collection":[{"href":"https:\/\/nordicmart.andreevmaster.com\/sv\/wp-json\/wp\/v2\/product"}],"about":[{"href":"https:\/\/nordicmart.andreevmaster.com\/sv\/wp-json\/wp\/v2\/types\/product"}],"replies":[{"embeddable":true,"href":"https:\/\/nordicmart.andreevmaster.com\/sv\/wp-json\/wp\/v2\/comments?post=17313"}],"wp:featuredmedia":[{"embeddable":true,"href":"https:\/\/nordicmart.andreevmaster.com\/sv\/wp-json\/wp\/v2\/media\/44736"}],"wp:attachment":[{"href":"https:\/\/nordicmart.andreevmaster.com\/sv\/wp-json\/wp\/v2\/media?parent=17313"}],"wp:term":[{"taxonomy":"product_brand","embeddable":true,"href":"https:\/\/nordicmart.andreevmaster.com\/sv\/wp-json\/wp\/v2\/product_brand?post=17313"},{"taxonomy":"product_cat","embeddable":true,"href":"https:\/\/nordicmart.andreevmaster.com\/sv\/wp-json\/wp\/v2\/product_cat?post=17313"},{"taxonomy":"product_tag","embeddable":true,"href":"https:\/\/nordicmart.andreevmaster.com\/sv\/wp-json\/wp\/v2\/product_tag?post=17313"}],"curies":[{"name":"wp","href":"https:\/\/api.w.org\/{rel}","templated":true}]}}