{"id":17312,"date":"2026-02-27T00:34:30","date_gmt":"2026-02-27T00:34:30","guid":{"rendered":"https:\/\/nordicmart.andreevmaster.com\/product\/minigitarr-mgt-1366-fran-serien-guitar-heroes\/"},"modified":"2026-02-27T08:24:12","modified_gmt":"2026-02-27T08:24:12","slug":"minigitarr-mgt-1366-fran-serien-guitar-heroes","status":"publish","type":"product","link":"https:\/\/nordicmart.andreevmaster.com\/sv\/produkt\/minigitarr-mgt-1366-fran-serien-guitar-heroes\/","title":{"rendered":"Minigitarr MGT-1366 \u2013 fr\u00e5n serien Guitar Heroes"},"content":{"rendered":"<p>Minigitarr MGT-1366 \u2013 fr\u00e5n serien Guitar Heroes&nbsp;&nbsp;Produktinformation:&nbsp;Minigitarr tillverkad av mahognytr\u00e4, handm\u00e5lad Blisterf\u00f6rpackning M\u00e5tt: h\u00f6jd ca 24,5 cm Plaststativ ing\u00e5r Tillverkad i skala 1:4 Samlarobjekt Observera att produkten inte \u00e4r en leksak. Det \u00e4r inte en formell kopia av instrumentet.&nbsp;&nbsp;&nbsp;S\u00e4ljaren har ingen anknytning till tillverkare av riktiga instrument eller enskilda artister. Namnen p\u00e5 modeller eller artister \u00e4r exempel. &nbsp;Inget av instrumenten \u00e4r en trogen replika vad g\u00e4ller proportioner, storlek och design.<\/p>\n","protected":false},"excerpt":{"rendered":"<p>Minigitarr MGT-1366 \u2013 fr\u00e5n serien Guitar Heroes&nbsp;&nbsp;Produktinformation:&nbsp;Minigitarr tillverkad av mahognytr\u00e4, handm\u00e5lad Blisterf\u00f6rpackning M\u00e5tt: h\u00f6jd ca 24,5 cm Plaststativ ing\u00e5r Tillverkad i skala 1:4 Samlarobjekt Observera att produkten inte \u00e4r en leksak. Det \u00e4r inte en formell kopia av instrumentet.&nbsp;&nbsp;&nbsp;S\u00e4ljaren har ingen anknytning till tillverkare av riktiga instrument eller enskilda artister. Namnen p\u00e5 modeller eller artister [&hellip;]<\/p>\n","protected":false},"featured_media":44735,"comment_status":"open","ping_status":"closed","template":"","meta":[],"product_brand":[],"product_cat":[33],"product_tag":[],"class_list":{"0":"post-17312","1":"product","2":"type-product","3":"status-publish","4":"has-post-thumbnail","6":"product_cat-okategoriserad","8":"first","9":"instock","10":"shipping-taxable","11":"purchasable","12":"product-type-simple"},"_links":{"self":[{"href":"https:\/\/nordicmart.andreevmaster.com\/sv\/wp-json\/wp\/v2\/product\/17312","targetHints":{"allow":["GET"]}}],"collection":[{"href":"https:\/\/nordicmart.andreevmaster.com\/sv\/wp-json\/wp\/v2\/product"}],"about":[{"href":"https:\/\/nordicmart.andreevmaster.com\/sv\/wp-json\/wp\/v2\/types\/product"}],"replies":[{"embeddable":true,"href":"https:\/\/nordicmart.andreevmaster.com\/sv\/wp-json\/wp\/v2\/comments?post=17312"}],"wp:featuredmedia":[{"embeddable":true,"href":"https:\/\/nordicmart.andreevmaster.com\/sv\/wp-json\/wp\/v2\/media\/44735"}],"wp:attachment":[{"href":"https:\/\/nordicmart.andreevmaster.com\/sv\/wp-json\/wp\/v2\/media?parent=17312"}],"wp:term":[{"taxonomy":"product_brand","embeddable":true,"href":"https:\/\/nordicmart.andreevmaster.com\/sv\/wp-json\/wp\/v2\/product_brand?post=17312"},{"taxonomy":"product_cat","embeddable":true,"href":"https:\/\/nordicmart.andreevmaster.com\/sv\/wp-json\/wp\/v2\/product_cat?post=17312"},{"taxonomy":"product_tag","embeddable":true,"href":"https:\/\/nordicmart.andreevmaster.com\/sv\/wp-json\/wp\/v2\/product_tag?post=17312"}],"curies":[{"name":"wp","href":"https:\/\/api.w.org\/{rel}","templated":true}]}}