{"id":17311,"date":"2026-02-27T00:34:30","date_gmt":"2026-02-27T00:34:30","guid":{"rendered":"https:\/\/nordicmart.andreevmaster.com\/product\/mini-guitar-jimi-hendrix-psychedelic-f-v-mgt-1182-2\/"},"modified":"2026-02-27T08:24:12","modified_gmt":"2026-02-27T08:24:12","slug":"mini-guitar-jimi-hendrix-psychedelic-f-v-mgt-1182-2","status":"publish","type":"product","link":"https:\/\/nordicmart.andreevmaster.com\/sv\/produkt\/mini-guitar-jimi-hendrix-psychedelic-f-v-mgt-1182-2\/","title":{"rendered":"Mini Guitar Jimi Hendrix Psychedelic F. V &#8211; MGT-1182"},"content":{"rendered":"<p>Mini Guitar Jimi Hendrix Psychedelic F. V &#8211; MGT-1182&nbsp;En miniatyrgitarr inspirerad av en av historiens mest k\u00e4nda musiker \u2013 Jimi Hendrix \u2013 \u00e4r en musikalisk pryl som kommer att stj\u00e4la hj\u00e4rtat hos hans fans. Minigitarren \u00e4r en perfekt present till den som \u00e4lskar gammal rockmusik, en present till en gitarrist och ett fan av Hendrix konstn\u00e4rskap. Minigitarren \u00e4r perfekt som en originell, musikalisk dekoration.&nbsp;Minigitarren \u00e4r handgjord av mahognytr\u00e4. Samlarobjekt. Gitarren \u00e4r inte en leksak. Kan inte spelas.&nbsp;Mini Guitar Jimi Hendrix Psychedelic F. V &#8211; MGT-1182 specifikation:&nbsp;&bull; M\u00e5tt: H. 27,5 cm x B. 9 cm x D. 0,8 cm&bull; Skala: 1:4&bull; Material: mahogny&bull; F\u00e4rg: flerf\u00e4rgad&bull; Setet inneh\u00e5ller ett stativ i plast och metall f\u00f6r att st\u00e4lla gitarren p\u00e5&nbsp;Mini Guitar Jimi Hendrix Psychedelic F. V &#8211; MGT-1182 passar utm\u00e4rkt som:&nbsp;&bull; En present till en Jimi Hendrix-fan&bull; En musikalisk pryl f\u00f6r gitarristen&bull; En present till en gitarrvirtuos&bull; En musikalisk dekoration f\u00f6r ditt hem&nbsp;Observera! S\u00e4ljaren har ingen anknytning till tillverkare av riktiga instrument eller enskilda artister. Namnen p\u00e5 modellerna eller artisterna \u00e4r exempel. K\u00e4nda namn anv\u00e4nds endast f\u00f6r att visa en viss musikstil. Inget av instrumenten \u00e4r en exakt kopia vad g\u00e4ller proportioner, storlek och design.&nbsp;&nbsp;<\/p>\n","protected":false},"excerpt":{"rendered":"<p>Mini Guitar Jimi Hendrix Psychedelic F. V &#8211; MGT-1182&nbsp;En miniatyrgitarr inspirerad av en av historiens mest k\u00e4nda musiker \u2013 Jimi Hendrix \u2013 \u00e4r en musikalisk pryl som kommer att stj\u00e4la hj\u00e4rtat hos hans fans. Minigitarren \u00e4r en perfekt present till den som \u00e4lskar gammal rockmusik, en present till en gitarrist och ett fan av Hendrix [&hellip;]<\/p>\n","protected":false},"featured_media":44734,"comment_status":"open","ping_status":"closed","template":"","meta":[],"product_brand":[],"product_cat":[33],"product_tag":[],"class_list":{"0":"post-17311","1":"product","2":"type-product","3":"status-publish","4":"has-post-thumbnail","6":"product_cat-okategoriserad","8":"first","9":"instock","10":"shipping-taxable","11":"purchasable","12":"product-type-simple"},"_links":{"self":[{"href":"https:\/\/nordicmart.andreevmaster.com\/sv\/wp-json\/wp\/v2\/product\/17311","targetHints":{"allow":["GET"]}}],"collection":[{"href":"https:\/\/nordicmart.andreevmaster.com\/sv\/wp-json\/wp\/v2\/product"}],"about":[{"href":"https:\/\/nordicmart.andreevmaster.com\/sv\/wp-json\/wp\/v2\/types\/product"}],"replies":[{"embeddable":true,"href":"https:\/\/nordicmart.andreevmaster.com\/sv\/wp-json\/wp\/v2\/comments?post=17311"}],"wp:featuredmedia":[{"embeddable":true,"href":"https:\/\/nordicmart.andreevmaster.com\/sv\/wp-json\/wp\/v2\/media\/44734"}],"wp:attachment":[{"href":"https:\/\/nordicmart.andreevmaster.com\/sv\/wp-json\/wp\/v2\/media?parent=17311"}],"wp:term":[{"taxonomy":"product_brand","embeddable":true,"href":"https:\/\/nordicmart.andreevmaster.com\/sv\/wp-json\/wp\/v2\/product_brand?post=17311"},{"taxonomy":"product_cat","embeddable":true,"href":"https:\/\/nordicmart.andreevmaster.com\/sv\/wp-json\/wp\/v2\/product_cat?post=17311"},{"taxonomy":"product_tag","embeddable":true,"href":"https:\/\/nordicmart.andreevmaster.com\/sv\/wp-json\/wp\/v2\/product_tag?post=17311"}],"curies":[{"name":"wp","href":"https:\/\/api.w.org\/{rel}","templated":true}]}}