{"id":17309,"date":"2026-02-27T00:34:29","date_gmt":"2026-02-27T00:34:29","guid":{"rendered":"https:\/\/nordicmart.andreevmaster.com\/product\/iron-maiden-gitarrnyckelring-eddie-tribute-egk-0900\/"},"modified":"2026-02-27T08:24:12","modified_gmt":"2026-02-27T08:24:12","slug":"iron-maiden-gitarrnyckelring-eddie-tribute-egk-0900","status":"publish","type":"product","link":"https:\/\/nordicmart.andreevmaster.com\/sv\/produkt\/iron-maiden-gitarrnyckelring-eddie-tribute-egk-0900\/","title":{"rendered":"Iron Maiden gitarrnyckelring &#8211; Eddie &#8211; Tribute EGK-0900"},"content":{"rendered":"<p>Iron Maiden gitarrnyckelring \u2013 Eddie \u2013 Tribute EGK-0900 &nbsp;&nbsp;Gitarrnyckelringen, inspirerad av det ikoniska heavy metal-bandet Iron Maiden, \u00e4r en riktig h\u00f6jdare f\u00f6r fans av Eddie och Brave New World. Den \u00e4r en prisv\u00e4rd pryl f\u00f6r Iron Maiden-fans, heavy metal-\u00e4lskare och gitarrister. &nbsp;&nbsp;&nbsp;Produktinformation:&nbsp;M\u00e5tt: 6 x 11 x 0,5 cmMaterial: tr\u00e4 (mahogny), metallF\u00e4rg: brun, gul, svart, r\u00f6dF\u00e4ste: ring&nbsp;&nbsp;Observera! S\u00e4ljaren har ingen anknytning till tillverkare av riktiga instrument eller enskilda artister. Modellernas namn eller artistnamnen \u00e4r exempel. K\u00e4nda namn anv\u00e4nds endast f\u00f6r att visa en viss musikstil. Inget av instrumenten \u00e4r en exakt kopia vad g\u00e4ller proportioner, storlek och design.&nbsp;<\/p>\n","protected":false},"excerpt":{"rendered":"<p>Iron Maiden gitarrnyckelring \u2013 Eddie \u2013 Tribute EGK-0900 &nbsp;&nbsp;Gitarrnyckelringen, inspirerad av det ikoniska heavy metal-bandet Iron Maiden, \u00e4r en riktig h\u00f6jdare f\u00f6r fans av Eddie och Brave New World. Den \u00e4r en prisv\u00e4rd pryl f\u00f6r Iron Maiden-fans, heavy metal-\u00e4lskare och gitarrister. &nbsp;&nbsp;&nbsp;Produktinformation:&nbsp;M\u00e5tt: 6 x 11 x 0,5 cmMaterial: tr\u00e4 (mahogny), metallF\u00e4rg: brun, gul, svart, r\u00f6dF\u00e4ste: [&hellip;]<\/p>\n","protected":false},"featured_media":44732,"comment_status":"open","ping_status":"closed","template":"","meta":[],"product_brand":[],"product_cat":[33],"product_tag":[],"class_list":{"0":"post-17309","1":"product","2":"type-product","3":"status-publish","4":"has-post-thumbnail","6":"product_cat-okategoriserad","8":"first","9":"instock","10":"shipping-taxable","11":"purchasable","12":"product-type-simple"},"_links":{"self":[{"href":"https:\/\/nordicmart.andreevmaster.com\/sv\/wp-json\/wp\/v2\/product\/17309","targetHints":{"allow":["GET"]}}],"collection":[{"href":"https:\/\/nordicmart.andreevmaster.com\/sv\/wp-json\/wp\/v2\/product"}],"about":[{"href":"https:\/\/nordicmart.andreevmaster.com\/sv\/wp-json\/wp\/v2\/types\/product"}],"replies":[{"embeddable":true,"href":"https:\/\/nordicmart.andreevmaster.com\/sv\/wp-json\/wp\/v2\/comments?post=17309"}],"wp:featuredmedia":[{"embeddable":true,"href":"https:\/\/nordicmart.andreevmaster.com\/sv\/wp-json\/wp\/v2\/media\/44732"}],"wp:attachment":[{"href":"https:\/\/nordicmart.andreevmaster.com\/sv\/wp-json\/wp\/v2\/media?parent=17309"}],"wp:term":[{"taxonomy":"product_brand","embeddable":true,"href":"https:\/\/nordicmart.andreevmaster.com\/sv\/wp-json\/wp\/v2\/product_brand?post=17309"},{"taxonomy":"product_cat","embeddable":true,"href":"https:\/\/nordicmart.andreevmaster.com\/sv\/wp-json\/wp\/v2\/product_cat?post=17309"},{"taxonomy":"product_tag","embeddable":true,"href":"https:\/\/nordicmart.andreevmaster.com\/sv\/wp-json\/wp\/v2\/product_tag?post=17309"}],"curies":[{"name":"wp","href":"https:\/\/api.w.org\/{rel}","templated":true}]}}