{"id":17308,"date":"2026-02-27T00:34:29","date_gmt":"2026-02-27T00:34:29","guid":{"rendered":"https:\/\/nordicmart.andreevmaster.com\/product\/the-beatles-gitarrnyckelring-egk-0894\/"},"modified":"2026-02-27T08:24:12","modified_gmt":"2026-02-27T08:24:12","slug":"the-beatles-gitarrnyckelring-egk-0894","status":"publish","type":"product","link":"https:\/\/nordicmart.andreevmaster.com\/sv\/produkt\/the-beatles-gitarrnyckelring-egk-0894\/","title":{"rendered":"The Beatles gitarrnyckelring EGK-0894"},"content":{"rendered":"<p>The Beatles gitarrnyckelring EGK-0894 &nbsp;&nbsp;Gitarrnyckelringen inspirerad av det legendariska bandet The Beatles \u00e4r en liten pryl f\u00f6r alla som \u00e4lskar det ikoniska brittiska bandet. Den passar som en prisv\u00e4rd present till en gitarrist och Beatles-fan.&nbsp;Nyckelringen \u00e4r tillverkad av mahogny. Metallkedja och ring f\u00f6r att f\u00e4sta vid nycklar.&nbsp;&nbsp;Produktinformation:&nbsp;M\u00e5tt: 6 x 11 x 0,5 cmMaterial: tr\u00e4 (mahogny), metallF\u00e4rg: vit, svart, brunF\u00e4ste: ring&nbsp;Perfekt present till en Beatles-fanPrisv\u00e4rd present till en gitarristGadget f\u00f6r en musiker&nbsp;&nbsp;Observera! S\u00e4ljaren har ingen anknytning till tillverkare av riktiga instrument eller enskilda artister. Namnen p\u00e5 modellerna eller artisterna \u00e4r exempel. K\u00e4nda namn anv\u00e4nds endast f\u00f6r att visa en viss musikstil. Inget av instrumenten \u00e4r en exakt kopia vad g\u00e4ller proportioner, storlek och design.<\/p>\n","protected":false},"excerpt":{"rendered":"<p>The Beatles gitarrnyckelring EGK-0894 &nbsp;&nbsp;Gitarrnyckelringen inspirerad av det legendariska bandet The Beatles \u00e4r en liten pryl f\u00f6r alla som \u00e4lskar det ikoniska brittiska bandet. Den passar som en prisv\u00e4rd present till en gitarrist och Beatles-fan.&nbsp;Nyckelringen \u00e4r tillverkad av mahogny. Metallkedja och ring f\u00f6r att f\u00e4sta vid nycklar.&nbsp;&nbsp;Produktinformation:&nbsp;M\u00e5tt: 6 x 11 x 0,5 cmMaterial: tr\u00e4 (mahogny), [&hellip;]<\/p>\n","protected":false},"featured_media":44731,"comment_status":"open","ping_status":"closed","template":"","meta":[],"product_brand":[],"product_cat":[33],"product_tag":[],"class_list":{"0":"post-17308","1":"product","2":"type-product","3":"status-publish","4":"has-post-thumbnail","6":"product_cat-okategoriserad","8":"first","9":"instock","10":"shipping-taxable","11":"purchasable","12":"product-type-simple"},"_links":{"self":[{"href":"https:\/\/nordicmart.andreevmaster.com\/sv\/wp-json\/wp\/v2\/product\/17308","targetHints":{"allow":["GET"]}}],"collection":[{"href":"https:\/\/nordicmart.andreevmaster.com\/sv\/wp-json\/wp\/v2\/product"}],"about":[{"href":"https:\/\/nordicmart.andreevmaster.com\/sv\/wp-json\/wp\/v2\/types\/product"}],"replies":[{"embeddable":true,"href":"https:\/\/nordicmart.andreevmaster.com\/sv\/wp-json\/wp\/v2\/comments?post=17308"}],"wp:featuredmedia":[{"embeddable":true,"href":"https:\/\/nordicmart.andreevmaster.com\/sv\/wp-json\/wp\/v2\/media\/44731"}],"wp:attachment":[{"href":"https:\/\/nordicmart.andreevmaster.com\/sv\/wp-json\/wp\/v2\/media?parent=17308"}],"wp:term":[{"taxonomy":"product_brand","embeddable":true,"href":"https:\/\/nordicmart.andreevmaster.com\/sv\/wp-json\/wp\/v2\/product_brand?post=17308"},{"taxonomy":"product_cat","embeddable":true,"href":"https:\/\/nordicmart.andreevmaster.com\/sv\/wp-json\/wp\/v2\/product_cat?post=17308"},{"taxonomy":"product_tag","embeddable":true,"href":"https:\/\/nordicmart.andreevmaster.com\/sv\/wp-json\/wp\/v2\/product_tag?post=17308"}],"curies":[{"name":"wp","href":"https:\/\/api.w.org\/{rel}","templated":true}]}}