{"id":17307,"date":"2026-02-27T00:34:29","date_gmt":"2026-02-27T00:34:29","guid":{"rendered":"https:\/\/nordicmart.andreevmaster.com\/product\/minigitarr-eric-clapton-fool-mgt-0765\/"},"modified":"2026-02-27T08:24:11","modified_gmt":"2026-02-27T08:24:11","slug":"minigitarr-eric-clapton-fool-mgt-0765","status":"publish","type":"product","link":"https:\/\/nordicmart.andreevmaster.com\/sv\/produkt\/minigitarr-eric-clapton-fool-mgt-0765\/","title":{"rendered":"Minigitarr \u2013 Eric Clapton \u2013 Fool \u2013 MGT-0765"},"content":{"rendered":"<p>Minigitarr \u2013 Eric Clapton \u2013 Fool \u2013 MGT-0765 &nbsp;&nbsp;Produktinformation:&nbsp;HandgjordMahognytr\u00e4M\u00e5tt: h\u00f6jd 27,5 cm x bredd 9 cm x djup 0,8 cm Skala 1:4Samlarobjekt&nbsp;<\/p>\n","protected":false},"excerpt":{"rendered":"<p>Minigitarr \u2013 Eric Clapton \u2013 Fool \u2013 MGT-0765 &nbsp;&nbsp;Produktinformation:&nbsp;HandgjordMahognytr\u00e4M\u00e5tt: h\u00f6jd 27,5 cm x bredd 9 cm x djup 0,8 cm Skala 1:4Samlarobjekt&nbsp;<\/p>\n","protected":false},"featured_media":44730,"comment_status":"open","ping_status":"closed","template":"","meta":[],"product_brand":[],"product_cat":[33],"product_tag":[],"class_list":{"0":"post-17307","1":"product","2":"type-product","3":"status-publish","4":"has-post-thumbnail","6":"product_cat-okategoriserad","8":"first","9":"instock","10":"shipping-taxable","11":"purchasable","12":"product-type-simple"},"_links":{"self":[{"href":"https:\/\/nordicmart.andreevmaster.com\/sv\/wp-json\/wp\/v2\/product\/17307","targetHints":{"allow":["GET"]}}],"collection":[{"href":"https:\/\/nordicmart.andreevmaster.com\/sv\/wp-json\/wp\/v2\/product"}],"about":[{"href":"https:\/\/nordicmart.andreevmaster.com\/sv\/wp-json\/wp\/v2\/types\/product"}],"replies":[{"embeddable":true,"href":"https:\/\/nordicmart.andreevmaster.com\/sv\/wp-json\/wp\/v2\/comments?post=17307"}],"wp:featuredmedia":[{"embeddable":true,"href":"https:\/\/nordicmart.andreevmaster.com\/sv\/wp-json\/wp\/v2\/media\/44730"}],"wp:attachment":[{"href":"https:\/\/nordicmart.andreevmaster.com\/sv\/wp-json\/wp\/v2\/media?parent=17307"}],"wp:term":[{"taxonomy":"product_brand","embeddable":true,"href":"https:\/\/nordicmart.andreevmaster.com\/sv\/wp-json\/wp\/v2\/product_brand?post=17307"},{"taxonomy":"product_cat","embeddable":true,"href":"https:\/\/nordicmart.andreevmaster.com\/sv\/wp-json\/wp\/v2\/product_cat?post=17307"},{"taxonomy":"product_tag","embeddable":true,"href":"https:\/\/nordicmart.andreevmaster.com\/sv\/wp-json\/wp\/v2\/product_tag?post=17307"}],"curies":[{"name":"wp","href":"https:\/\/api.w.org\/{rel}","templated":true}]}}