{"id":17306,"date":"2026-02-27T00:34:29","date_gmt":"2026-02-27T00:34:29","guid":{"rendered":"https:\/\/nordicmart.andreevmaster.com\/product\/barometer-i-massingsram-o-110-mm-27-6245\/"},"modified":"2026-02-27T08:24:11","modified_gmt":"2026-02-27T08:24:11","slug":"barometer-i-massingsram-o-110-mm-27-6245","status":"publish","type":"product","link":"https:\/\/nordicmart.andreevmaster.com\/sv\/produkt\/barometer-i-massingsram-o-110-mm-27-6245\/","title":{"rendered":"Barometer i m\u00e4ssingsram o 110 mm &#8211; 27.6245"},"content":{"rendered":"<p>Barometer i m\u00e4ssingsram &oslash; 110 mm &#8211; 27.6245&nbsp;&nbsp;Vi presenterar en vackert utformad barometer, en tidl\u00f6s till\u00e4gg till alla heminredningar. Denna barometer \u00e4r utformad f\u00f6r att erbjuda h\u00f6gkvalitativa v\u00e4derm\u00e4tningar i ett enkelt, tydligt och l\u00e4ttl\u00e4st format. M\u00e4ssingsramen ger ett elegant intryck i alla rum och passar perfekt f\u00f6r dig som uppskattar enkel men sofistikerad heminredning. Oavsett om du \u00e4r v\u00e4derentusiast eller bara letar efter ett praktiskt s\u00e4tt att h\u00e5lla koll p\u00e5 barometertrycket \u00e4r denna barometer det perfekta valet. Som present \u00e4r den ett praktiskt och stilfullt s\u00e4tt att visa n\u00e5gon att du bryr dig om deras komfort och v\u00e4lbefinnande. S\u00e5 varf\u00f6r v\u00e4nta? Uppgradera ditt hem med denna uts\u00f6kta barometer idag och upplev skillnaden i kvalitet och noggrannhet.&nbsp;M\u00e5tt:&nbsp;Diameter: 110 mm&nbsp;R\u00e4ckvidd:&nbsp;Tryck: 1060 hPa &#8211; 960 hPa&nbsp;Noggrannhet: 1060 hPa &#8211; 1030 hPa +\/-10 hPa 1030 hPa &#8211; 990 hPa +\/- 5 hPa 990 hPa &#8211; 960 hPa +\/-10 hPa Vi rekommenderar att barometern placeras p\u00e5 en plats som inte uts\u00e4tts f\u00f6r direkt solljus, med tillg\u00e5ng till frisk luft och skydd mot korrosion. Undvik kontakt med vatten, \u00e5nga eller vibrationer.&nbsp;Vi bifogar en bruksanvisning p\u00e5 polska, engelska, spanska, franska och tyska.&nbsp;<\/p>\n","protected":false},"excerpt":{"rendered":"<p>Barometer i m\u00e4ssingsram &oslash; 110 mm &#8211; 27.6245&nbsp;&nbsp;Vi presenterar en vackert utformad barometer, en tidl\u00f6s till\u00e4gg till alla heminredningar. Denna barometer \u00e4r utformad f\u00f6r att erbjuda h\u00f6gkvalitativa v\u00e4derm\u00e4tningar i ett enkelt, tydligt och l\u00e4ttl\u00e4st format. M\u00e4ssingsramen ger ett elegant intryck i alla rum och passar perfekt f\u00f6r dig som uppskattar enkel men sofistikerad heminredning. Oavsett [&hellip;]<\/p>\n","protected":false},"featured_media":44729,"comment_status":"open","ping_status":"closed","template":"","meta":[],"product_brand":[],"product_cat":[33],"product_tag":[],"class_list":{"0":"post-17306","1":"product","2":"type-product","3":"status-publish","4":"has-post-thumbnail","6":"product_cat-okategoriserad","8":"first","9":"instock","10":"shipping-taxable","11":"purchasable","12":"product-type-simple"},"_links":{"self":[{"href":"https:\/\/nordicmart.andreevmaster.com\/sv\/wp-json\/wp\/v2\/product\/17306","targetHints":{"allow":["GET"]}}],"collection":[{"href":"https:\/\/nordicmart.andreevmaster.com\/sv\/wp-json\/wp\/v2\/product"}],"about":[{"href":"https:\/\/nordicmart.andreevmaster.com\/sv\/wp-json\/wp\/v2\/types\/product"}],"replies":[{"embeddable":true,"href":"https:\/\/nordicmart.andreevmaster.com\/sv\/wp-json\/wp\/v2\/comments?post=17306"}],"wp:featuredmedia":[{"embeddable":true,"href":"https:\/\/nordicmart.andreevmaster.com\/sv\/wp-json\/wp\/v2\/media\/44729"}],"wp:attachment":[{"href":"https:\/\/nordicmart.andreevmaster.com\/sv\/wp-json\/wp\/v2\/media?parent=17306"}],"wp:term":[{"taxonomy":"product_brand","embeddable":true,"href":"https:\/\/nordicmart.andreevmaster.com\/sv\/wp-json\/wp\/v2\/product_brand?post=17306"},{"taxonomy":"product_cat","embeddable":true,"href":"https:\/\/nordicmart.andreevmaster.com\/sv\/wp-json\/wp\/v2\/product_cat?post=17306"},{"taxonomy":"product_tag","embeddable":true,"href":"https:\/\/nordicmart.andreevmaster.com\/sv\/wp-json\/wp\/v2\/product_tag?post=17306"}],"curies":[{"name":"wp","href":"https:\/\/api.w.org\/{rel}","templated":true}]}}