{"id":17305,"date":"2026-02-27T00:34:28","date_gmt":"2026-02-27T00:34:28","guid":{"rendered":"https:\/\/nordicmart.andreevmaster.com\/product\/bob-marley-gitarrnyckelring-egk-0641\/"},"modified":"2026-02-27T08:24:11","modified_gmt":"2026-02-27T08:24:11","slug":"bob-marley-gitarrnyckelring-egk-0641","status":"publish","type":"product","link":"https:\/\/nordicmart.andreevmaster.com\/sv\/produkt\/bob-marley-gitarrnyckelring-egk-0641\/","title":{"rendered":"Bob Marley gitarrnyckelring EGK-0641"},"content":{"rendered":"<p>Bob Marley gitarrnyckelring EGK-0641&nbsp;&nbsp;En gitarrnyckelring inspirerad av reggaelegenden Bob Marley \u00e4r en musikalisk pryl som kommer att gl\u00e4dja alla fans av jamaicansk musik. Den passar perfekt som en billig present till en reggaefan som gillar att sv\u00e4nga till rytmen av h\u00e4rliga toner.&nbsp;H\u00e4nget \u00e4r tillverkat av mahogny. Metallkedja och ring f\u00f6r att f\u00e4sta vid nycklar.&nbsp;&nbsp;Bob Marley gitarrnyckelring EGK-0641 Specifikation:&nbsp;M\u00e5tt: 6 x 11 x 0,5 cmMaterial: tr\u00e4 (mahogny), metallF\u00e4rg: brun, gul, svart, gr\u00f6n, r\u00f6dF\u00e4ste: ring&nbsp;&nbsp;Observera! S\u00e4ljaren har ingen anknytning till tillverkare av riktiga instrument eller enskilda artister. Namnen p\u00e5 modellerna eller artisterna \u00e4r exempel. K\u00e4nda namn anv\u00e4nds endast f\u00f6r att visa en viss stil av musikskapande. Inget av instrumenten \u00e4r en exakt kopia vad g\u00e4ller proportioner, storlek och design.&nbsp;<\/p>\n","protected":false},"excerpt":{"rendered":"<p>Bob Marley gitarrnyckelring EGK-0641&nbsp;&nbsp;En gitarrnyckelring inspirerad av reggaelegenden Bob Marley \u00e4r en musikalisk pryl som kommer att gl\u00e4dja alla fans av jamaicansk musik. Den passar perfekt som en billig present till en reggaefan som gillar att sv\u00e4nga till rytmen av h\u00e4rliga toner.&nbsp;H\u00e4nget \u00e4r tillverkat av mahogny. Metallkedja och ring f\u00f6r att f\u00e4sta vid nycklar.&nbsp;&nbsp;Bob Marley [&hellip;]<\/p>\n","protected":false},"featured_media":0,"comment_status":"open","ping_status":"closed","template":"","meta":[],"product_brand":[],"product_cat":[33],"product_tag":[],"class_list":{"0":"post-17305","1":"product","2":"type-product","3":"status-publish","5":"product_cat-okategoriserad","7":"first","8":"instock","9":"shipping-taxable","10":"purchasable","11":"product-type-simple"},"_links":{"self":[{"href":"https:\/\/nordicmart.andreevmaster.com\/sv\/wp-json\/wp\/v2\/product\/17305","targetHints":{"allow":["GET"]}}],"collection":[{"href":"https:\/\/nordicmart.andreevmaster.com\/sv\/wp-json\/wp\/v2\/product"}],"about":[{"href":"https:\/\/nordicmart.andreevmaster.com\/sv\/wp-json\/wp\/v2\/types\/product"}],"replies":[{"embeddable":true,"href":"https:\/\/nordicmart.andreevmaster.com\/sv\/wp-json\/wp\/v2\/comments?post=17305"}],"wp:attachment":[{"href":"https:\/\/nordicmart.andreevmaster.com\/sv\/wp-json\/wp\/v2\/media?parent=17305"}],"wp:term":[{"taxonomy":"product_brand","embeddable":true,"href":"https:\/\/nordicmart.andreevmaster.com\/sv\/wp-json\/wp\/v2\/product_brand?post=17305"},{"taxonomy":"product_cat","embeddable":true,"href":"https:\/\/nordicmart.andreevmaster.com\/sv\/wp-json\/wp\/v2\/product_cat?post=17305"},{"taxonomy":"product_tag","embeddable":true,"href":"https:\/\/nordicmart.andreevmaster.com\/sv\/wp-json\/wp\/v2\/product_tag?post=17305"}],"curies":[{"name":"wp","href":"https:\/\/api.w.org\/{rel}","templated":true}]}}