{"id":17304,"date":"2026-02-27T00:34:28","date_gmt":"2026-02-27T00:34:28","guid":{"rendered":"https:\/\/nordicmart.andreevmaster.com\/product\/ac-dc-gitarrnyckelring-angus-young-tribute-egk-0597\/"},"modified":"2026-02-27T08:24:11","modified_gmt":"2026-02-27T08:24:11","slug":"ac-dc-gitarrnyckelring-angus-young-tribute-egk-0597","status":"publish","type":"product","link":"https:\/\/nordicmart.andreevmaster.com\/sv\/produkt\/ac-dc-gitarrnyckelring-angus-young-tribute-egk-0597\/","title":{"rendered":"AC\/DC gitarrnyckelring &#8211; Angus Young &#8211; Tribute &#8211; EGK-0597"},"content":{"rendered":"<p>AC\/DC gitarrnyckelring \u2013 Angus Young \u2013 Tribute \u2013 EGK-0597&nbsp;&nbsp;Gitarrnyckelring inspirerad av legenden Angus Young fr\u00e5n det australiska bandet AC\/DC. En musikalisk pryl som kommer att tilltala alla som \u00e4lskar denna h\u00e5rdrocksfrontman. Den passar som en prisv\u00e4rd present till en AC\/DC-fan, gitarrist och musik\u00e4lskare.&nbsp;Nyckelring tillverkad av mahogny. Metallkedja och ring f\u00f6r att f\u00e4sta vid nycklar. &nbsp;&nbsp;Produktinformation:&nbsp;M\u00e5tt: 6 x 11 x 0,5 cmMaterial: tr\u00e4 (mahogny), metallF\u00e4rg: brun, gul, svartF\u00e4ste: ringPrisv\u00e4rd present till en h\u00e5rdrocks\u00e4lskareGadget f\u00f6r gitarristen&nbsp;Observera! S\u00e4ljaren har ingen koppling till tillverkare av riktiga instrument eller enskilda artister. Namnen p\u00e5 modellerna eller artisterna \u00e4r exempel. K\u00e4nda namn anv\u00e4nds endast f\u00f6r att visa en viss musikstil. Inget av instrumenten \u00e4r en exakt kopia vad g\u00e4ller proportioner, storlek och design.&nbsp;&nbsp;<\/p>\n","protected":false},"excerpt":{"rendered":"<p>AC\/DC gitarrnyckelring \u2013 Angus Young \u2013 Tribute \u2013 EGK-0597&nbsp;&nbsp;Gitarrnyckelring inspirerad av legenden Angus Young fr\u00e5n det australiska bandet AC\/DC. En musikalisk pryl som kommer att tilltala alla som \u00e4lskar denna h\u00e5rdrocksfrontman. Den passar som en prisv\u00e4rd present till en AC\/DC-fan, gitarrist och musik\u00e4lskare.&nbsp;Nyckelring tillverkad av mahogny. Metallkedja och ring f\u00f6r att f\u00e4sta vid nycklar. &nbsp;&nbsp;Produktinformation:&nbsp;M\u00e5tt: [&hellip;]<\/p>\n","protected":false},"featured_media":44728,"comment_status":"open","ping_status":"closed","template":"","meta":[],"product_brand":[],"product_cat":[33],"product_tag":[],"class_list":{"0":"post-17304","1":"product","2":"type-product","3":"status-publish","4":"has-post-thumbnail","6":"product_cat-okategoriserad","8":"first","9":"instock","10":"shipping-taxable","11":"purchasable","12":"product-type-simple"},"_links":{"self":[{"href":"https:\/\/nordicmart.andreevmaster.com\/sv\/wp-json\/wp\/v2\/product\/17304","targetHints":{"allow":["GET"]}}],"collection":[{"href":"https:\/\/nordicmart.andreevmaster.com\/sv\/wp-json\/wp\/v2\/product"}],"about":[{"href":"https:\/\/nordicmart.andreevmaster.com\/sv\/wp-json\/wp\/v2\/types\/product"}],"replies":[{"embeddable":true,"href":"https:\/\/nordicmart.andreevmaster.com\/sv\/wp-json\/wp\/v2\/comments?post=17304"}],"wp:featuredmedia":[{"embeddable":true,"href":"https:\/\/nordicmart.andreevmaster.com\/sv\/wp-json\/wp\/v2\/media\/44728"}],"wp:attachment":[{"href":"https:\/\/nordicmart.andreevmaster.com\/sv\/wp-json\/wp\/v2\/media?parent=17304"}],"wp:term":[{"taxonomy":"product_brand","embeddable":true,"href":"https:\/\/nordicmart.andreevmaster.com\/sv\/wp-json\/wp\/v2\/product_brand?post=17304"},{"taxonomy":"product_cat","embeddable":true,"href":"https:\/\/nordicmart.andreevmaster.com\/sv\/wp-json\/wp\/v2\/product_cat?post=17304"},{"taxonomy":"product_tag","embeddable":true,"href":"https:\/\/nordicmart.andreevmaster.com\/sv\/wp-json\/wp\/v2\/product_tag?post=17304"}],"curies":[{"name":"wp","href":"https:\/\/api.w.org\/{rel}","templated":true}]}}