{"id":17303,"date":"2026-02-27T00:34:28","date_gmt":"2026-02-27T00:34:28","guid":{"rendered":"https:\/\/nordicmart.andreevmaster.com\/product\/mini-guitar-dire-straits-mark-knopfler-mgt-0581-2\/"},"modified":"2026-02-27T08:24:10","modified_gmt":"2026-02-27T08:24:10","slug":"mini-guitar-dire-straits-mark-knopfler-mgt-0581-2","status":"publish","type":"product","link":"https:\/\/nordicmart.andreevmaster.com\/sv\/produkt\/mini-guitar-dire-straits-mark-knopfler-mgt-0581-2\/","title":{"rendered":"Mini Guitar Dire Straits Mark Knopfler MGT-0581"},"content":{"rendered":"<p>Mini Guitar Dire Straits Mark Knopfler MGT-0581&nbsp;Fans av Mark Knopfler och Sultans Swing kommer att \u00e4lska denna Dire Straits-inspirerade minigitarr. Gitarren fungerar som en musikalisk pryl f\u00f6r fans av Dire Straits, brittisk rock och gitarrister. Minigitarren ser fantastisk ut omgiven av din hemstudio-skivsamling.&nbsp;Minigitarren \u00e4r handgjord av mahognytr\u00e4. Samlarobjekt. Gitarren \u00e4r inte en leksak. Kan inte spelas.&nbsp;Mini Guitar Dire Straits Mark Knopfler MGT-0581 Specifikation:&nbsp;&bull; M\u00e5tt: H. 27,5 cm x B. 9 cm x D. 0,8 cm&bull; Skala: 1:4&bull; Material: mahogny&bull; F\u00e4rg: r\u00f6d, vit, svart&bull; Setet inneh\u00e5ller ett stativ i plast och metall f\u00f6r att st\u00e4lla gitarren p\u00e5&nbsp;Mini Guitar Dire Straits Mark Knopfler MGT-0581 minigitarr \u00e4r perfekt som:&nbsp;&bull; En pryl f\u00f6r en Dire Straits-fan&bull; En musikpryl f\u00f6r gitarristen&bull; En present till en rockmusikfan&bull; Musikaliska dekoration&nbsp;Observera! S\u00e4ljaren har ingen anknytning till tillverkare av riktiga instrument eller enskilda artister. Namnen p\u00e5 modellerna eller artisterna \u00e4r exempel. K\u00e4nda namn anv\u00e4nds endast f\u00f6r att visa en viss musikstil. Inget av instrumenten \u00e4r en exakt kopia vad g\u00e4ller proportioner, storlek och design.&nbsp;<\/p>\n","protected":false},"excerpt":{"rendered":"<p>Mini Guitar Dire Straits Mark Knopfler MGT-0581&nbsp;Fans av Mark Knopfler och Sultans Swing kommer att \u00e4lska denna Dire Straits-inspirerade minigitarr. Gitarren fungerar som en musikalisk pryl f\u00f6r fans av Dire Straits, brittisk rock och gitarrister. Minigitarren ser fantastisk ut omgiven av din hemstudio-skivsamling.&nbsp;Minigitarren \u00e4r handgjord av mahognytr\u00e4. Samlarobjekt. Gitarren \u00e4r inte en leksak. Kan inte [&hellip;]<\/p>\n","protected":false},"featured_media":44727,"comment_status":"open","ping_status":"closed","template":"","meta":[],"product_brand":[],"product_cat":[33],"product_tag":[],"class_list":{"0":"post-17303","1":"product","2":"type-product","3":"status-publish","4":"has-post-thumbnail","6":"product_cat-okategoriserad","8":"first","9":"instock","10":"shipping-taxable","11":"purchasable","12":"product-type-simple"},"_links":{"self":[{"href":"https:\/\/nordicmart.andreevmaster.com\/sv\/wp-json\/wp\/v2\/product\/17303","targetHints":{"allow":["GET"]}}],"collection":[{"href":"https:\/\/nordicmart.andreevmaster.com\/sv\/wp-json\/wp\/v2\/product"}],"about":[{"href":"https:\/\/nordicmart.andreevmaster.com\/sv\/wp-json\/wp\/v2\/types\/product"}],"replies":[{"embeddable":true,"href":"https:\/\/nordicmart.andreevmaster.com\/sv\/wp-json\/wp\/v2\/comments?post=17303"}],"wp:featuredmedia":[{"embeddable":true,"href":"https:\/\/nordicmart.andreevmaster.com\/sv\/wp-json\/wp\/v2\/media\/44727"}],"wp:attachment":[{"href":"https:\/\/nordicmart.andreevmaster.com\/sv\/wp-json\/wp\/v2\/media?parent=17303"}],"wp:term":[{"taxonomy":"product_brand","embeddable":true,"href":"https:\/\/nordicmart.andreevmaster.com\/sv\/wp-json\/wp\/v2\/product_brand?post=17303"},{"taxonomy":"product_cat","embeddable":true,"href":"https:\/\/nordicmart.andreevmaster.com\/sv\/wp-json\/wp\/v2\/product_cat?post=17303"},{"taxonomy":"product_tag","embeddable":true,"href":"https:\/\/nordicmart.andreevmaster.com\/sv\/wp-json\/wp\/v2\/product_tag?post=17303"}],"curies":[{"name":"wp","href":"https:\/\/api.w.org\/{rel}","templated":true}]}}