{"id":17302,"date":"2026-02-27T00:34:28","date_gmt":"2026-02-27T00:34:28","guid":{"rendered":"https:\/\/nordicmart.andreevmaster.com\/product\/utomhusvaderstation-med-klocka-29-0723\/"},"modified":"2026-02-27T08:24:10","modified_gmt":"2026-02-27T08:24:10","slug":"utomhusvaderstation-med-klocka-29-0723","status":"publish","type":"product","link":"https:\/\/nordicmart.andreevmaster.com\/sv\/produkt\/utomhusvaderstation-med-klocka-29-0723\/","title":{"rendered":"Utomhusv\u00e4derstation med klocka \u2013 29.0723"},"content":{"rendered":"<p>Utomhusv\u00e4derstation med klocka \u2013 29.0723&nbsp;&nbsp;Denna eleganta utomhusv\u00e4derstation kombinerar funktionerna hos en barometer, termometer och hygrometer, kompletterad med en klocka. Denna unika produkt \u00e4r en kombination av estetik och funktionalitet, utformad f\u00f6r att ge noggranna m\u00e4tningar och ett elegant utseende. Tillverkad av rostfritt st\u00e5l.&nbsp;Barometern ger exakt information om atmosf\u00e4rstrycket, s\u00e5 att du kan f\u00f6ruts\u00e4ga v\u00e4dret och planera utomhusaktiviteter. Termometern hj\u00e4lper till att \u00f6vervaka temperaturen, b\u00e5de inne och ute, vilket \u00e4r extremt anv\u00e4ndbart f\u00f6r dem som \u00e4r m\u00e5na om termisk komfort. Hygrometern ger information om luftfuktigheten, vilket \u00e4r viktigt f\u00f6r dem som \u00e4r intresserade av att uppr\u00e4tth\u00e5lla r\u00e4tt f\u00f6rh\u00e5llanden inne i hemmet eller ute. Dessutom har denna v\u00e4derstation en klocka, som inte bara g\u00f6r det m\u00f6jligt att avl\u00e4sa tiden, utan ocks\u00e5 tillf\u00f6r elegans. M\u00e4tningarna fr\u00e5n denna v\u00e4derstation \u00e4r av mycket h\u00f6g kvalitet, vilket garanterar precision och tillf\u00f6rlitlighet i resultaten. Detta \u00e4r ett oumb\u00e4rligt verktyg f\u00f6r meteorologiintresserade, tr\u00e4dg\u00e5rdsm\u00e4stare, utomhussportare och alla som uppskattar v\u00e4l designade och funktionella produkter.Denna eleganta utomhusv\u00e4derstation kan ocks\u00e5 vara en perfekt present till en n\u00e4ra och k\u00e4r som \u00e4r intresserad av v\u00e4der, eller till n\u00e5gon som uppskattar sk\u00f6nhet och funktionalitet i ett och samma produkt. Oavsett tillf\u00e4lle kommer denna v\u00e4derstation garanterat att leva upp till f\u00f6rv\u00e4ntningarna och vara ett best\u00e5ende minne.&nbsp;&nbsp;M\u00e5tt:&nbsp;38 x 12,2 cm&nbsp;R\u00e4ckvidd: Temperatur: -20 \u00b0C \u2013 50 \u00b0C Luftfuktighet: 20 % \u2013 98 % RH Atmosf\u00e4rstryck: 1060 hPA \u2013 960 hPA<\/p>\n","protected":false},"excerpt":{"rendered":"<p>Utomhusv\u00e4derstation med klocka \u2013 29.0723&nbsp;&nbsp;Denna eleganta utomhusv\u00e4derstation kombinerar funktionerna hos en barometer, termometer och hygrometer, kompletterad med en klocka. Denna unika produkt \u00e4r en kombination av estetik och funktionalitet, utformad f\u00f6r att ge noggranna m\u00e4tningar och ett elegant utseende. Tillverkad av rostfritt st\u00e5l.&nbsp;Barometern ger exakt information om atmosf\u00e4rstrycket, s\u00e5 att du kan f\u00f6ruts\u00e4ga v\u00e4dret och [&hellip;]<\/p>\n","protected":false},"featured_media":44726,"comment_status":"open","ping_status":"closed","template":"","meta":[],"product_brand":[],"product_cat":[33],"product_tag":[],"class_list":{"0":"post-17302","1":"product","2":"type-product","3":"status-publish","4":"has-post-thumbnail","6":"product_cat-okategoriserad","8":"first","9":"instock","10":"shipping-taxable","11":"purchasable","12":"product-type-simple"},"_links":{"self":[{"href":"https:\/\/nordicmart.andreevmaster.com\/sv\/wp-json\/wp\/v2\/product\/17302","targetHints":{"allow":["GET"]}}],"collection":[{"href":"https:\/\/nordicmart.andreevmaster.com\/sv\/wp-json\/wp\/v2\/product"}],"about":[{"href":"https:\/\/nordicmart.andreevmaster.com\/sv\/wp-json\/wp\/v2\/types\/product"}],"replies":[{"embeddable":true,"href":"https:\/\/nordicmart.andreevmaster.com\/sv\/wp-json\/wp\/v2\/comments?post=17302"}],"wp:featuredmedia":[{"embeddable":true,"href":"https:\/\/nordicmart.andreevmaster.com\/sv\/wp-json\/wp\/v2\/media\/44726"}],"wp:attachment":[{"href":"https:\/\/nordicmart.andreevmaster.com\/sv\/wp-json\/wp\/v2\/media?parent=17302"}],"wp:term":[{"taxonomy":"product_brand","embeddable":true,"href":"https:\/\/nordicmart.andreevmaster.com\/sv\/wp-json\/wp\/v2\/product_brand?post=17302"},{"taxonomy":"product_cat","embeddable":true,"href":"https:\/\/nordicmart.andreevmaster.com\/sv\/wp-json\/wp\/v2\/product_cat?post=17302"},{"taxonomy":"product_tag","embeddable":true,"href":"https:\/\/nordicmart.andreevmaster.com\/sv\/wp-json\/wp\/v2\/product_tag?post=17302"}],"curies":[{"name":"wp","href":"https:\/\/api.w.org\/{rel}","templated":true}]}}