{"id":17301,"date":"2026-02-27T00:34:27","date_gmt":"2026-02-27T00:34:27","guid":{"rendered":"https:\/\/nordicmart.andreevmaster.com\/product\/nyckelring-gitarr-dire-straits-mark-knopfler-mahogny-egk-0474\/"},"modified":"2026-02-27T08:24:10","modified_gmt":"2026-02-27T08:24:10","slug":"nyckelring-gitarr-dire-straits-mark-knopfler-mahogny-egk-0474","status":"publish","type":"product","link":"https:\/\/nordicmart.andreevmaster.com\/sv\/produkt\/nyckelring-gitarr-dire-straits-mark-knopfler-mahogny-egk-0474\/","title":{"rendered":"Nyckelring \u2013 gitarr \u2013 Dire Straits \u2013 Mark Knopfler, mahogny, EGK-0474"},"content":{"rendered":"<p>Nyckelring \u2013 gitarr \u2013 Dire Straits \u2013 Mark Knopfler, mahogny, EGK-0474&nbsp;&nbsp;&nbsp;K\u00e4nn Dire Straits musik alltid med dig! Den gitarrformade nyckelringen, inspirerad av Mark Knopflers spelstil, \u00e4r inte bara ett praktiskt tillskott till dina nycklar, utan ocks\u00e5 en unik dekoration. Den \u00e4r tillverkad av en kombination av tr\u00e4 och metall och imponerar med sin precision och detaljrikedom.&nbsp;&nbsp;Produktinformation:&nbsp;M\u00e5tt: 6x11x0,5 cm Material: Nyckelring i tr\u00e4 och metall Perfekt present till musik- och Dire Straits-fans &nbsp;&nbsp;S\u00e4ljaren har ingen anknytning till tillverkare av riktiga instrument eller enskilda artister. Modellernas namn eller artistnamnen \u00e4r exempel. K\u00e4nda namn tj\u00e4nar endast till att visa en viss stil av musikskapande. Inget av instrumenten \u00e4r en exakt kopia vad g\u00e4ller proportioner, storlek och design.<\/p>\n","protected":false},"excerpt":{"rendered":"<p>Nyckelring \u2013 gitarr \u2013 Dire Straits \u2013 Mark Knopfler, mahogny, EGK-0474&nbsp;&nbsp;&nbsp;K\u00e4nn Dire Straits musik alltid med dig! Den gitarrformade nyckelringen, inspirerad av Mark Knopflers spelstil, \u00e4r inte bara ett praktiskt tillskott till dina nycklar, utan ocks\u00e5 en unik dekoration. Den \u00e4r tillverkad av en kombination av tr\u00e4 och metall och imponerar med sin precision och [&hellip;]<\/p>\n","protected":false},"featured_media":44725,"comment_status":"open","ping_status":"closed","template":"","meta":[],"product_brand":[],"product_cat":[33],"product_tag":[],"class_list":{"0":"post-17301","1":"product","2":"type-product","3":"status-publish","4":"has-post-thumbnail","6":"product_cat-okategoriserad","8":"first","9":"instock","10":"shipping-taxable","11":"purchasable","12":"product-type-simple"},"_links":{"self":[{"href":"https:\/\/nordicmart.andreevmaster.com\/sv\/wp-json\/wp\/v2\/product\/17301","targetHints":{"allow":["GET"]}}],"collection":[{"href":"https:\/\/nordicmart.andreevmaster.com\/sv\/wp-json\/wp\/v2\/product"}],"about":[{"href":"https:\/\/nordicmart.andreevmaster.com\/sv\/wp-json\/wp\/v2\/types\/product"}],"replies":[{"embeddable":true,"href":"https:\/\/nordicmart.andreevmaster.com\/sv\/wp-json\/wp\/v2\/comments?post=17301"}],"wp:featuredmedia":[{"embeddable":true,"href":"https:\/\/nordicmart.andreevmaster.com\/sv\/wp-json\/wp\/v2\/media\/44725"}],"wp:attachment":[{"href":"https:\/\/nordicmart.andreevmaster.com\/sv\/wp-json\/wp\/v2\/media?parent=17301"}],"wp:term":[{"taxonomy":"product_brand","embeddable":true,"href":"https:\/\/nordicmart.andreevmaster.com\/sv\/wp-json\/wp\/v2\/product_brand?post=17301"},{"taxonomy":"product_cat","embeddable":true,"href":"https:\/\/nordicmart.andreevmaster.com\/sv\/wp-json\/wp\/v2\/product_cat?post=17301"},{"taxonomy":"product_tag","embeddable":true,"href":"https:\/\/nordicmart.andreevmaster.com\/sv\/wp-json\/wp\/v2\/product_tag?post=17301"}],"curies":[{"name":"wp","href":"https:\/\/api.w.org\/{rel}","templated":true}]}}