{"id":17300,"date":"2026-02-27T00:34:27","date_gmt":"2026-02-27T00:34:27","guid":{"rendered":"https:\/\/nordicmart.andreevmaster.com\/product\/bob-marley-tribute-ganja-mini-guitar-mgt-0468-2\/"},"modified":"2026-02-27T08:24:10","modified_gmt":"2026-02-27T08:24:10","slug":"bob-marley-tribute-ganja-mini-guitar-mgt-0468-2","status":"publish","type":"product","link":"https:\/\/nordicmart.andreevmaster.com\/sv\/produkt\/bob-marley-tribute-ganja-mini-guitar-mgt-0468-2\/","title":{"rendered":"Bob Marley Tribute Ganja Mini Guitar MGT-0468"},"content":{"rendered":"<p>Bob Marley Tribute Ganja Mini Guitar MGT-0468&nbsp;&nbsp;&quot;Iron, Lion, Zion&#8230;&quot;. En minigitarr som \u00e4r stiliserad efter den utrustning som reggaegurun Bob Marley anv\u00e4nde kommer att tilltala fans av musik fr\u00e5n Jamaica. Gitarren \u00e4r en utm\u00e4rkt present till Marley-fans, reggaelovers och gitarrister. Minigitarren \u00e4r en utm\u00e4rkt dekoration f\u00f6r en musikers rum.&nbsp;Minigitarren \u00e4r handgjord av mahognytr\u00e4. Samlarobjekt. Gitarren \u00e4r inte en leksak. Kan inte spelas.&nbsp;&nbsp;Produktinformation:&nbsp;M\u00e5tt: H. 27,5 cm x B. 9 cm x D. 0,8 cmSkala: 1:4Material: mahognytr\u00e4F\u00e4rg: gul, r\u00f6d, gr\u00f6n, vitSatsen inneh\u00e5ller ett stativ i plast och metall f\u00f6r att st\u00e4lla gitarren p\u00e5&nbsp;&nbsp;Observera! S\u00e4ljaren har ingen anknytning till tillverkare av riktiga instrument eller enskilda artister. Modellernas namn eller artisternas namn \u00e4r exempel. K\u00e4nda namn anv\u00e4nds endast f\u00f6r att visa en viss musikstil. Inget av instrumenten \u00e4r en exakt kopia vad g\u00e4ller proportioner, storlek och design.&nbsp;<\/p>\n","protected":false},"excerpt":{"rendered":"<p>Bob Marley Tribute Ganja Mini Guitar MGT-0468&nbsp;&nbsp;&quot;Iron, Lion, Zion&#8230;&quot;. En minigitarr som \u00e4r stiliserad efter den utrustning som reggaegurun Bob Marley anv\u00e4nde kommer att tilltala fans av musik fr\u00e5n Jamaica. Gitarren \u00e4r en utm\u00e4rkt present till Marley-fans, reggaelovers och gitarrister. Minigitarren \u00e4r en utm\u00e4rkt dekoration f\u00f6r en musikers rum.&nbsp;Minigitarren \u00e4r handgjord av mahognytr\u00e4. Samlarobjekt. Gitarren [&hellip;]<\/p>\n","protected":false},"featured_media":44724,"comment_status":"open","ping_status":"closed","template":"","meta":[],"product_brand":[],"product_cat":[33],"product_tag":[],"class_list":{"0":"post-17300","1":"product","2":"type-product","3":"status-publish","4":"has-post-thumbnail","6":"product_cat-okategoriserad","8":"first","9":"instock","10":"shipping-taxable","11":"purchasable","12":"product-type-simple"},"_links":{"self":[{"href":"https:\/\/nordicmart.andreevmaster.com\/sv\/wp-json\/wp\/v2\/product\/17300","targetHints":{"allow":["GET"]}}],"collection":[{"href":"https:\/\/nordicmart.andreevmaster.com\/sv\/wp-json\/wp\/v2\/product"}],"about":[{"href":"https:\/\/nordicmart.andreevmaster.com\/sv\/wp-json\/wp\/v2\/types\/product"}],"replies":[{"embeddable":true,"href":"https:\/\/nordicmart.andreevmaster.com\/sv\/wp-json\/wp\/v2\/comments?post=17300"}],"wp:featuredmedia":[{"embeddable":true,"href":"https:\/\/nordicmart.andreevmaster.com\/sv\/wp-json\/wp\/v2\/media\/44724"}],"wp:attachment":[{"href":"https:\/\/nordicmart.andreevmaster.com\/sv\/wp-json\/wp\/v2\/media?parent=17300"}],"wp:term":[{"taxonomy":"product_brand","embeddable":true,"href":"https:\/\/nordicmart.andreevmaster.com\/sv\/wp-json\/wp\/v2\/product_brand?post=17300"},{"taxonomy":"product_cat","embeddable":true,"href":"https:\/\/nordicmart.andreevmaster.com\/sv\/wp-json\/wp\/v2\/product_cat?post=17300"},{"taxonomy":"product_tag","embeddable":true,"href":"https:\/\/nordicmart.andreevmaster.com\/sv\/wp-json\/wp\/v2\/product_tag?post=17300"}],"curies":[{"name":"wp","href":"https:\/\/api.w.org\/{rel}","templated":true}]}}