{"id":17299,"date":"2026-02-27T00:34:27","date_gmt":"2026-02-27T00:34:27","guid":{"rendered":"https:\/\/nordicmart.andreevmaster.com\/product\/mini-gitarr-u2-bono-irish-falcon-mgt-0444\/"},"modified":"2026-02-27T08:24:10","modified_gmt":"2026-02-27T08:24:10","slug":"mini-gitarr-u2-bono-irish-falcon-mgt-0444","status":"publish","type":"product","link":"https:\/\/nordicmart.andreevmaster.com\/sv\/produkt\/mini-gitarr-u2-bono-irish-falcon-mgt-0444\/","title":{"rendered":"Mini-gitarr U2 \u2013 Bono \u2013 Irish Falcon \u2013 MGT-0444"},"content":{"rendered":"<p>Minigitarr U2 &#8211; Bono &#8211; Irish Falcon, MGT-0444 &#8211; skala 1:4&nbsp;&nbsp;&nbsp;Produktinformation:&nbsp;HandgjordMahognytr\u00e4M\u00e5tt: h\u00f6jd 27,5 cm x bredd 9 cm x djup. 0,8 cmSkala 1:4Samlarobjekt &nbsp;&nbsp;&nbsp;S\u00e4ljaren har ingen anknytning till tillverkarna av riktiga instrument eller till enskilda artister. Modellernas namn eller artisternas namn \u00e4r exempel. K\u00e4nda namn anv\u00e4nds endast f\u00f6r att visa en viss stil av musikskapande. Inget av instrumenten \u00e4r en exakt kopia vad g\u00e4ller proportioner, storlek och design. Alla produkter \u00e4r tillverkade f\u00f6r hand.&nbsp;<\/p>\n","protected":false},"excerpt":{"rendered":"<p>Minigitarr U2 &#8211; Bono &#8211; Irish Falcon, MGT-0444 &#8211; skala 1:4&nbsp;&nbsp;&nbsp;Produktinformation:&nbsp;HandgjordMahognytr\u00e4M\u00e5tt: h\u00f6jd 27,5 cm x bredd 9 cm x djup. 0,8 cmSkala 1:4Samlarobjekt &nbsp;&nbsp;&nbsp;S\u00e4ljaren har ingen anknytning till tillverkarna av riktiga instrument eller till enskilda artister. Modellernas namn eller artisternas namn \u00e4r exempel. K\u00e4nda namn anv\u00e4nds endast f\u00f6r att visa en viss stil av musikskapande. [&hellip;]<\/p>\n","protected":false},"featured_media":44723,"comment_status":"open","ping_status":"closed","template":"","meta":[],"product_brand":[],"product_cat":[33],"product_tag":[],"class_list":{"0":"post-17299","1":"product","2":"type-product","3":"status-publish","4":"has-post-thumbnail","6":"product_cat-okategoriserad","8":"first","9":"instock","10":"shipping-taxable","11":"purchasable","12":"product-type-simple"},"_links":{"self":[{"href":"https:\/\/nordicmart.andreevmaster.com\/sv\/wp-json\/wp\/v2\/product\/17299","targetHints":{"allow":["GET"]}}],"collection":[{"href":"https:\/\/nordicmart.andreevmaster.com\/sv\/wp-json\/wp\/v2\/product"}],"about":[{"href":"https:\/\/nordicmart.andreevmaster.com\/sv\/wp-json\/wp\/v2\/types\/product"}],"replies":[{"embeddable":true,"href":"https:\/\/nordicmart.andreevmaster.com\/sv\/wp-json\/wp\/v2\/comments?post=17299"}],"wp:featuredmedia":[{"embeddable":true,"href":"https:\/\/nordicmart.andreevmaster.com\/sv\/wp-json\/wp\/v2\/media\/44723"}],"wp:attachment":[{"href":"https:\/\/nordicmart.andreevmaster.com\/sv\/wp-json\/wp\/v2\/media?parent=17299"}],"wp:term":[{"taxonomy":"product_brand","embeddable":true,"href":"https:\/\/nordicmart.andreevmaster.com\/sv\/wp-json\/wp\/v2\/product_brand?post=17299"},{"taxonomy":"product_cat","embeddable":true,"href":"https:\/\/nordicmart.andreevmaster.com\/sv\/wp-json\/wp\/v2\/product_cat?post=17299"},{"taxonomy":"product_tag","embeddable":true,"href":"https:\/\/nordicmart.andreevmaster.com\/sv\/wp-json\/wp\/v2\/product_tag?post=17299"}],"curies":[{"name":"wp","href":"https:\/\/api.w.org\/{rel}","templated":true}]}}