{"id":17298,"date":"2026-02-27T00:34:27","date_gmt":"2026-02-27T00:34:27","guid":{"rendered":"https:\/\/nordicmart.andreevmaster.com\/product\/nyckelring-j-hendrix-gitarr-mahogny-egk-0320\/"},"modified":"2026-02-27T08:24:09","modified_gmt":"2026-02-27T08:24:09","slug":"nyckelring-j-hendrix-gitarr-mahogny-egk-0320","status":"publish","type":"product","link":"https:\/\/nordicmart.andreevmaster.com\/sv\/produkt\/nyckelring-j-hendrix-gitarr-mahogny-egk-0320\/","title":{"rendered":"Nyckelring \u2013 J. Hendrix gitarr; mahogny \u2013 EGK-0320"},"content":{"rendered":"<p>Nyckelring \u2013 J. Hendrix gitarr; mahogny \u2013 EGK-0320&nbsp;6x11x0,5cm Nyckelring i tr\u00e4 och metall&nbsp;present till musik\u00e4lskare och J. Hendrix-fans&nbsp;S\u00e4ljaren har ingen anknytning till tillverkare av riktiga instrument eller enskilda artister. Modellernas namn eller artistnamnen \u00e4r exempel. K\u00e4nda namn anv\u00e4nds endast f\u00f6r att visa en viss musikstil. Inget av instrumenten \u00e4r en exakt kopia vad g\u00e4ller proportioner, storlek och design.&nbsp;<\/p>\n","protected":false},"excerpt":{"rendered":"<p>Nyckelring \u2013 J. Hendrix gitarr; mahogny \u2013 EGK-0320&nbsp;6x11x0,5cm Nyckelring i tr\u00e4 och metall&nbsp;present till musik\u00e4lskare och J. Hendrix-fans&nbsp;S\u00e4ljaren har ingen anknytning till tillverkare av riktiga instrument eller enskilda artister. Modellernas namn eller artistnamnen \u00e4r exempel. K\u00e4nda namn anv\u00e4nds endast f\u00f6r att visa en viss musikstil. Inget av instrumenten \u00e4r en exakt kopia vad g\u00e4ller proportioner, [&hellip;]<\/p>\n","protected":false},"featured_media":44722,"comment_status":"open","ping_status":"closed","template":"","meta":[],"product_brand":[],"product_cat":[33],"product_tag":[],"class_list":{"0":"post-17298","1":"product","2":"type-product","3":"status-publish","4":"has-post-thumbnail","6":"product_cat-okategoriserad","8":"first","9":"instock","10":"shipping-taxable","11":"purchasable","12":"product-type-simple"},"_links":{"self":[{"href":"https:\/\/nordicmart.andreevmaster.com\/sv\/wp-json\/wp\/v2\/product\/17298","targetHints":{"allow":["GET"]}}],"collection":[{"href":"https:\/\/nordicmart.andreevmaster.com\/sv\/wp-json\/wp\/v2\/product"}],"about":[{"href":"https:\/\/nordicmart.andreevmaster.com\/sv\/wp-json\/wp\/v2\/types\/product"}],"replies":[{"embeddable":true,"href":"https:\/\/nordicmart.andreevmaster.com\/sv\/wp-json\/wp\/v2\/comments?post=17298"}],"wp:featuredmedia":[{"embeddable":true,"href":"https:\/\/nordicmart.andreevmaster.com\/sv\/wp-json\/wp\/v2\/media\/44722"}],"wp:attachment":[{"href":"https:\/\/nordicmart.andreevmaster.com\/sv\/wp-json\/wp\/v2\/media?parent=17298"}],"wp:term":[{"taxonomy":"product_brand","embeddable":true,"href":"https:\/\/nordicmart.andreevmaster.com\/sv\/wp-json\/wp\/v2\/product_brand?post=17298"},{"taxonomy":"product_cat","embeddable":true,"href":"https:\/\/nordicmart.andreevmaster.com\/sv\/wp-json\/wp\/v2\/product_cat?post=17298"},{"taxonomy":"product_tag","embeddable":true,"href":"https:\/\/nordicmart.andreevmaster.com\/sv\/wp-json\/wp\/v2\/product_tag?post=17298"}],"curies":[{"name":"wp","href":"https:\/\/api.w.org\/{rel}","templated":true}]}}