{"id":17297,"date":"2026-02-27T00:34:26","date_gmt":"2026-02-27T00:34:26","guid":{"rendered":"https:\/\/nordicmart.andreevmaster.com\/product\/metallica-gitarrnyckelring-james-hetfield-iron-cross-egk-0191\/"},"modified":"2026-02-27T08:24:09","modified_gmt":"2026-02-27T08:24:09","slug":"metallica-gitarrnyckelring-james-hetfield-iron-cross-egk-0191","status":"publish","type":"product","link":"https:\/\/nordicmart.andreevmaster.com\/sv\/produkt\/metallica-gitarrnyckelring-james-hetfield-iron-cross-egk-0191\/","title":{"rendered":"Metallica gitarrnyckelring \u2013 James Hetfield \u2013 Iron Cross EGK-0191"},"content":{"rendered":"<p>Metallica gitarrnyckelring &#8211; James Hetfield &#8211; Iron Cross EGK-0191&nbsp;&nbsp;Gitarrnyckelring inspirerad av det ikoniska heavy- och thrash metal-bandet Metallica \u00e4r en fantastisk gadget f\u00f6r den som \u00e4lskar h\u00e5rdare ljud. Den fungerar som en prisv\u00e4rd present till Metallica-fans, metalheads och gitarrister. &nbsp;Nyckelringen \u00e4r tillverkad av mahogny. Metallkedja och ring f\u00f6r att f\u00e4sta vid nycklar.&nbsp;&nbsp;Produktinformation:&nbsp;M\u00e5tt: 6 x 11 x 0,5 cmMaterial: tr\u00e4 (mahogny), metallF\u00e4rg: svart, gulF\u00e4ste: ringGadget f\u00f6r den som \u00e4lskar h\u00e5rdare musikPresent till en Metallica-fan&nbsp;Observera! S\u00e4ljaren har ingen koppling till tillverkare av riktiga instrument eller enskilda artister. Namnen p\u00e5 modellerna eller artisterna \u00e4r exempel. K\u00e4nda namn anv\u00e4nds endast f\u00f6r att visa en viss musikstil. Inget av instrumenten \u00e4r en exakt kopia vad g\u00e4ller proportioner, storlek och design.&nbsp;<\/p>\n","protected":false},"excerpt":{"rendered":"<p>Metallica gitarrnyckelring &#8211; James Hetfield &#8211; Iron Cross EGK-0191&nbsp;&nbsp;Gitarrnyckelring inspirerad av det ikoniska heavy- och thrash metal-bandet Metallica \u00e4r en fantastisk gadget f\u00f6r den som \u00e4lskar h\u00e5rdare ljud. Den fungerar som en prisv\u00e4rd present till Metallica-fans, metalheads och gitarrister. &nbsp;Nyckelringen \u00e4r tillverkad av mahogny. Metallkedja och ring f\u00f6r att f\u00e4sta vid nycklar.&nbsp;&nbsp;Produktinformation:&nbsp;M\u00e5tt: 6 x 11 [&hellip;]<\/p>\n","protected":false},"featured_media":0,"comment_status":"open","ping_status":"closed","template":"","meta":[],"product_brand":[],"product_cat":[33],"product_tag":[],"class_list":{"0":"post-17297","1":"product","2":"type-product","3":"status-publish","5":"product_cat-okategoriserad","7":"first","8":"instock","9":"shipping-taxable","10":"purchasable","11":"product-type-simple"},"_links":{"self":[{"href":"https:\/\/nordicmart.andreevmaster.com\/sv\/wp-json\/wp\/v2\/product\/17297","targetHints":{"allow":["GET"]}}],"collection":[{"href":"https:\/\/nordicmart.andreevmaster.com\/sv\/wp-json\/wp\/v2\/product"}],"about":[{"href":"https:\/\/nordicmart.andreevmaster.com\/sv\/wp-json\/wp\/v2\/types\/product"}],"replies":[{"embeddable":true,"href":"https:\/\/nordicmart.andreevmaster.com\/sv\/wp-json\/wp\/v2\/comments?post=17297"}],"wp:attachment":[{"href":"https:\/\/nordicmart.andreevmaster.com\/sv\/wp-json\/wp\/v2\/media?parent=17297"}],"wp:term":[{"taxonomy":"product_brand","embeddable":true,"href":"https:\/\/nordicmart.andreevmaster.com\/sv\/wp-json\/wp\/v2\/product_brand?post=17297"},{"taxonomy":"product_cat","embeddable":true,"href":"https:\/\/nordicmart.andreevmaster.com\/sv\/wp-json\/wp\/v2\/product_cat?post=17297"},{"taxonomy":"product_tag","embeddable":true,"href":"https:\/\/nordicmart.andreevmaster.com\/sv\/wp-json\/wp\/v2\/product_tag?post=17297"}],"curies":[{"name":"wp","href":"https:\/\/api.w.org\/{rel}","templated":true}]}}