{"id":17296,"date":"2026-02-27T00:34:26","date_gmt":"2026-02-27T00:34:26","guid":{"rendered":"https:\/\/nordicmart.andreevmaster.com\/product\/led-zeppelin-gitarrnyckelring-jimmy-page-egk-0115\/"},"modified":"2026-02-27T08:24:09","modified_gmt":"2026-02-27T08:24:09","slug":"led-zeppelin-gitarrnyckelring-jimmy-page-egk-0115","status":"publish","type":"product","link":"https:\/\/nordicmart.andreevmaster.com\/sv\/produkt\/led-zeppelin-gitarrnyckelring-jimmy-page-egk-0115\/","title":{"rendered":"Led Zeppelin gitarrnyckelring \u2013 Jimmy Page \u2013 EGK-0115"},"content":{"rendered":"<p>Led Zeppelin gitarrnyckelring &#8211; Jimmy Page &#8211; EGK-0115&nbsp;&nbsp;Gitarrnyckelring inspirerad av Gibson Doubleneck dubbelhalsgitarr, som han populariserade, inklusive Jimmy Pagez Led Zeppelin under liveframtr\u00e4danden p\u00e5 70-talet. Gitarren kan associeras med bandets ikoniska l\u00e5tar, s\u00e5som &#8221;Stairway to Heaven&#8221;, &#8221;The Song Remains the Same&#8221;, &#8221;Tangerine&#8221; eller &#8221;The Rain Song&#8221;. Nyckelringen passar som present till en riktig gitarrist, en fan av Zeppelin och Jimmy Pages konstn\u00e4rskap. H\u00e4ngsmycket \u00e4r tillverkat av mahogny. Metallkedja och ring f\u00f6r att f\u00e4sta vid nycklar. Produktinformation: M\u00e5tt: 6 x 11 x 0,5 cm Material: tr\u00e4 (mahogny), metall F\u00e4rg: r\u00f6d, svart, vit F\u00e4ste: ring Present till en gitarrist Present till en Zeppelin-fan Obs! S\u00e4ljaren har ingen anknytning till tillverkare av riktiga instrument eller enskilda artister. Namnen p\u00e5 modellerna eller artisterna \u00e4r exempel. K\u00e4nda namn anv\u00e4nds endast f\u00f6r att visa en viss musikstil. Inget av instrumenten \u00e4r en exakt kopia vad g\u00e4ller proportioner, storlek och design.<\/p>\n","protected":false},"excerpt":{"rendered":"<p>Led Zeppelin gitarrnyckelring &#8211; Jimmy Page &#8211; EGK-0115&nbsp;&nbsp;Gitarrnyckelring inspirerad av Gibson Doubleneck dubbelhalsgitarr, som han populariserade, inklusive Jimmy Pagez Led Zeppelin under liveframtr\u00e4danden p\u00e5 70-talet. Gitarren kan associeras med bandets ikoniska l\u00e5tar, s\u00e5som &#8221;Stairway to Heaven&#8221;, &#8221;The Song Remains the Same&#8221;, &#8221;Tangerine&#8221; eller &#8221;The Rain Song&#8221;. Nyckelringen passar som present till en riktig gitarrist, en [&hellip;]<\/p>\n","protected":false},"featured_media":0,"comment_status":"open","ping_status":"closed","template":"","meta":[],"product_brand":[],"product_cat":[33],"product_tag":[],"class_list":{"0":"post-17296","1":"product","2":"type-product","3":"status-publish","5":"product_cat-okategoriserad","7":"first","8":"instock","9":"shipping-taxable","10":"purchasable","11":"product-type-simple"},"_links":{"self":[{"href":"https:\/\/nordicmart.andreevmaster.com\/sv\/wp-json\/wp\/v2\/product\/17296","targetHints":{"allow":["GET"]}}],"collection":[{"href":"https:\/\/nordicmart.andreevmaster.com\/sv\/wp-json\/wp\/v2\/product"}],"about":[{"href":"https:\/\/nordicmart.andreevmaster.com\/sv\/wp-json\/wp\/v2\/types\/product"}],"replies":[{"embeddable":true,"href":"https:\/\/nordicmart.andreevmaster.com\/sv\/wp-json\/wp\/v2\/comments?post=17296"}],"wp:attachment":[{"href":"https:\/\/nordicmart.andreevmaster.com\/sv\/wp-json\/wp\/v2\/media?parent=17296"}],"wp:term":[{"taxonomy":"product_brand","embeddable":true,"href":"https:\/\/nordicmart.andreevmaster.com\/sv\/wp-json\/wp\/v2\/product_brand?post=17296"},{"taxonomy":"product_cat","embeddable":true,"href":"https:\/\/nordicmart.andreevmaster.com\/sv\/wp-json\/wp\/v2\/product_cat?post=17296"},{"taxonomy":"product_tag","embeddable":true,"href":"https:\/\/nordicmart.andreevmaster.com\/sv\/wp-json\/wp\/v2\/product_tag?post=17296"}],"curies":[{"name":"wp","href":"https:\/\/api.w.org\/{rel}","templated":true}]}}