{"id":17295,"date":"2026-02-27T00:34:26","date_gmt":"2026-02-27T00:34:26","guid":{"rendered":"https:\/\/nordicmart.andreevmaster.com\/product\/marin-vaderstation-barometer-termometer-hygrometer-i-massingsram-32-0370\/"},"modified":"2026-02-27T08:24:09","modified_gmt":"2026-02-27T08:24:09","slug":"marin-vaderstation-barometer-termometer-hygrometer-i-massingsram-32-0370","status":"publish","type":"product","link":"https:\/\/nordicmart.andreevmaster.com\/sv\/produkt\/marin-vaderstation-barometer-termometer-hygrometer-i-massingsram-32-0370\/","title":{"rendered":"Marin v\u00e4derstation: barometer, termometer, hygrometer i m\u00e4ssingsram \u2013 32.0370"},"content":{"rendered":"<p>Marin v\u00e4derstation: barometer, termometer, hygrometer i m\u00e4ssingsram \u2013 32.0370&nbsp;&nbsp;Denna eleganta marina v\u00e4derstation \u00e4r den perfekta presenten f\u00f6r alla som \u00e4lskar den nautiska livsstilen. Denna vackert utformade v\u00e4derstation har en barometer, termometer och hygrometer, alla inbyggda i en m\u00e4ssingsram. Dess tidl\u00f6sa design g\u00f6r den perfekt f\u00f6r alla hem med marin inredning. &nbsp;Oavsett om du \u00e4r sj\u00f6man eller bara \u00e4lskar marina presenter \u00e4r denna v\u00e4derstation det perfekta valet. Den ger exakta m\u00e4tningar av barometertryck, temperatur och luftfuktighet, vilket g\u00f6r den till ett praktiskt tillskott till alla hem eller kontor. Den \u00e4r ocks\u00e5 en utm\u00e4rkt present till alla som uppskattar sk\u00f6nheten och funktionaliteten i marininspirerad inredning.&nbsp;&nbsp;M\u00e5tt:&nbsp;150x120x45 mm&nbsp;R\u00e4ckvidd:&nbsp;Temperatur &#8211; -20 \u00b0C till 50 \u00b0C. Celsius Luftfuktighet 20 % &#8211; 98 % Tryck: 1060 hPa &#8211; 960 hPaNoggrannhet: Temperatur: +\/- 2 grader. Luftfuktighet: 20 %\u201345 % \u2013 noggrannhet +\/-9 % 45 %\u201375 % \u2013 noggrannhet +\/-6 % 75 %\u201398 % \u2013 noggrannhet +\/-9 % Atmosf\u00e4rstryck: 1060 hPa &#8211; 1030 hPa +\/-10 hPa1030 hPa &#8211; 990 hPa +\/- 5 hPa990 hPa &#8211; 960 hPa +\/-10 hPa&nbsp;&nbsp;Vi rekommenderar att du placerar v\u00e4derstationen p\u00e5 en plats som inte \u00e4r utsatt f\u00f6r direkt solljus, med tillg\u00e5ng till frisk luft och skydd mot korrosion.&nbsp;Undvik kontakt med vatten, \u00e5nga eller vibrationer.&nbsp;Barometern \u00e4r fabriksinst\u00e4lld. Fabriksinst\u00e4llda tryckm\u00e4tningar b\u00f6r dock kontrolleras. Det beror p\u00e5 v\u00e5r plats \u2013 h\u00f6jden \u00f6ver havet. Trycket kommer att skilja sig \u00e5t, till exempel \u00f6ver havet och i bergen. Innan du startar enheten b\u00f6r du d\u00e4rf\u00f6r st\u00e4lla in barometerns utg\u00e5ng med hj\u00e4lp av den guldf\u00e4rgade skruven p\u00e5 enhetens baksida. Du beh\u00f6ver en liten skruvmejsel. F\u00f6r detta \u00e4ndam\u00e5l \u00e4r det b\u00e4st att h\u00e4nvisa till avl\u00e4sningen p\u00e5 en annan barometer eller kontrollera trycket f\u00f6r din ort, till exempel p\u00e5 Internet. Efter att du har st\u00e4llt in r\u00e4tt tryck rekommenderar vi att du knackar l\u00e4tt p\u00e5 glaset f\u00f6r att stimulera barometern att fungera.<\/p>\n","protected":false},"excerpt":{"rendered":"<p>Marin v\u00e4derstation: barometer, termometer, hygrometer i m\u00e4ssingsram \u2013 32.0370&nbsp;&nbsp;Denna eleganta marina v\u00e4derstation \u00e4r den perfekta presenten f\u00f6r alla som \u00e4lskar den nautiska livsstilen. Denna vackert utformade v\u00e4derstation har en barometer, termometer och hygrometer, alla inbyggda i en m\u00e4ssingsram. Dess tidl\u00f6sa design g\u00f6r den perfekt f\u00f6r alla hem med marin inredning. &nbsp;Oavsett om du \u00e4r sj\u00f6man [&hellip;]<\/p>\n","protected":false},"featured_media":44721,"comment_status":"open","ping_status":"closed","template":"","meta":[],"product_brand":[],"product_cat":[33],"product_tag":[],"class_list":{"0":"post-17295","1":"product","2":"type-product","3":"status-publish","4":"has-post-thumbnail","6":"product_cat-okategoriserad","8":"first","9":"instock","10":"shipping-taxable","11":"purchasable","12":"product-type-simple"},"_links":{"self":[{"href":"https:\/\/nordicmart.andreevmaster.com\/sv\/wp-json\/wp\/v2\/product\/17295","targetHints":{"allow":["GET"]}}],"collection":[{"href":"https:\/\/nordicmart.andreevmaster.com\/sv\/wp-json\/wp\/v2\/product"}],"about":[{"href":"https:\/\/nordicmart.andreevmaster.com\/sv\/wp-json\/wp\/v2\/types\/product"}],"replies":[{"embeddable":true,"href":"https:\/\/nordicmart.andreevmaster.com\/sv\/wp-json\/wp\/v2\/comments?post=17295"}],"wp:featuredmedia":[{"embeddable":true,"href":"https:\/\/nordicmart.andreevmaster.com\/sv\/wp-json\/wp\/v2\/media\/44721"}],"wp:attachment":[{"href":"https:\/\/nordicmart.andreevmaster.com\/sv\/wp-json\/wp\/v2\/media?parent=17295"}],"wp:term":[{"taxonomy":"product_brand","embeddable":true,"href":"https:\/\/nordicmart.andreevmaster.com\/sv\/wp-json\/wp\/v2\/product_brand?post=17295"},{"taxonomy":"product_cat","embeddable":true,"href":"https:\/\/nordicmart.andreevmaster.com\/sv\/wp-json\/wp\/v2\/product_cat?post=17295"},{"taxonomy":"product_tag","embeddable":true,"href":"https:\/\/nordicmart.andreevmaster.com\/sv\/wp-json\/wp\/v2\/product_tag?post=17295"}],"curies":[{"name":"wp","href":"https:\/\/api.w.org\/{rel}","templated":true}]}}