{"id":17294,"date":"2026-02-27T00:34:26","date_gmt":"2026-02-27T00:34:26","guid":{"rendered":"https:\/\/nordicmart.andreevmaster.com\/product\/utomhusvaderstation-29-0367\/"},"modified":"2026-02-27T08:24:08","modified_gmt":"2026-02-27T08:24:08","slug":"utomhusvaderstation-29-0367","status":"publish","type":"product","link":"https:\/\/nordicmart.andreevmaster.com\/sv\/produkt\/utomhusvaderstation-29-0367\/","title":{"rendered":"Utomhusv\u00e4derstation \u2013 29.0367"},"content":{"rendered":"<p>Utomhusv\u00e4derstation \u2013 29.0367&nbsp;&nbsp;&nbsp;Denna eleganta, tidl\u00f6sa utomhusv\u00e4derstation \u00e4r tillverkad av material av h\u00f6gsta kvalitet. Inuti finns en barometer, hygrometer och termometer \u2013 alla n\u00f6dv\u00e4ndiga mekanismer f\u00f6r att observera och analysera v\u00e4dret. Dess f\u00f6rdelar \u00e4r enkelhet, tillf\u00f6rlitlighet och l\u00e4ttl\u00e4sthet. Produkten k\u00e4nnetecknas av h\u00f6gkvalitativa m\u00e4tningar. Den kr\u00e4ver inget s\u00e4rskilt underh\u00e5ll vid l\u00e5ngvarig anv\u00e4ndning.&nbsp;V\u00e4derstationen g\u00f6r det m\u00f6jligt att \u00f6vervaka de aktuella v\u00e4derf\u00f6rh\u00e5llandena i realtid. Detta g\u00f6r att mottagaren kan h\u00e5lla sig informerad om aktuell temperatur, luftfuktighet, atmosf\u00e4rstryck och andra v\u00e4derfaktorer utan att beh\u00f6va kolla prognosen p\u00e5 en telefon eller dator. De \u00e4r inte bara funktionella, utan ocks\u00e5 ett estetiskt dekorativt inslag. De kan vara ett elegant tillskott till tr\u00e4dg\u00e5rden, terrassen eller balkongen och f\u00f6rsk\u00f6na utomhusmilj\u00f6n. Om mottagaren av g\u00e5van \u00e4r intresserad av meteorologi, tr\u00e4dg\u00e5rdssk\u00f6tsel, landskapsfotografering eller andra v\u00e4derrelaterade omr\u00e5den, \u00e4r en utomhusv\u00e4derstation den perfekta g\u00e5van. Den ger m\u00f6jlighet att samla in och analysera v\u00e4derdata och f\u00f6rb\u00e4ttra sina kunskaper inom omr\u00e5det.R\u00e4ckvidd: Temperatur: -20 \u00b0C \u2013 50 \u00b0C Luftfuktighet: 20 % \u2013 98 % RH Atmosf\u00e4rstryck: 1060 hPA \u2013 960 hPA M\u00e5tt: 23 x 4,7 cm<\/p>\n","protected":false},"excerpt":{"rendered":"<p>Utomhusv\u00e4derstation \u2013 29.0367&nbsp;&nbsp;&nbsp;Denna eleganta, tidl\u00f6sa utomhusv\u00e4derstation \u00e4r tillverkad av material av h\u00f6gsta kvalitet. Inuti finns en barometer, hygrometer och termometer \u2013 alla n\u00f6dv\u00e4ndiga mekanismer f\u00f6r att observera och analysera v\u00e4dret. Dess f\u00f6rdelar \u00e4r enkelhet, tillf\u00f6rlitlighet och l\u00e4ttl\u00e4sthet. Produkten k\u00e4nnetecknas av h\u00f6gkvalitativa m\u00e4tningar. Den kr\u00e4ver inget s\u00e4rskilt underh\u00e5ll vid l\u00e5ngvarig anv\u00e4ndning.&nbsp;V\u00e4derstationen g\u00f6r det m\u00f6jligt att \u00f6vervaka [&hellip;]<\/p>\n","protected":false},"featured_media":44720,"comment_status":"open","ping_status":"closed","template":"","meta":[],"product_brand":[],"product_cat":[33],"product_tag":[],"class_list":{"0":"post-17294","1":"product","2":"type-product","3":"status-publish","4":"has-post-thumbnail","6":"product_cat-okategoriserad","8":"first","9":"instock","10":"shipping-taxable","11":"purchasable","12":"product-type-simple"},"_links":{"self":[{"href":"https:\/\/nordicmart.andreevmaster.com\/sv\/wp-json\/wp\/v2\/product\/17294","targetHints":{"allow":["GET"]}}],"collection":[{"href":"https:\/\/nordicmart.andreevmaster.com\/sv\/wp-json\/wp\/v2\/product"}],"about":[{"href":"https:\/\/nordicmart.andreevmaster.com\/sv\/wp-json\/wp\/v2\/types\/product"}],"replies":[{"embeddable":true,"href":"https:\/\/nordicmart.andreevmaster.com\/sv\/wp-json\/wp\/v2\/comments?post=17294"}],"wp:featuredmedia":[{"embeddable":true,"href":"https:\/\/nordicmart.andreevmaster.com\/sv\/wp-json\/wp\/v2\/media\/44720"}],"wp:attachment":[{"href":"https:\/\/nordicmart.andreevmaster.com\/sv\/wp-json\/wp\/v2\/media?parent=17294"}],"wp:term":[{"taxonomy":"product_brand","embeddable":true,"href":"https:\/\/nordicmart.andreevmaster.com\/sv\/wp-json\/wp\/v2\/product_brand?post=17294"},{"taxonomy":"product_cat","embeddable":true,"href":"https:\/\/nordicmart.andreevmaster.com\/sv\/wp-json\/wp\/v2\/product_cat?post=17294"},{"taxonomy":"product_tag","embeddable":true,"href":"https:\/\/nordicmart.andreevmaster.com\/sv\/wp-json\/wp\/v2\/product_tag?post=17294"}],"curies":[{"name":"wp","href":"https:\/\/api.w.org\/{rel}","templated":true}]}}