{"id":17293,"date":"2026-02-27T00:34:25","date_gmt":"2026-02-27T00:34:25","guid":{"rendered":"https:\/\/nordicmart.andreevmaster.com\/product\/rolly-toys-rollykid-case-1170-cvx-pedaltraktor-med-slapvagn-rod\/"},"modified":"2026-02-27T08:24:08","modified_gmt":"2026-02-27T08:24:08","slug":"rolly-toys-rollykid-case-1170-cvx-pedaltraktor-med-slapvagn-rod","status":"publish","type":"product","link":"https:\/\/nordicmart.andreevmaster.com\/sv\/produkt\/rolly-toys-rollykid-case-1170-cvx-pedaltraktor-med-slapvagn-rod\/","title":{"rendered":"Rolly Toys rollyKid Case 1170 CVX Pedaltraktor med sl\u00e4pvagn R\u00f6d"},"content":{"rendered":"<p>Pedaltraktorn rollyKid Case 1170 CV med sl\u00e4pvagn fr\u00e5n Rolly Toys \u00e4r en h\u00f6gkvalitativ \u00e5kleksak som \u00e4r utformad med de yngsta anv\u00e4ndarna i \u00e5tanke. Leksaken kommer att tj\u00e4na dina barn i m\u00e5nga \u00e5r och inte bara ge dem mycket gl\u00e4dje, utan ocks\u00e5 utveckla deras motorik och koordination. Denna r\u00f6da pedaltraktor \u00e4r det perfekta s\u00e4ttet att b\u00f6rja ett \u00e4ventyr med fordon, och dess design garanterar fullst\u00e4ndig s\u00e4kerhet under lek. Det inbyggda mekaniska systemet g\u00f6r den helt s\u00e4ker, och en m\u00e4ngd olika funktioner och extra tillbeh\u00f6r g\u00f6r att leksaken kan anpassas efter varje barns individuella behov. Traktorn har en \u00f6ppningsbar motorhuv, under vilken det finns ett fack f\u00f6r sm\u00e5 leksaker. Dessutom kan en rymlig sl\u00e4pvagn p\u00e5 hjul kopplas till traktorn, vilket ger ytterligare variation i ditt barns lek. <\/p>\n<p>EGENSKAPER: <\/p>\n<p>&#8211; Set \u2013 setet inneh\u00e5ller b\u00e5de en traktor och en sl\u00e4pvagn, vilket g\u00f6r leken \u00e4nnu roligare och g\u00f6r det m\u00f6jligt att transportera olika f\u00f6rem\u00e5l.<\/p>\n<p>&#8211; Extra bekv\u00e4mt ryggst\u00f6d p\u00e5 s\u00e4tet<\/p>\n<p>&#8211; \u00d6ppningsbar motorhuv fram \u2013 barnet kan \u00f6ppna traktorns motorhuv, som inneh\u00e5ller ett praktiskt f\u00f6rvaringsutrymme<\/p>\n<p>&#8211; Inbyggd, justerbar kedjedrift \u2013 hela det mekaniska systemet \u00e4r s\u00e4kert inneslutet, vilket skyddar barnet fr\u00e5n oavsiktliga skador.- Bakre dragkrok \u2013 tack vare den bakre dragkroken kan ytterligare tillbeh\u00f6r eller sl\u00e4pvagnar kopplas p\u00e5, vilket \u00f6kar traktorns funktionalitet. &#8211; Tillbeh\u00f6r som kan k\u00f6pas \u2013 olika Rolly Toys-tillbeh\u00f6r finns att k\u00f6pa till traktorn, vilket g\u00f6r det m\u00f6jligt att ut\u00f6ka och f\u00f6rb\u00e4ttra leksaken ytterligare.<\/p>\n","protected":false},"excerpt":{"rendered":"<p>Pedaltraktorn rollyKid Case 1170 CV med sl\u00e4pvagn fr\u00e5n Rolly Toys \u00e4r en h\u00f6gkvalitativ \u00e5kleksak som \u00e4r utformad med de yngsta anv\u00e4ndarna i \u00e5tanke. Leksaken kommer att tj\u00e4na dina barn i m\u00e5nga \u00e5r och inte bara ge dem mycket gl\u00e4dje, utan ocks\u00e5 utveckla deras motorik och koordination. Denna r\u00f6da pedaltraktor \u00e4r det perfekta s\u00e4ttet att b\u00f6rja [&hellip;]<\/p>\n","protected":false},"featured_media":0,"comment_status":"open","ping_status":"closed","template":"","meta":[],"product_brand":[],"product_cat":[33],"product_tag":[],"class_list":{"0":"post-17293","1":"product","2":"type-product","3":"status-publish","5":"product_cat-okategoriserad","7":"first","8":"instock","9":"shipping-taxable","10":"purchasable","11":"product-type-simple"},"_links":{"self":[{"href":"https:\/\/nordicmart.andreevmaster.com\/sv\/wp-json\/wp\/v2\/product\/17293","targetHints":{"allow":["GET"]}}],"collection":[{"href":"https:\/\/nordicmart.andreevmaster.com\/sv\/wp-json\/wp\/v2\/product"}],"about":[{"href":"https:\/\/nordicmart.andreevmaster.com\/sv\/wp-json\/wp\/v2\/types\/product"}],"replies":[{"embeddable":true,"href":"https:\/\/nordicmart.andreevmaster.com\/sv\/wp-json\/wp\/v2\/comments?post=17293"}],"wp:attachment":[{"href":"https:\/\/nordicmart.andreevmaster.com\/sv\/wp-json\/wp\/v2\/media?parent=17293"}],"wp:term":[{"taxonomy":"product_brand","embeddable":true,"href":"https:\/\/nordicmart.andreevmaster.com\/sv\/wp-json\/wp\/v2\/product_brand?post=17293"},{"taxonomy":"product_cat","embeddable":true,"href":"https:\/\/nordicmart.andreevmaster.com\/sv\/wp-json\/wp\/v2\/product_cat?post=17293"},{"taxonomy":"product_tag","embeddable":true,"href":"https:\/\/nordicmart.andreevmaster.com\/sv\/wp-json\/wp\/v2\/product_tag?post=17293"}],"curies":[{"name":"wp","href":"https:\/\/api.w.org\/{rel}","templated":true}]}}