{"id":17292,"date":"2026-02-27T00:34:25","date_gmt":"2026-02-27T00:34:25","guid":{"rendered":"https:\/\/nordicmart.andreevmaster.com\/product\/mini-violin-hojd-18-cm-min-0030\/"},"modified":"2026-02-27T08:24:08","modified_gmt":"2026-02-27T08:24:08","slug":"mini-violin-hojd-18-cm-min-0030","status":"publish","type":"product","link":"https:\/\/nordicmart.andreevmaster.com\/sv\/produkt\/mini-violin-hojd-18-cm-min-0030\/","title":{"rendered":"Mini violin, h\u00f6jd 18 cm \u2013 MIN-0030"},"content":{"rendered":"<p>Mini violin, h\u00f6jd 18 cm &#8211; MIN-0030 &nbsp;&nbsp;Mini violin MIN-0030 \u00e4r ett intressant samlarobjekt som kommer att gl\u00e4dja \u00e4lskare av musik och konsthantverk. Den \u00e4r perfekt som en liten present till musik\u00e4lskare.&nbsp;&nbsp;Produktinformation: &nbsp;H\u00f6jd 18 cmHandgjordMaterial: harts, samlarobjektHandgjord produktKonsthantverksprodukt. Denna produkt \u00e4r inte en leksak.&nbsp;<\/p>\n","protected":false},"excerpt":{"rendered":"<p>Mini violin, h\u00f6jd 18 cm &#8211; MIN-0030 &nbsp;&nbsp;Mini violin MIN-0030 \u00e4r ett intressant samlarobjekt som kommer att gl\u00e4dja \u00e4lskare av musik och konsthantverk. Den \u00e4r perfekt som en liten present till musik\u00e4lskare.&nbsp;&nbsp;Produktinformation: &nbsp;H\u00f6jd 18 cmHandgjordMaterial: harts, samlarobjektHandgjord produktKonsthantverksprodukt. Denna produkt \u00e4r inte en leksak.&nbsp;<\/p>\n","protected":false},"featured_media":44719,"comment_status":"open","ping_status":"closed","template":"","meta":[],"product_brand":[],"product_cat":[33],"product_tag":[],"class_list":{"0":"post-17292","1":"product","2":"type-product","3":"status-publish","4":"has-post-thumbnail","6":"product_cat-okategoriserad","8":"first","9":"instock","10":"shipping-taxable","11":"purchasable","12":"product-type-simple"},"_links":{"self":[{"href":"https:\/\/nordicmart.andreevmaster.com\/sv\/wp-json\/wp\/v2\/product\/17292","targetHints":{"allow":["GET"]}}],"collection":[{"href":"https:\/\/nordicmart.andreevmaster.com\/sv\/wp-json\/wp\/v2\/product"}],"about":[{"href":"https:\/\/nordicmart.andreevmaster.com\/sv\/wp-json\/wp\/v2\/types\/product"}],"replies":[{"embeddable":true,"href":"https:\/\/nordicmart.andreevmaster.com\/sv\/wp-json\/wp\/v2\/comments?post=17292"}],"wp:featuredmedia":[{"embeddable":true,"href":"https:\/\/nordicmart.andreevmaster.com\/sv\/wp-json\/wp\/v2\/media\/44719"}],"wp:attachment":[{"href":"https:\/\/nordicmart.andreevmaster.com\/sv\/wp-json\/wp\/v2\/media?parent=17292"}],"wp:term":[{"taxonomy":"product_brand","embeddable":true,"href":"https:\/\/nordicmart.andreevmaster.com\/sv\/wp-json\/wp\/v2\/product_brand?post=17292"},{"taxonomy":"product_cat","embeddable":true,"href":"https:\/\/nordicmart.andreevmaster.com\/sv\/wp-json\/wp\/v2\/product_cat?post=17292"},{"taxonomy":"product_tag","embeddable":true,"href":"https:\/\/nordicmart.andreevmaster.com\/sv\/wp-json\/wp\/v2\/product_tag?post=17292"}],"curies":[{"name":"wp","href":"https:\/\/api.w.org\/{rel}","templated":true}]}}