{"id":17291,"date":"2026-02-27T00:34:25","date_gmt":"2026-02-27T00:34:25","guid":{"rendered":"https:\/\/nordicmart.andreevmaster.com\/product\/exklusivt-skrivbordsset-barometer-och-klocka-28-5161\/"},"modified":"2026-02-27T08:24:08","modified_gmt":"2026-02-27T08:24:08","slug":"exklusivt-skrivbordsset-barometer-och-klocka-28-5161","status":"publish","type":"product","link":"https:\/\/nordicmart.andreevmaster.com\/sv\/produkt\/exklusivt-skrivbordsset-barometer-och-klocka-28-5161\/","title":{"rendered":"Exklusivt skrivbordsset: barometer och klocka &#8211; 28.5161"},"content":{"rendered":"<p>Exklusivt skrivbordsset: barometer och klocka \u2013 28.5161&nbsp;&nbsp;Vi presenterar ett exklusivt och sofistikerat skrivbordsset, den perfekta kombinationen av stil och funktionalitet. Detta vackert utformade skrivbordsset best\u00e5r av en barometer och en klocka, inramade i en m\u00f6rkbrun tr\u00e4ram med m\u00e4ssingsdetaljer runt varje instrument. Den klassiska och eleganta formen g\u00f6r att det passar perfekt i alla kontor med k\u00e4nsla f\u00f6r sofistikering och stil. Oavsett om du \u00e4r v\u00e4derentusiast eller bara letar efter ett praktiskt och snyggt s\u00e4tt att h\u00e5lla koll p\u00e5 tiden och barometertrycket \u00e4r detta skrivbordsset det perfekta valet. Det \u00e4r ocks\u00e5 en utm\u00e4rkt present till alla som uppskattar de finare sakerna i livet och vill ge sin arbetsplats en touch av elegans.&nbsp;&nbsp;M\u00e5tt:&nbsp;190x120x55 mm&nbsp;R\u00e4ckvidd:&nbsp;Temperatur &#8211; -20 \u00b0C till 50 \u00b0C. Celsius Luftfuktighet 20 % &#8211; 98 % Tryck: 1060 hPa &#8211; 960 hPaNoggrannhet: Temperatur: +\/- 2 grader. Luftfuktighet: 20 %\u201345 % \u2013 noggrannhet +\/-9 % 45 %\u201375 % \u2013 noggrannhet +\/-6 % 75 %\u201398 % \u2013 noggrannhet +\/-9 % Atmosf\u00e4rstryck: 1060 hPa &#8211; 1030 hPa +\/-10 hPa1030 hPa &#8211; 990 hPa +\/- 5 hPa990 hPa &#8211; 960 hPa +\/-10 hPa&nbsp;&nbsp;Vi rekommenderar att du placerar v\u00e4derstationen p\u00e5 en plats som inte \u00e4r utsatt f\u00f6r direkt solljus, med tillg\u00e5ng till frisk luft och skydd mot korrosion.&nbsp;Undvik kontakt med vatten, \u00e5nga eller vibrationer.&nbsp;Barometern \u00e4r fabriksinst\u00e4lld. Fabriksinst\u00e4llda tryckm\u00e4tningar b\u00f6r dock kontrolleras. Det beror p\u00e5 v\u00e5r plats \u2013 h\u00f6jden \u00f6ver havet. Trycket kommer att skilja sig \u00e5t, till exempel \u00f6ver havet och i bergen. Innan du startar enheten b\u00f6r du d\u00e4rf\u00f6r st\u00e4lla in barometerns utg\u00e5ng med hj\u00e4lp av den guldf\u00e4rgade skruven p\u00e5 enhetens baksida. Du beh\u00f6ver en liten skruvmejsel. F\u00f6r detta \u00e4ndam\u00e5l \u00e4r det b\u00e4st att h\u00e4nvisa till avl\u00e4sningen p\u00e5 en annan barometer eller kontrollera trycket f\u00f6r din ort, till exempel p\u00e5 Internet. Efter att du har st\u00e4llt in r\u00e4tt tryck rekommenderar vi att du knackar l\u00e4tt p\u00e5 glaset f\u00f6r att stimulera barometern att fungera.<\/p>\n","protected":false},"excerpt":{"rendered":"<p>Exklusivt skrivbordsset: barometer och klocka \u2013 28.5161&nbsp;&nbsp;Vi presenterar ett exklusivt och sofistikerat skrivbordsset, den perfekta kombinationen av stil och funktionalitet. Detta vackert utformade skrivbordsset best\u00e5r av en barometer och en klocka, inramade i en m\u00f6rkbrun tr\u00e4ram med m\u00e4ssingsdetaljer runt varje instrument. Den klassiska och eleganta formen g\u00f6r att det passar perfekt i alla kontor med [&hellip;]<\/p>\n","protected":false},"featured_media":44718,"comment_status":"open","ping_status":"closed","template":"","meta":[],"product_brand":[],"product_cat":[33],"product_tag":[],"class_list":{"0":"post-17291","1":"product","2":"type-product","3":"status-publish","4":"has-post-thumbnail","6":"product_cat-okategoriserad","8":"first","9":"instock","10":"shipping-taxable","11":"purchasable","12":"product-type-simple"},"_links":{"self":[{"href":"https:\/\/nordicmart.andreevmaster.com\/sv\/wp-json\/wp\/v2\/product\/17291","targetHints":{"allow":["GET"]}}],"collection":[{"href":"https:\/\/nordicmart.andreevmaster.com\/sv\/wp-json\/wp\/v2\/product"}],"about":[{"href":"https:\/\/nordicmart.andreevmaster.com\/sv\/wp-json\/wp\/v2\/types\/product"}],"replies":[{"embeddable":true,"href":"https:\/\/nordicmart.andreevmaster.com\/sv\/wp-json\/wp\/v2\/comments?post=17291"}],"wp:featuredmedia":[{"embeddable":true,"href":"https:\/\/nordicmart.andreevmaster.com\/sv\/wp-json\/wp\/v2\/media\/44718"}],"wp:attachment":[{"href":"https:\/\/nordicmart.andreevmaster.com\/sv\/wp-json\/wp\/v2\/media?parent=17291"}],"wp:term":[{"taxonomy":"product_brand","embeddable":true,"href":"https:\/\/nordicmart.andreevmaster.com\/sv\/wp-json\/wp\/v2\/product_brand?post=17291"},{"taxonomy":"product_cat","embeddable":true,"href":"https:\/\/nordicmart.andreevmaster.com\/sv\/wp-json\/wp\/v2\/product_cat?post=17291"},{"taxonomy":"product_tag","embeddable":true,"href":"https:\/\/nordicmart.andreevmaster.com\/sv\/wp-json\/wp\/v2\/product_tag?post=17291"}],"curies":[{"name":"wp","href":"https:\/\/api.w.org\/{rel}","templated":true}]}}