{"id":17288,"date":"2026-02-27T00:34:24","date_gmt":"2026-02-27T00:34:24","guid":{"rendered":"https:\/\/nordicmart.andreevmaster.com\/product\/classic-world-edu-zebra-musikaliskt-vaggbrade\/"},"modified":"2026-02-27T08:24:07","modified_gmt":"2026-02-27T08:24:07","slug":"classic-world-edu-zebra-musikaliskt-vaggbrade","status":"publish","type":"product","link":"https:\/\/nordicmart.andreevmaster.com\/sv\/produkt\/classic-world-edu-zebra-musikaliskt-vaggbrade\/","title":{"rendered":"CLASSIC WORLD EDU ZEBRA Musikaliskt v\u00e4ggbr\u00e4de"},"content":{"rendered":"<p>Zebra Musical Board fr\u00e5n CLASSIC WORLD \u00e4r det perfekta tillskottet till alla klassrum. Den uppmuntrar barn att experimentera med musik och utvecklar deras lyssningsf\u00f6rm\u00e5ga. Musik \u00e4r ett utm\u00e4rkt verktyg f\u00f6r att stimulera barns \u00f6vergripande utveckling. Ett professionellt set f\u00f6r ditt barn.<\/p>\n<p>Egenskaper:<\/p>\n<p>* &#8211; leksak f\u00f6r barn fr\u00e5n 3 \u00e5r<br \/>\n* &#8211; det perfekta tillskottet till alla klassrum<br \/>\n* &#8211; uppmuntrar utvecklingen av musikalisk utbildning<br \/>\n* &#8211; l\u00e4tt att montera<br \/>\n* &#8211; tillverkad av h\u00f6gkvalitativt tr\u00e4 &#8211; professionell<br \/>\n* &#8211; m\u00e5lad med giftfri impregnering<\/p>\n<p>Eko-leksaker \u00e4r designade f\u00f6r de yngsta barnen och \u00e4r tillverkade av helt naturliga, biologiskt nedbrytbara och allergiv\u00e4nliga material, vilket g\u00f6r dem 100 % s\u00e4kra och ofarliga, inte bara f\u00f6r milj\u00f6n utan ocks\u00e5 f\u00f6r ditt barn.<\/p>\n","protected":false},"excerpt":{"rendered":"<p>Zebra Musical Board fr\u00e5n CLASSIC WORLD \u00e4r det perfekta tillskottet till alla klassrum. Den uppmuntrar barn att experimentera med musik och utvecklar deras lyssningsf\u00f6rm\u00e5ga. Musik \u00e4r ett utm\u00e4rkt verktyg f\u00f6r att stimulera barns \u00f6vergripande utveckling. Ett professionellt set f\u00f6r ditt barn. Egenskaper: * &#8211; leksak f\u00f6r barn fr\u00e5n 3 \u00e5r * &#8211; det perfekta tillskottet [&hellip;]<\/p>\n","protected":false},"featured_media":0,"comment_status":"open","ping_status":"closed","template":"","meta":[],"product_brand":[],"product_cat":[33],"product_tag":[],"class_list":{"0":"post-17288","1":"product","2":"type-product","3":"status-publish","5":"product_cat-okategoriserad","7":"first","8":"instock","9":"shipping-taxable","10":"purchasable","11":"product-type-simple"},"_links":{"self":[{"href":"https:\/\/nordicmart.andreevmaster.com\/sv\/wp-json\/wp\/v2\/product\/17288","targetHints":{"allow":["GET"]}}],"collection":[{"href":"https:\/\/nordicmart.andreevmaster.com\/sv\/wp-json\/wp\/v2\/product"}],"about":[{"href":"https:\/\/nordicmart.andreevmaster.com\/sv\/wp-json\/wp\/v2\/types\/product"}],"replies":[{"embeddable":true,"href":"https:\/\/nordicmart.andreevmaster.com\/sv\/wp-json\/wp\/v2\/comments?post=17288"}],"wp:attachment":[{"href":"https:\/\/nordicmart.andreevmaster.com\/sv\/wp-json\/wp\/v2\/media?parent=17288"}],"wp:term":[{"taxonomy":"product_brand","embeddable":true,"href":"https:\/\/nordicmart.andreevmaster.com\/sv\/wp-json\/wp\/v2\/product_brand?post=17288"},{"taxonomy":"product_cat","embeddable":true,"href":"https:\/\/nordicmart.andreevmaster.com\/sv\/wp-json\/wp\/v2\/product_cat?post=17288"},{"taxonomy":"product_tag","embeddable":true,"href":"https:\/\/nordicmart.andreevmaster.com\/sv\/wp-json\/wp\/v2\/product_tag?post=17288"}],"curies":[{"name":"wp","href":"https:\/\/api.w.org\/{rel}","templated":true}]}}