{"id":17285,"date":"2026-02-27T00:34:23","date_gmt":"2026-02-27T00:34:23","guid":{"rendered":"https:\/\/nordicmart.andreevmaster.com\/product\/rolly-toys-xxl-garden-chess-giant-set-med-64-cm-schackbrade\/"},"modified":"2026-02-27T08:24:07","modified_gmt":"2026-02-27T08:24:07","slug":"rolly-toys-xxl-garden-chess-giant-set-med-64-cm-schackbrade","status":"publish","type":"product","link":"https:\/\/nordicmart.andreevmaster.com\/sv\/produkt\/rolly-toys-xxl-garden-chess-giant-set-med-64-cm-schackbrade\/","title":{"rendered":"ROLLY TOYS XXL Garden Chess Giant Set med 64 cm schackbr\u00e4de"},"content":{"rendered":"<p>H\u00f6gkvalitativt tr\u00e4dg\u00e5rdsschackset f\u00f6r utomhusspel, som kan spelas var som helst d\u00e4r det finns tillr\u00e4ckligt med utrymme. Ett stort schackbr\u00e4de i plast f\u00f6r tr\u00e4dg\u00e5rdsschack (ing\u00e5r) \u00e4r ocks\u00e5 ett perfekt komplement till tr\u00e4dg\u00e5rdsschacksetet. Utomhussammankomster med familj och v\u00e4nner, t.ex. vid en grillfest, kan nu g\u00f6ras \u00e4nnu roligare med spektakul\u00e4ra spel som g\u00e4sterna s\u00e4kert kommer att uppskatta. En ny dimension av schack \u00e4r r\u00f6relse och aktivitet utomhus, och eftersom r\u00f6relse \u00e4r h\u00e4lsosamt kommer tr\u00e4dg\u00e5rdsschack inte bara att utveckla sinnet utan ocks\u00e5 ha en positiv effekt p\u00e5 kroppen. Denna unika underh\u00e5llning kommer att locka v\u00e4nner och bekanta, eftersom det \u00e4r s\u00e4llsynt att ha m\u00f6jlighet att spela ett s\u00e5dant spel i s\u00e5 storslagen stil. Egenskaper: plastpj\u00e4ser kungens h\u00f6jd: ca 47 cm bondeh\u00f6jd: 43 cm (drottning &#8211; 63 cm, springare &#8211; 46 cm, l\u00f6pare &#8211; 45 cm, torn &#8211; 42 cm) pj\u00e4sernas basdiameter ca 22 cm f\u00e4rg: vit och svart vikt: 25,00 kg. Botten p\u00e5 pj\u00e4serna kan skruvas loss s\u00e5 att sand kan h\u00e4llas inuti f\u00f6r att g\u00f6ra pj\u00e4serna mer stabila. Snabb montering av plastmattor. M\u00e5tt p\u00e5 en matta: ca 35 x 35 cm. F\u00f6rpackning: L\u00e5da: 72 x 49 x 77 h\u00f6jd\/cm\/ L\u00e5da: 75 x 50 x 64 h\u00f6jd\/cm\/<\/p>\n","protected":false},"excerpt":{"rendered":"<p>H\u00f6gkvalitativt tr\u00e4dg\u00e5rdsschackset f\u00f6r utomhusspel, som kan spelas var som helst d\u00e4r det finns tillr\u00e4ckligt med utrymme. Ett stort schackbr\u00e4de i plast f\u00f6r tr\u00e4dg\u00e5rdsschack (ing\u00e5r) \u00e4r ocks\u00e5 ett perfekt komplement till tr\u00e4dg\u00e5rdsschacksetet. Utomhussammankomster med familj och v\u00e4nner, t.ex. vid en grillfest, kan nu g\u00f6ras \u00e4nnu roligare med spektakul\u00e4ra spel som g\u00e4sterna s\u00e4kert kommer att uppskatta. En [&hellip;]<\/p>\n","protected":false},"featured_media":0,"comment_status":"open","ping_status":"closed","template":"","meta":[],"product_brand":[],"product_cat":[33],"product_tag":[],"class_list":{"0":"post-17285","1":"product","2":"type-product","3":"status-publish","5":"product_cat-okategoriserad","7":"first","8":"instock","9":"shipping-taxable","10":"purchasable","11":"product-type-simple"},"_links":{"self":[{"href":"https:\/\/nordicmart.andreevmaster.com\/sv\/wp-json\/wp\/v2\/product\/17285","targetHints":{"allow":["GET"]}}],"collection":[{"href":"https:\/\/nordicmart.andreevmaster.com\/sv\/wp-json\/wp\/v2\/product"}],"about":[{"href":"https:\/\/nordicmart.andreevmaster.com\/sv\/wp-json\/wp\/v2\/types\/product"}],"replies":[{"embeddable":true,"href":"https:\/\/nordicmart.andreevmaster.com\/sv\/wp-json\/wp\/v2\/comments?post=17285"}],"wp:attachment":[{"href":"https:\/\/nordicmart.andreevmaster.com\/sv\/wp-json\/wp\/v2\/media?parent=17285"}],"wp:term":[{"taxonomy":"product_brand","embeddable":true,"href":"https:\/\/nordicmart.andreevmaster.com\/sv\/wp-json\/wp\/v2\/product_brand?post=17285"},{"taxonomy":"product_cat","embeddable":true,"href":"https:\/\/nordicmart.andreevmaster.com\/sv\/wp-json\/wp\/v2\/product_cat?post=17285"},{"taxonomy":"product_tag","embeddable":true,"href":"https:\/\/nordicmart.andreevmaster.com\/sv\/wp-json\/wp\/v2\/product_tag?post=17285"}],"curies":[{"name":"wp","href":"https:\/\/api.w.org\/{rel}","templated":true}]}}